{"id":2373,"date":"2025-02-11T09:45:24","date_gmt":"2025-02-11T09:45:24","guid":{"rendered":"https:\/\/www.top-queens.co.uk\/product\/2373.html"},"modified":"2025-02-11T09:45:24","modified_gmt":"2025-02-11T09:45:24","slug":"advanced-customization-new-chinese-retro-style-elegant-and-luxurious-lace-cheongsam-engagement-wedding-dress","status":"publish","type":"product","link":"https:\/\/www.top-queens.co.uk\/fr\/product\/2373.html","title":{"rendered":"Options de personnalisation avanc\u00e9es, de nouvelles Chinois r\u00e9tro style \u00c9l\u00e9gant et luxueux de la Dentelle cheongsam engagement de la robe de mari\u00e9e"},"content":{"rendered":"<p><img loading=\"lazy\" decoding=\"async\" src=\"https:\/\/www.top-queens.co.uk\/wp-content\/uploads\/2025\/02\/2025021109435566.jpg\"  width=\"1200\" height=\"1200\" class=\"alignnone size-full wp-image-2383\" srcset=\"https:\/\/www.top-queens.co.uk\/wp-content\/uploads\/2025\/02\/2025021109435566.jpg 1200w, https:\/\/www.top-queens.co.uk\/wp-content\/uploads\/2025\/02\/2025021109435566-300x300.jpg 300w, https:\/\/www.top-queens.co.uk\/wp-content\/uploads\/2025\/02\/2025021109435566-1024x1024.jpg 1024w, https:\/\/www.top-queens.co.uk\/wp-content\/uploads\/2025\/02\/2025021109435566-150x150.jpg 150w, https:\/\/www.top-queens.co.uk\/wp-content\/uploads\/2025\/02\/2025021109435566-768x768.jpg 768w, https:\/\/www.top-queens.co.uk\/wp-content\/uploads\/2025\/02\/2025021109435566-600x600.jpg 600w, https:\/\/www.top-queens.co.uk\/wp-content\/uploads\/2025\/02\/2025021109435566-100x100.jpg 100w\" sizes=\"auto, (max-width: 1200px) 100vw, 1200px\" title=\"Options de personnalisation avanc\u00e9es, de nouvelles Chinois r\u00e9tro style \u00c9l\u00e9gant et luxueux de la Dentelle cheongsam engagement de la robe de mari\u00e9e\" alt=\"Advanced customization, new Chinese retro style Elegant and luxurious Lace cheongsam engagement wedding dress\" \/><\/p>\n<p><img loading=\"lazy\" decoding=\"async\" src=\"https:\/\/www.top-queens.co.uk\/wp-content\/uploads\/2025\/02\/2025021109425570.jpg\"  width=\"1200\" height=\"1200\" class=\"alignnone size-full wp-image-2374\" srcset=\"https:\/\/www.top-queens.co.uk\/wp-content\/uploads\/2025\/02\/2025021109425570.jpg 1200w, https:\/\/www.top-queens.co.uk\/wp-content\/uploads\/2025\/02\/2025021109425570-300x300.jpg 300w, https:\/\/www.top-queens.co.uk\/wp-content\/uploads\/2025\/02\/2025021109425570-1024x1024.jpg 1024w, https:\/\/www.top-queens.co.uk\/wp-content\/uploads\/2025\/02\/2025021109425570-150x150.jpg 150w, https:\/\/www.top-queens.co.uk\/wp-content\/uploads\/2025\/02\/2025021109425570-768x768.jpg 768w, https:\/\/www.top-queens.co.uk\/wp-content\/uploads\/2025\/02\/2025021109425570-600x600.jpg 600w, https:\/\/www.top-queens.co.uk\/wp-content\/uploads\/2025\/02\/2025021109425570-100x100.jpg 100w\" sizes=\"auto, (max-width: 1200px) 100vw, 1200px\" title=\"Options de personnalisation avanc\u00e9es, de nouvelles Chinois r\u00e9tro style \u00c9l\u00e9gant et luxueux de la Dentelle cheongsam engagement de la robe de mari\u00e9e\" alt=\"Advanced customization, new Chinese retro style Elegant and luxurious Lace cheongsam engagement wedding dress\" \/><\/p>\n<p><img loading=\"lazy\" decoding=\"async\" src=\"https:\/\/www.top-queens.co.uk\/wp-content\/uploads\/2025\/02\/2025021109425999.jpg\"  width=\"1200\" height=\"1200\" class=\"alignnone size-full wp-image-2375\" srcset=\"https:\/\/www.top-queens.co.uk\/wp-content\/uploads\/2025\/02\/2025021109425999.jpg 1200w, https:\/\/www.top-queens.co.uk\/wp-content\/uploads\/2025\/02\/2025021109425999-300x300.jpg 300w, https:\/\/www.top-queens.co.uk\/wp-content\/uploads\/2025\/02\/2025021109425999-1024x1024.jpg 1024w, https:\/\/www.top-queens.co.uk\/wp-content\/uploads\/2025\/02\/2025021109425999-150x150.jpg 150w, https:\/\/www.top-queens.co.uk\/wp-content\/uploads\/2025\/02\/2025021109425999-768x768.jpg 768w, https:\/\/www.top-queens.co.uk\/wp-content\/uploads\/2025\/02\/2025021109425999-600x600.jpg 600w, https:\/\/www.top-queens.co.uk\/wp-content\/uploads\/2025\/02\/2025021109425999-100x100.jpg 100w\" sizes=\"auto, (max-width: 1200px) 100vw, 1200px\" title=\"Options de personnalisation avanc\u00e9es, de nouvelles Chinois r\u00e9tro style \u00c9l\u00e9gant et luxueux de la Dentelle cheongsam engagement de la robe de mari\u00e9e\" alt=\"Advanced customization, new Chinese retro style Elegant and luxurious Lace cheongsam engagement wedding dress\" \/><\/p>\n<p><img loading=\"lazy\" decoding=\"async\" src=\"https:\/\/www.top-queens.co.uk\/wp-content\/uploads\/2025\/02\/202502110943038.jpg\"  width=\"750\" height=\"564\" class=\"alignnone size-full wp-image-2376\" srcset=\"https:\/\/www.top-queens.co.uk\/wp-content\/uploads\/2025\/02\/202502110943038.jpg 750w, https:\/\/www.top-queens.co.uk\/wp-content\/uploads\/2025\/02\/202502110943038-300x226.jpg 300w, https:\/\/www.top-queens.co.uk\/wp-content\/uploads\/2025\/02\/202502110943038-600x451.jpg 600w\" sizes=\"auto, (max-width: 750px) 100vw, 750px\" title=\"Options de personnalisation avanc\u00e9es, de nouvelles Chinois r\u00e9tro style \u00c9l\u00e9gant et luxueux de la Dentelle cheongsam engagement de la robe de mari\u00e9e\" alt=\"Advanced customization, new Chinese retro style Elegant and luxurious Lace cheongsam engagement wedding dress\" \/><\/p>\n<p><img loading=\"lazy\" decoding=\"async\" src=\"https:\/\/www.top-queens.co.uk\/wp-content\/uploads\/2025\/02\/2025021109430667.jpg\"  width=\"750\" height=\"1430\" class=\"alignnone size-full wp-image-2377\" srcset=\"https:\/\/www.top-queens.co.uk\/wp-content\/uploads\/2025\/02\/2025021109430667.jpg 750w, https:\/\/www.top-queens.co.uk\/wp-content\/uploads\/2025\/02\/2025021109430667-157x300.jpg 157w, https:\/\/www.top-queens.co.uk\/wp-content\/uploads\/2025\/02\/2025021109430667-537x1024.jpg 537w, https:\/\/www.top-queens.co.uk\/wp-content\/uploads\/2025\/02\/2025021109430667-600x1144.jpg 600w\" sizes=\"auto, (max-width: 750px) 100vw, 750px\" title=\"Options de personnalisation avanc\u00e9es, de nouvelles Chinois r\u00e9tro style \u00c9l\u00e9gant et luxueux de la Dentelle cheongsam engagement de la robe de mari\u00e9e\" alt=\"Advanced customization, new Chinese retro style Elegant and luxurious Lace cheongsam engagement wedding dress\" \/><\/p>\n<p><img loading=\"lazy\" decoding=\"async\" src=\"https:\/\/www.top-queens.co.uk\/wp-content\/uploads\/2025\/02\/2025021109431032.jpg\"  width=\"750\" height=\"1024\" class=\"alignnone size-full wp-image-2378\" srcset=\"https:\/\/www.top-queens.co.uk\/wp-content\/uploads\/2025\/02\/2025021109431032.jpg 750w, https:\/\/www.top-queens.co.uk\/wp-content\/uploads\/2025\/02\/2025021109431032-220x300.jpg 220w, https:\/\/www.top-queens.co.uk\/wp-content\/uploads\/2025\/02\/2025021109431032-600x819.jpg 600w\" sizes=\"auto, (max-width: 750px) 100vw, 750px\" title=\"Options de personnalisation avanc\u00e9es, de nouvelles Chinois r\u00e9tro style \u00c9l\u00e9gant et luxueux de la Dentelle cheongsam engagement de la robe de mari\u00e9e\" alt=\"Advanced customization, new Chinese retro style Elegant and luxurious Lace cheongsam engagement wedding dress\" \/><\/p>\n<p><img loading=\"lazy\" decoding=\"async\" src=\"https:\/\/www.top-queens.co.uk\/wp-content\/uploads\/2025\/02\/2025021109431370.jpg\"  width=\"750\" height=\"1226\" class=\"alignnone size-full wp-image-2379\" srcset=\"https:\/\/www.top-queens.co.uk\/wp-content\/uploads\/2025\/02\/2025021109431370.jpg 750w, https:\/\/www.top-queens.co.uk\/wp-content\/uploads\/2025\/02\/2025021109431370-184x300.jpg 184w, https:\/\/www.top-queens.co.uk\/wp-content\/uploads\/2025\/02\/2025021109431370-626x1024.jpg 626w, https:\/\/www.top-queens.co.uk\/wp-content\/uploads\/2025\/02\/2025021109431370-600x981.jpg 600w\" sizes=\"auto, (max-width: 750px) 100vw, 750px\" title=\"Options de personnalisation avanc\u00e9es, de nouvelles Chinois r\u00e9tro style \u00c9l\u00e9gant et luxueux de la Dentelle cheongsam engagement de la robe de mari\u00e9e\" alt=\"Advanced customization, new Chinese retro style Elegant and luxurious Lace cheongsam engagement wedding dress\" \/><\/p>\n<p><img loading=\"lazy\" decoding=\"async\" src=\"https:\/\/www.top-queens.co.uk\/wp-content\/uploads\/2025\/02\/2025021109431930-scaled.jpg\"  width=\"1653\" height=\"2560\" class=\"alignnone size-full wp-image-2380\" srcset=\"https:\/\/www.top-queens.co.uk\/wp-content\/uploads\/2025\/02\/2025021109431930-scaled.jpg 1653w, https:\/\/www.top-queens.co.uk\/wp-content\/uploads\/2025\/02\/2025021109431930-194x300.jpg 194w, https:\/\/www.top-queens.co.uk\/wp-content\/uploads\/2025\/02\/2025021109431930-661x1024.jpg 661w, https:\/\/www.top-queens.co.uk\/wp-content\/uploads\/2025\/02\/2025021109431930-768x1189.jpg 768w, https:\/\/www.top-queens.co.uk\/wp-content\/uploads\/2025\/02\/2025021109431930-992x1536.jpg 992w, https:\/\/www.top-queens.co.uk\/wp-content\/uploads\/2025\/02\/2025021109431930-1323x2048.jpg 1323w, https:\/\/www.top-queens.co.uk\/wp-content\/uploads\/2025\/02\/2025021109431930-600x929.jpg 600w\" sizes=\"auto, (max-width: 1653px) 100vw, 1653px\" title=\"Options de personnalisation avanc\u00e9es, de nouvelles Chinois r\u00e9tro style \u00c9l\u00e9gant et luxueux de la Dentelle cheongsam engagement de la robe de mari\u00e9e\" alt=\"Advanced customization, new Chinese retro style Elegant and luxurious Lace cheongsam engagement wedding dress\" \/><\/p>\n<p><img loading=\"lazy\" decoding=\"async\" src=\"https:\/\/www.top-queens.co.uk\/wp-content\/uploads\/2025\/02\/2025021109432935-scaled.jpg\"  width=\"1653\" height=\"2560\" class=\"alignnone size-full wp-image-2381\" srcset=\"https:\/\/www.top-queens.co.uk\/wp-content\/uploads\/2025\/02\/2025021109432935-scaled.jpg 1653w, https:\/\/www.top-queens.co.uk\/wp-content\/uploads\/2025\/02\/2025021109432935-194x300.jpg 194w, https:\/\/www.top-queens.co.uk\/wp-content\/uploads\/2025\/02\/2025021109432935-661x1024.jpg 661w, https:\/\/www.top-queens.co.uk\/wp-content\/uploads\/2025\/02\/2025021109432935-768x1189.jpg 768w, https:\/\/www.top-queens.co.uk\/wp-content\/uploads\/2025\/02\/2025021109432935-992x1536.jpg 992w, https:\/\/www.top-queens.co.uk\/wp-content\/uploads\/2025\/02\/2025021109432935-1323x2048.jpg 1323w, https:\/\/www.top-queens.co.uk\/wp-content\/uploads\/2025\/02\/2025021109432935-600x929.jpg 600w\" sizes=\"auto, (max-width: 1653px) 100vw, 1653px\" title=\"Options de personnalisation avanc\u00e9es, de nouvelles Chinois r\u00e9tro style \u00c9l\u00e9gant et luxueux de la Dentelle cheongsam engagement de la robe de mari\u00e9e\" alt=\"Advanced customization, new Chinese retro style Elegant and luxurious Lace cheongsam engagement wedding dress\" \/><\/p>\n<p><img loading=\"lazy\" decoding=\"async\" src=\"https:\/\/www.top-queens.co.uk\/wp-content\/uploads\/2025\/02\/2025021109434120-scaled.jpg\"  width=\"1653\" height=\"2560\" class=\"alignnone size-full wp-image-2382\" srcset=\"https:\/\/www.top-queens.co.uk\/wp-content\/uploads\/2025\/02\/2025021109434120-scaled.jpg 1653w, https:\/\/www.top-queens.co.uk\/wp-content\/uploads\/2025\/02\/2025021109434120-194x300.jpg 194w, https:\/\/www.top-queens.co.uk\/wp-content\/uploads\/2025\/02\/2025021109434120-661x1024.jpg 661w, https:\/\/www.top-queens.co.uk\/wp-content\/uploads\/2025\/02\/2025021109434120-768x1189.jpg 768w, https:\/\/www.top-queens.co.uk\/wp-content\/uploads\/2025\/02\/2025021109434120-992x1536.jpg 992w, https:\/\/www.top-queens.co.uk\/wp-content\/uploads\/2025\/02\/2025021109434120-1323x2048.jpg 1323w, https:\/\/www.top-queens.co.uk\/wp-content\/uploads\/2025\/02\/2025021109434120-600x929.jpg 600w\" sizes=\"auto, (max-width: 1653px) 100vw, 1653px\" title=\"Options de personnalisation avanc\u00e9es, de nouvelles Chinois r\u00e9tro style \u00c9l\u00e9gant et luxueux de la Dentelle cheongsam engagement de la robe de mari\u00e9e\" alt=\"Advanced customization, new Chinese retro style Elegant and luxurious Lace cheongsam engagement wedding dress\" \/><\/p>","protected":false},"excerpt":{"rendered":"","protected":false},"featured_media":2383,"comment_status":"closed","ping_status":"closed","template":"","meta":[],"product_cat":[27],"product_tag":[],"class_list":{"0":"post-2373","1":"product","2":"type-product","3":"status-publish","4":"has-post-thumbnail","6":"product_cat-fitted-wedding-dresses","8":"first","9":"instock","10":"sale","11":"shipping-taxable","12":"purchasable","13":"product-type-variable","14":"has-default-attributes"},"jetpack_sharing_enabled":true,"_links":{"self":[{"href":"https:\/\/www.top-queens.co.uk\/fr\/wp-json\/wp\/v2\/product\/2373","targetHints":{"allow":["GET"]}}],"collection":[{"href":"https:\/\/www.top-queens.co.uk\/fr\/wp-json\/wp\/v2\/product"}],"about":[{"href":"https:\/\/www.top-queens.co.uk\/fr\/wp-json\/wp\/v2\/types\/product"}],"replies":[{"embeddable":true,"href":"https:\/\/www.top-queens.co.uk\/fr\/wp-json\/wp\/v2\/comments?post=2373"}],"wp:featuredmedia":[{"embeddable":true,"href":"https:\/\/www.top-queens.co.uk\/fr\/wp-json\/wp\/v2\/media\/2383"}],"wp:attachment":[{"href":"https:\/\/www.top-queens.co.uk\/fr\/wp-json\/wp\/v2\/media?parent=2373"}],"wp:term":[{"taxonomy":"product_cat","embeddable":true,"href":"https:\/\/www.top-queens.co.uk\/fr\/wp-json\/wp\/v2\/product_cat?post=2373"},{"taxonomy":"product_tag","embeddable":true,"href":"https:\/\/www.top-queens.co.uk\/fr\/wp-json\/wp\/v2\/product_tag?post=2373"}],"curies":[{"name":"wp","href":"https:\/\/api.w.org\/{rel}","templated":true}]}}