{"id":2361,"date":"2025-02-11T09:35:25","date_gmt":"2025-02-11T09:35:25","guid":{"rendered":"https:\/\/www.top-queens.co.uk\/product\/2361.html"},"modified":"2025-02-11T09:35:25","modified_gmt":"2025-02-11T09:35:25","slug":"advanced-customization-british-noblewoman-elegant-hepburn-style-three-dimensional-petal-lace-trailing-wedding-dress","status":"publish","type":"product","link":"https:\/\/www.top-queens.co.uk\/fr\/product\/2361.html","title":{"rendered":"Personnalisation avanc\u00e9e Britannique noble \u00c9l\u00e9gant Hepburn style en Trois dimensions de p\u00e9tales de Dentelle de fuite robe de mari\u00e9e"},"content":{"rendered":"<p><img loading=\"lazy\" decoding=\"async\" src=\"https:\/\/www.top-queens.co.uk\/wp-content\/uploads\/2025\/02\/2025021109340717.jpg\"  width=\"1280\" height=\"1920\" class=\"alignnone size-full wp-image-2371\" srcset=\"https:\/\/www.top-queens.co.uk\/wp-content\/uploads\/2025\/02\/2025021109340717.jpg 1280w, https:\/\/www.top-queens.co.uk\/wp-content\/uploads\/2025\/02\/2025021109340717-200x300.jpg 200w, https:\/\/www.top-queens.co.uk\/wp-content\/uploads\/2025\/02\/2025021109340717-683x1024.jpg 683w, https:\/\/www.top-queens.co.uk\/wp-content\/uploads\/2025\/02\/2025021109340717-768x1152.jpg 768w, https:\/\/www.top-queens.co.uk\/wp-content\/uploads\/2025\/02\/2025021109340717-1024x1536.jpg 1024w, https:\/\/www.top-queens.co.uk\/wp-content\/uploads\/2025\/02\/2025021109340717-600x900.jpg 600w\" sizes=\"auto, (max-width: 1280px) 100vw, 1280px\" title=\"Personnalisation avanc\u00e9e Britannique noble \u00c9l\u00e9gant Hepburn style en Trois dimensions de p\u00e9tales de Dentelle de fuite robe de mari\u00e9e\" alt=\"Advanced customization British noblewoman Elegant Hepburn style Three-dimensional petal Lace trailing wedding dress\" \/><\/p>\n<p><img loading=\"lazy\" decoding=\"async\" src=\"https:\/\/www.top-queens.co.uk\/wp-content\/uploads\/2025\/02\/2025021109331031.jpg\"  width=\"1066\" height=\"1066\" class=\"alignnone size-full wp-image-2362\" srcset=\"https:\/\/www.top-queens.co.uk\/wp-content\/uploads\/2025\/02\/2025021109331031.jpg 1066w, https:\/\/www.top-queens.co.uk\/wp-content\/uploads\/2025\/02\/2025021109331031-300x300.jpg 300w, https:\/\/www.top-queens.co.uk\/wp-content\/uploads\/2025\/02\/2025021109331031-1024x1024.jpg 1024w, https:\/\/www.top-queens.co.uk\/wp-content\/uploads\/2025\/02\/2025021109331031-150x150.jpg 150w, https:\/\/www.top-queens.co.uk\/wp-content\/uploads\/2025\/02\/2025021109331031-768x768.jpg 768w, https:\/\/www.top-queens.co.uk\/wp-content\/uploads\/2025\/02\/2025021109331031-600x600.jpg 600w, https:\/\/www.top-queens.co.uk\/wp-content\/uploads\/2025\/02\/2025021109331031-100x100.jpg 100w\" sizes=\"auto, (max-width: 1066px) 100vw, 1066px\" title=\"Personnalisation avanc\u00e9e Britannique noble \u00c9l\u00e9gant Hepburn style en Trois dimensions de p\u00e9tales de Dentelle de fuite robe de mari\u00e9e\" alt=\"Advanced customization British noblewoman Elegant Hepburn style Three-dimensional petal Lace trailing wedding dress\" \/><\/p>\n<p><img loading=\"lazy\" decoding=\"async\" src=\"https:\/\/www.top-queens.co.uk\/wp-content\/uploads\/2025\/02\/2025021109331686.jpg\"  width=\"1200\" height=\"1200\" class=\"alignnone size-full wp-image-2363\" srcset=\"https:\/\/www.top-queens.co.uk\/wp-content\/uploads\/2025\/02\/2025021109331686.jpg 1200w, https:\/\/www.top-queens.co.uk\/wp-content\/uploads\/2025\/02\/2025021109331686-300x300.jpg 300w, https:\/\/www.top-queens.co.uk\/wp-content\/uploads\/2025\/02\/2025021109331686-1024x1024.jpg 1024w, https:\/\/www.top-queens.co.uk\/wp-content\/uploads\/2025\/02\/2025021109331686-150x150.jpg 150w, https:\/\/www.top-queens.co.uk\/wp-content\/uploads\/2025\/02\/2025021109331686-768x768.jpg 768w, https:\/\/www.top-queens.co.uk\/wp-content\/uploads\/2025\/02\/2025021109331686-600x600.jpg 600w, https:\/\/www.top-queens.co.uk\/wp-content\/uploads\/2025\/02\/2025021109331686-100x100.jpg 100w\" sizes=\"auto, (max-width: 1200px) 100vw, 1200px\" title=\"Personnalisation avanc\u00e9e Britannique noble \u00c9l\u00e9gant Hepburn style en Trois dimensions de p\u00e9tales de Dentelle de fuite robe de mari\u00e9e\" alt=\"Advanced customization British noblewoman Elegant Hepburn style Three-dimensional petal Lace trailing wedding dress\" \/><\/p>\n<p><img loading=\"lazy\" decoding=\"async\" src=\"https:\/\/www.top-queens.co.uk\/wp-content\/uploads\/2025\/02\/2025021109332194.jpg\"  width=\"1439\" height=\"1920\" class=\"alignnone size-full wp-image-2364\" srcset=\"https:\/\/www.top-queens.co.uk\/wp-content\/uploads\/2025\/02\/2025021109332194.jpg 1439w, https:\/\/www.top-queens.co.uk\/wp-content\/uploads\/2025\/02\/2025021109332194-225x300.jpg 225w, https:\/\/www.top-queens.co.uk\/wp-content\/uploads\/2025\/02\/2025021109332194-767x1024.jpg 767w, https:\/\/www.top-queens.co.uk\/wp-content\/uploads\/2025\/02\/2025021109332194-768x1025.jpg 768w, https:\/\/www.top-queens.co.uk\/wp-content\/uploads\/2025\/02\/2025021109332194-1151x1536.jpg 1151w, https:\/\/www.top-queens.co.uk\/wp-content\/uploads\/2025\/02\/2025021109332194-600x801.jpg 600w\" sizes=\"auto, (max-width: 1439px) 100vw, 1439px\" title=\"Personnalisation avanc\u00e9e Britannique noble \u00c9l\u00e9gant Hepburn style en Trois dimensions de p\u00e9tales de Dentelle de fuite robe de mari\u00e9e\" alt=\"Advanced customization British noblewoman Elegant Hepburn style Three-dimensional petal Lace trailing wedding dress\" \/><\/p>\n<p><img loading=\"lazy\" decoding=\"async\" src=\"https:\/\/www.top-queens.co.uk\/wp-content\/uploads\/2025\/02\/2025021109332663.jpg\"  width=\"1440\" height=\"1920\" class=\"alignnone size-full wp-image-2365\" srcset=\"https:\/\/www.top-queens.co.uk\/wp-content\/uploads\/2025\/02\/2025021109332663.jpg 1440w, https:\/\/www.top-queens.co.uk\/wp-content\/uploads\/2025\/02\/2025021109332663-225x300.jpg 225w, https:\/\/www.top-queens.co.uk\/wp-content\/uploads\/2025\/02\/2025021109332663-768x1024.jpg 768w, https:\/\/www.top-queens.co.uk\/wp-content\/uploads\/2025\/02\/2025021109332663-1152x1536.jpg 1152w, https:\/\/www.top-queens.co.uk\/wp-content\/uploads\/2025\/02\/2025021109332663-600x800.jpg 600w\" sizes=\"auto, (max-width: 1440px) 100vw, 1440px\" title=\"Personnalisation avanc\u00e9e Britannique noble \u00c9l\u00e9gant Hepburn style en Trois dimensions de p\u00e9tales de Dentelle de fuite robe de mari\u00e9e\" alt=\"Advanced customization British noblewoman Elegant Hepburn style Three-dimensional petal Lace trailing wedding dress\" \/><\/p>\n<p><img loading=\"lazy\" decoding=\"async\" src=\"https:\/\/www.top-queens.co.uk\/wp-content\/uploads\/2025\/02\/2025021109333269.jpg\"  width=\"1280\" height=\"1920\" class=\"alignnone size-full wp-image-2366\" srcset=\"https:\/\/www.top-queens.co.uk\/wp-content\/uploads\/2025\/02\/2025021109333269.jpg 1280w, https:\/\/www.top-queens.co.uk\/wp-content\/uploads\/2025\/02\/2025021109333269-200x300.jpg 200w, https:\/\/www.top-queens.co.uk\/wp-content\/uploads\/2025\/02\/2025021109333269-683x1024.jpg 683w, https:\/\/www.top-queens.co.uk\/wp-content\/uploads\/2025\/02\/2025021109333269-768x1152.jpg 768w, https:\/\/www.top-queens.co.uk\/wp-content\/uploads\/2025\/02\/2025021109333269-1024x1536.jpg 1024w, https:\/\/www.top-queens.co.uk\/wp-content\/uploads\/2025\/02\/2025021109333269-600x900.jpg 600w\" sizes=\"auto, (max-width: 1280px) 100vw, 1280px\" title=\"Personnalisation avanc\u00e9e Britannique noble \u00c9l\u00e9gant Hepburn style en Trois dimensions de p\u00e9tales de Dentelle de fuite robe de mari\u00e9e\" alt=\"Advanced customization British noblewoman Elegant Hepburn style Three-dimensional petal Lace trailing wedding dress\" \/><\/p>\n<p><img loading=\"lazy\" decoding=\"async\" src=\"https:\/\/www.top-queens.co.uk\/wp-content\/uploads\/2025\/02\/202502110933368.jpg\"  width=\"1440\" height=\"1920\" class=\"alignnone size-full wp-image-2367\" srcset=\"https:\/\/www.top-queens.co.uk\/wp-content\/uploads\/2025\/02\/202502110933368.jpg 1440w, https:\/\/www.top-queens.co.uk\/wp-content\/uploads\/2025\/02\/202502110933368-225x300.jpg 225w, https:\/\/www.top-queens.co.uk\/wp-content\/uploads\/2025\/02\/202502110933368-768x1024.jpg 768w, https:\/\/www.top-queens.co.uk\/wp-content\/uploads\/2025\/02\/202502110933368-1152x1536.jpg 1152w, https:\/\/www.top-queens.co.uk\/wp-content\/uploads\/2025\/02\/202502110933368-600x800.jpg 600w\" sizes=\"auto, (max-width: 1440px) 100vw, 1440px\" title=\"Personnalisation avanc\u00e9e Britannique noble \u00c9l\u00e9gant Hepburn style en Trois dimensions de p\u00e9tales de Dentelle de fuite robe de mari\u00e9e\" alt=\"Advanced customization British noblewoman Elegant Hepburn style Three-dimensional petal Lace trailing wedding dress\" \/><\/p>\n<p><img loading=\"lazy\" decoding=\"async\" src=\"https:\/\/www.top-queens.co.uk\/wp-content\/uploads\/2025\/02\/2025021109334151.jpg\"  width=\"1200\" height=\"1920\" class=\"alignnone size-full wp-image-2368\" srcset=\"https:\/\/www.top-queens.co.uk\/wp-content\/uploads\/2025\/02\/2025021109334151.jpg 1200w, https:\/\/www.top-queens.co.uk\/wp-content\/uploads\/2025\/02\/2025021109334151-188x300.jpg 188w, https:\/\/www.top-queens.co.uk\/wp-content\/uploads\/2025\/02\/2025021109334151-640x1024.jpg 640w, https:\/\/www.top-queens.co.uk\/wp-content\/uploads\/2025\/02\/2025021109334151-768x1229.jpg 768w, https:\/\/www.top-queens.co.uk\/wp-content\/uploads\/2025\/02\/2025021109334151-960x1536.jpg 960w, https:\/\/www.top-queens.co.uk\/wp-content\/uploads\/2025\/02\/2025021109334151-600x960.jpg 600w\" sizes=\"auto, (max-width: 1200px) 100vw, 1200px\" title=\"Personnalisation avanc\u00e9e Britannique noble \u00c9l\u00e9gant Hepburn style en Trois dimensions de p\u00e9tales de Dentelle de fuite robe de mari\u00e9e\" alt=\"Advanced customization British noblewoman Elegant Hepburn style Three-dimensional petal Lace trailing wedding dress\" \/><\/p>\n<p><img loading=\"lazy\" decoding=\"async\" src=\"https:\/\/www.top-queens.co.uk\/wp-content\/uploads\/2025\/02\/2025021109334670.jpg\"  width=\"1080\" height=\"1920\" class=\"alignnone size-full wp-image-2369\" srcset=\"https:\/\/www.top-queens.co.uk\/wp-content\/uploads\/2025\/02\/2025021109334670.jpg 1080w, https:\/\/www.top-queens.co.uk\/wp-content\/uploads\/2025\/02\/2025021109334670-169x300.jpg 169w, https:\/\/www.top-queens.co.uk\/wp-content\/uploads\/2025\/02\/2025021109334670-576x1024.jpg 576w, https:\/\/www.top-queens.co.uk\/wp-content\/uploads\/2025\/02\/2025021109334670-768x1365.jpg 768w, https:\/\/www.top-queens.co.uk\/wp-content\/uploads\/2025\/02\/2025021109334670-864x1536.jpg 864w, https:\/\/www.top-queens.co.uk\/wp-content\/uploads\/2025\/02\/2025021109334670-600x1067.jpg 600w\" sizes=\"auto, (max-width: 1080px) 100vw, 1080px\" title=\"Personnalisation avanc\u00e9e Britannique noble \u00c9l\u00e9gant Hepburn style en Trois dimensions de p\u00e9tales de Dentelle de fuite robe de mari\u00e9e\" alt=\"Advanced customization British noblewoman Elegant Hepburn style Three-dimensional petal Lace trailing wedding dress\" \/><\/p>\n<p><img loading=\"lazy\" decoding=\"async\" src=\"https:\/\/www.top-queens.co.uk\/wp-content\/uploads\/2025\/02\/2025021109335610.jpg\"  width=\"1280\" height=\"1775\" class=\"alignnone size-full wp-image-2370\" srcset=\"https:\/\/www.top-queens.co.uk\/wp-content\/uploads\/2025\/02\/2025021109335610.jpg 1280w, https:\/\/www.top-queens.co.uk\/wp-content\/uploads\/2025\/02\/2025021109335610-216x300.jpg 216w, https:\/\/www.top-queens.co.uk\/wp-content\/uploads\/2025\/02\/2025021109335610-738x1024.jpg 738w, https:\/\/www.top-queens.co.uk\/wp-content\/uploads\/2025\/02\/2025021109335610-768x1065.jpg 768w, https:\/\/www.top-queens.co.uk\/wp-content\/uploads\/2025\/02\/2025021109335610-1108x1536.jpg 1108w, https:\/\/www.top-queens.co.uk\/wp-content\/uploads\/2025\/02\/2025021109335610-600x832.jpg 600w\" sizes=\"auto, (max-width: 1280px) 100vw, 1280px\" title=\"Personnalisation avanc\u00e9e Britannique noble \u00c9l\u00e9gant Hepburn style en Trois dimensions de p\u00e9tales de Dentelle de fuite robe de mari\u00e9e\" alt=\"Advanced customization British noblewoman Elegant Hepburn style Three-dimensional petal Lace trailing wedding dress\" \/><\/p>","protected":false},"excerpt":{"rendered":"","protected":false},"featured_media":2371,"comment_status":"closed","ping_status":"closed","template":"","meta":[],"product_cat":[18],"product_tag":[],"class_list":{"0":"post-2361","1":"product","2":"type-product","3":"status-publish","4":"has-post-thumbnail","6":"product_cat-a-line-wedding-dresses","8":"first","9":"instock","10":"sale","11":"shipping-taxable","12":"purchasable","13":"product-type-variable","14":"has-default-attributes"},"jetpack_sharing_enabled":true,"_links":{"self":[{"href":"https:\/\/www.top-queens.co.uk\/fr\/wp-json\/wp\/v2\/product\/2361","targetHints":{"allow":["GET"]}}],"collection":[{"href":"https:\/\/www.top-queens.co.uk\/fr\/wp-json\/wp\/v2\/product"}],"about":[{"href":"https:\/\/www.top-queens.co.uk\/fr\/wp-json\/wp\/v2\/types\/product"}],"replies":[{"embeddable":true,"href":"https:\/\/www.top-queens.co.uk\/fr\/wp-json\/wp\/v2\/comments?post=2361"}],"wp:featuredmedia":[{"embeddable":true,"href":"https:\/\/www.top-queens.co.uk\/fr\/wp-json\/wp\/v2\/media\/2371"}],"wp:attachment":[{"href":"https:\/\/www.top-queens.co.uk\/fr\/wp-json\/wp\/v2\/media?parent=2361"}],"wp:term":[{"taxonomy":"product_cat","embeddable":true,"href":"https:\/\/www.top-queens.co.uk\/fr\/wp-json\/wp\/v2\/product_cat?post=2361"},{"taxonomy":"product_tag","embeddable":true,"href":"https:\/\/www.top-queens.co.uk\/fr\/wp-json\/wp\/v2\/product_tag?post=2361"}],"curies":[{"name":"wp","href":"https:\/\/api.w.org\/{rel}","templated":true}]}}