{"id":2353,"date":"2025-02-11T09:30:01","date_gmt":"2025-02-11T09:30:01","guid":{"rendered":"https:\/\/www.top-queens.co.uk\/product\/2353.html"},"modified":"2025-02-11T09:30:01","modified_gmt":"2025-02-11T09:30:01","slug":"high-end-customized-korean-miss-temperament-niche-luxury-satin-chiffon-sexy-strapless-wedding-dress","status":"publish","type":"product","link":"https:\/\/www.top-queens.co.uk\/fr\/product\/2353.html","title":{"rendered":"Haut de gamme personnalis\u00e9 cor\u00e9en Miss temp\u00e9rament de Niche de luxe en satin mousseline de soie Sexy robe de mari\u00e9e bustier"},"content":{"rendered":"<p><img loading=\"lazy\" decoding=\"async\" src=\"https:\/\/www.top-queens.co.uk\/wp-content\/uploads\/2025\/02\/2025021109284140.jpg\"  width=\"800\" height=\"800\" class=\"alignnone size-full wp-image-2359\" srcset=\"https:\/\/www.top-queens.co.uk\/wp-content\/uploads\/2025\/02\/2025021109284140.jpg 800w, https:\/\/www.top-queens.co.uk\/wp-content\/uploads\/2025\/02\/2025021109284140-300x300.jpg 300w, https:\/\/www.top-queens.co.uk\/wp-content\/uploads\/2025\/02\/2025021109284140-150x150.jpg 150w, https:\/\/www.top-queens.co.uk\/wp-content\/uploads\/2025\/02\/2025021109284140-768x768.jpg 768w, https:\/\/www.top-queens.co.uk\/wp-content\/uploads\/2025\/02\/2025021109284140-600x600.jpg 600w, https:\/\/www.top-queens.co.uk\/wp-content\/uploads\/2025\/02\/2025021109284140-100x100.jpg 100w\" sizes=\"auto, (max-width: 800px) 100vw, 800px\" title=\"Haut de gamme personnalis\u00e9 cor\u00e9en Miss temp\u00e9rament de Niche de luxe en satin mousseline de soie Sexy robe de mari\u00e9e bustier\" alt=\"High end customized Korean Miss temperament Niche luxury satin chiffon Sexy strapless wedding dress\" \/><\/p>\n<p><img loading=\"lazy\" decoding=\"async\" src=\"https:\/\/www.top-queens.co.uk\/wp-content\/uploads\/2025\/02\/2025021109280875.jpg\"  width=\"750\" height=\"1183\" class=\"alignnone size-full wp-image-2354\" srcset=\"https:\/\/www.top-queens.co.uk\/wp-content\/uploads\/2025\/02\/2025021109280875.jpg 750w, https:\/\/www.top-queens.co.uk\/wp-content\/uploads\/2025\/02\/2025021109280875-190x300.jpg 190w, https:\/\/www.top-queens.co.uk\/wp-content\/uploads\/2025\/02\/2025021109280875-649x1024.jpg 649w, https:\/\/www.top-queens.co.uk\/wp-content\/uploads\/2025\/02\/2025021109280875-600x946.jpg 600w\" sizes=\"auto, (max-width: 750px) 100vw, 750px\" title=\"Haut de gamme personnalis\u00e9 cor\u00e9en Miss temp\u00e9rament de Niche de luxe en satin mousseline de soie Sexy robe de mari\u00e9e bustier\" alt=\"High end customized Korean Miss temperament Niche luxury satin chiffon Sexy strapless wedding dress\" \/><\/p>\n<p><img loading=\"lazy\" decoding=\"async\" src=\"https:\/\/www.top-queens.co.uk\/wp-content\/uploads\/2025\/02\/2025021109281311.jpg\"  width=\"800\" height=\"800\" class=\"alignnone size-full wp-image-2355\" srcset=\"https:\/\/www.top-queens.co.uk\/wp-content\/uploads\/2025\/02\/2025021109281311.jpg 800w, https:\/\/www.top-queens.co.uk\/wp-content\/uploads\/2025\/02\/2025021109281311-300x300.jpg 300w, https:\/\/www.top-queens.co.uk\/wp-content\/uploads\/2025\/02\/2025021109281311-150x150.jpg 150w, https:\/\/www.top-queens.co.uk\/wp-content\/uploads\/2025\/02\/2025021109281311-768x768.jpg 768w, https:\/\/www.top-queens.co.uk\/wp-content\/uploads\/2025\/02\/2025021109281311-600x600.jpg 600w, https:\/\/www.top-queens.co.uk\/wp-content\/uploads\/2025\/02\/2025021109281311-100x100.jpg 100w\" sizes=\"auto, (max-width: 800px) 100vw, 800px\" title=\"Haut de gamme personnalis\u00e9 cor\u00e9en Miss temp\u00e9rament de Niche de luxe en satin mousseline de soie Sexy robe de mari\u00e9e bustier\" alt=\"High end customized Korean Miss temperament Niche luxury satin chiffon Sexy strapless wedding dress\" \/><\/p>\n<p><img loading=\"lazy\" decoding=\"async\" src=\"https:\/\/www.top-queens.co.uk\/wp-content\/uploads\/2025\/02\/2025021109281834.jpg\"  width=\"800\" height=\"800\" class=\"alignnone size-full wp-image-2356\" srcset=\"https:\/\/www.top-queens.co.uk\/wp-content\/uploads\/2025\/02\/2025021109281834.jpg 800w, https:\/\/www.top-queens.co.uk\/wp-content\/uploads\/2025\/02\/2025021109281834-300x300.jpg 300w, https:\/\/www.top-queens.co.uk\/wp-content\/uploads\/2025\/02\/2025021109281834-150x150.jpg 150w, https:\/\/www.top-queens.co.uk\/wp-content\/uploads\/2025\/02\/2025021109281834-768x768.jpg 768w, https:\/\/www.top-queens.co.uk\/wp-content\/uploads\/2025\/02\/2025021109281834-600x600.jpg 600w, https:\/\/www.top-queens.co.uk\/wp-content\/uploads\/2025\/02\/2025021109281834-100x100.jpg 100w\" sizes=\"auto, (max-width: 800px) 100vw, 800px\" title=\"Haut de gamme personnalis\u00e9 cor\u00e9en Miss temp\u00e9rament de Niche de luxe en satin mousseline de soie Sexy robe de mari\u00e9e bustier\" alt=\"High end customized Korean Miss temperament Niche luxury satin chiffon Sexy strapless wedding dress\" \/><\/p>\n<p><img loading=\"lazy\" decoding=\"async\" src=\"https:\/\/www.top-queens.co.uk\/wp-content\/uploads\/2025\/02\/2025021109282394.jpg\"  width=\"800\" height=\"800\" class=\"alignnone size-full wp-image-2357\" srcset=\"https:\/\/www.top-queens.co.uk\/wp-content\/uploads\/2025\/02\/2025021109282394.jpg 800w, https:\/\/www.top-queens.co.uk\/wp-content\/uploads\/2025\/02\/2025021109282394-300x300.jpg 300w, https:\/\/www.top-queens.co.uk\/wp-content\/uploads\/2025\/02\/2025021109282394-150x150.jpg 150w, https:\/\/www.top-queens.co.uk\/wp-content\/uploads\/2025\/02\/2025021109282394-768x768.jpg 768w, https:\/\/www.top-queens.co.uk\/wp-content\/uploads\/2025\/02\/2025021109282394-600x600.jpg 600w, https:\/\/www.top-queens.co.uk\/wp-content\/uploads\/2025\/02\/2025021109282394-100x100.jpg 100w\" sizes=\"auto, (max-width: 800px) 100vw, 800px\" title=\"Haut de gamme personnalis\u00e9 cor\u00e9en Miss temp\u00e9rament de Niche de luxe en satin mousseline de soie Sexy robe de mari\u00e9e bustier\" alt=\"High end customized Korean Miss temperament Niche luxury satin chiffon Sexy strapless wedding dress\" \/><\/p>\n<p><img loading=\"lazy\" decoding=\"async\" src=\"https:\/\/www.top-queens.co.uk\/wp-content\/uploads\/2025\/02\/2025021109282975.jpg\"  width=\"800\" height=\"800\" class=\"alignnone size-full wp-image-2358\" srcset=\"https:\/\/www.top-queens.co.uk\/wp-content\/uploads\/2025\/02\/2025021109282975.jpg 800w, https:\/\/www.top-queens.co.uk\/wp-content\/uploads\/2025\/02\/2025021109282975-300x300.jpg 300w, https:\/\/www.top-queens.co.uk\/wp-content\/uploads\/2025\/02\/2025021109282975-150x150.jpg 150w, https:\/\/www.top-queens.co.uk\/wp-content\/uploads\/2025\/02\/2025021109282975-768x768.jpg 768w, https:\/\/www.top-queens.co.uk\/wp-content\/uploads\/2025\/02\/2025021109282975-600x600.jpg 600w, https:\/\/www.top-queens.co.uk\/wp-content\/uploads\/2025\/02\/2025021109282975-100x100.jpg 100w\" sizes=\"auto, (max-width: 800px) 100vw, 800px\" title=\"Haut de gamme personnalis\u00e9 cor\u00e9en Miss temp\u00e9rament de Niche de luxe en satin mousseline de soie Sexy robe de mari\u00e9e bustier\" alt=\"High end customized Korean Miss temperament Niche luxury satin chiffon Sexy strapless wedding dress\" \/><\/p>","protected":false},"excerpt":{"rendered":"","protected":false},"featured_media":2359,"comment_status":"closed","ping_status":"closed","template":"","meta":[],"product_cat":[18],"product_tag":[],"class_list":{"0":"post-2353","1":"product","2":"type-product","3":"status-publish","4":"has-post-thumbnail","6":"product_cat-a-line-wedding-dresses","8":"first","9":"instock","10":"sale","11":"shipping-taxable","12":"purchasable","13":"product-type-variable","14":"has-default-attributes"},"jetpack_sharing_enabled":true,"_links":{"self":[{"href":"https:\/\/www.top-queens.co.uk\/fr\/wp-json\/wp\/v2\/product\/2353","targetHints":{"allow":["GET"]}}],"collection":[{"href":"https:\/\/www.top-queens.co.uk\/fr\/wp-json\/wp\/v2\/product"}],"about":[{"href":"https:\/\/www.top-queens.co.uk\/fr\/wp-json\/wp\/v2\/types\/product"}],"replies":[{"embeddable":true,"href":"https:\/\/www.top-queens.co.uk\/fr\/wp-json\/wp\/v2\/comments?post=2353"}],"wp:featuredmedia":[{"embeddable":true,"href":"https:\/\/www.top-queens.co.uk\/fr\/wp-json\/wp\/v2\/media\/2359"}],"wp:attachment":[{"href":"https:\/\/www.top-queens.co.uk\/fr\/wp-json\/wp\/v2\/media?parent=2353"}],"wp:term":[{"taxonomy":"product_cat","embeddable":true,"href":"https:\/\/www.top-queens.co.uk\/fr\/wp-json\/wp\/v2\/product_cat?post=2353"},{"taxonomy":"product_tag","embeddable":true,"href":"https:\/\/www.top-queens.co.uk\/fr\/wp-json\/wp\/v2\/product_tag?post=2353"}],"curies":[{"name":"wp","href":"https:\/\/api.w.org\/{rel}","templated":true}]}}