{"id":2345,"date":"2025-02-11T09:25:44","date_gmt":"2025-02-11T09:25:44","guid":{"rendered":"https:\/\/www.top-queens.co.uk\/product\/2345.html"},"modified":"2025-02-11T09:25:45","modified_gmt":"2025-02-11T09:25:45","slug":"advanced-customization-subtle-and-sweet-dreamy-fairy-princess-luxury-lace-embroidery-strapless-wedding-dress","status":"publish","type":"product","link":"https:\/\/www.top-queens.co.uk\/fr\/product\/2345.html","title":{"rendered":"Personnalisation avanc\u00e9e Subtil et doux R\u00eaveur de F\u00e9e, Princesse de luxe Dentelle de broderie robe de mari\u00e9e bustier"},"content":{"rendered":"<p><img loading=\"lazy\" decoding=\"async\" src=\"https:\/\/www.top-queens.co.uk\/wp-content\/uploads\/2025\/02\/2025021109240820.jpg\"  width=\"800\" height=\"800\" class=\"alignnone size-full wp-image-2351\" srcset=\"https:\/\/www.top-queens.co.uk\/wp-content\/uploads\/2025\/02\/2025021109240820.jpg 800w, https:\/\/www.top-queens.co.uk\/wp-content\/uploads\/2025\/02\/2025021109240820-300x300.jpg 300w, https:\/\/www.top-queens.co.uk\/wp-content\/uploads\/2025\/02\/2025021109240820-150x150.jpg 150w, https:\/\/www.top-queens.co.uk\/wp-content\/uploads\/2025\/02\/2025021109240820-768x768.jpg 768w, https:\/\/www.top-queens.co.uk\/wp-content\/uploads\/2025\/02\/2025021109240820-600x600.jpg 600w, https:\/\/www.top-queens.co.uk\/wp-content\/uploads\/2025\/02\/2025021109240820-100x100.jpg 100w\" sizes=\"auto, (max-width: 800px) 100vw, 800px\" title=\"Personnalisation avanc\u00e9e Subtil et doux R\u00eaveur de F\u00e9e, Princesse de luxe Dentelle de broderie robe de mari\u00e9e bustier\" alt=\"Advanced customization Subtle and sweet Dreamy Fairy Princess luxury Lace embroidery strapless wedding dress\" \/><\/p>\n<p><img loading=\"lazy\" decoding=\"async\" src=\"https:\/\/www.top-queens.co.uk\/wp-content\/uploads\/2025\/02\/2025021109234315.jpg\"  width=\"800\" height=\"800\" class=\"alignnone size-full wp-image-2346\" srcset=\"https:\/\/www.top-queens.co.uk\/wp-content\/uploads\/2025\/02\/2025021109234315.jpg 800w, https:\/\/www.top-queens.co.uk\/wp-content\/uploads\/2025\/02\/2025021109234315-300x300.jpg 300w, https:\/\/www.top-queens.co.uk\/wp-content\/uploads\/2025\/02\/2025021109234315-150x150.jpg 150w, https:\/\/www.top-queens.co.uk\/wp-content\/uploads\/2025\/02\/2025021109234315-768x768.jpg 768w, https:\/\/www.top-queens.co.uk\/wp-content\/uploads\/2025\/02\/2025021109234315-600x600.jpg 600w, https:\/\/www.top-queens.co.uk\/wp-content\/uploads\/2025\/02\/2025021109234315-100x100.jpg 100w\" sizes=\"auto, (max-width: 800px) 100vw, 800px\" title=\"Personnalisation avanc\u00e9e Subtil et doux R\u00eaveur de F\u00e9e, Princesse de luxe Dentelle de broderie robe de mari\u00e9e bustier\" alt=\"Advanced customization Subtle and sweet Dreamy Fairy Princess luxury Lace embroidery strapless wedding dress\" \/><\/p>\n<p><img loading=\"lazy\" decoding=\"async\" src=\"https:\/\/www.top-queens.co.uk\/wp-content\/uploads\/2025\/02\/2025021109234790.jpg\"  width=\"750\" height=\"976\" class=\"alignnone size-full wp-image-2347\" srcset=\"https:\/\/www.top-queens.co.uk\/wp-content\/uploads\/2025\/02\/2025021109234790.jpg 750w, https:\/\/www.top-queens.co.uk\/wp-content\/uploads\/2025\/02\/2025021109234790-231x300.jpg 231w, https:\/\/www.top-queens.co.uk\/wp-content\/uploads\/2025\/02\/2025021109234790-600x781.jpg 600w\" sizes=\"auto, (max-width: 750px) 100vw, 750px\" title=\"Personnalisation avanc\u00e9e Subtil et doux R\u00eaveur de F\u00e9e, Princesse de luxe Dentelle de broderie robe de mari\u00e9e bustier\" alt=\"Advanced customization Subtle and sweet Dreamy Fairy Princess luxury Lace embroidery strapless wedding dress\" \/><\/p>\n<p><img loading=\"lazy\" decoding=\"async\" src=\"https:\/\/www.top-queens.co.uk\/wp-content\/uploads\/2025\/02\/2025021109235115.jpg\"  width=\"800\" height=\"800\" class=\"alignnone size-full wp-image-2348\" srcset=\"https:\/\/www.top-queens.co.uk\/wp-content\/uploads\/2025\/02\/2025021109235115.jpg 800w, https:\/\/www.top-queens.co.uk\/wp-content\/uploads\/2025\/02\/2025021109235115-300x300.jpg 300w, https:\/\/www.top-queens.co.uk\/wp-content\/uploads\/2025\/02\/2025021109235115-150x150.jpg 150w, https:\/\/www.top-queens.co.uk\/wp-content\/uploads\/2025\/02\/2025021109235115-768x768.jpg 768w, https:\/\/www.top-queens.co.uk\/wp-content\/uploads\/2025\/02\/2025021109235115-600x600.jpg 600w, https:\/\/www.top-queens.co.uk\/wp-content\/uploads\/2025\/02\/2025021109235115-100x100.jpg 100w\" sizes=\"auto, (max-width: 800px) 100vw, 800px\" title=\"Personnalisation avanc\u00e9e Subtil et doux R\u00eaveur de F\u00e9e, Princesse de luxe Dentelle de broderie robe de mari\u00e9e bustier\" alt=\"Advanced customization Subtle and sweet Dreamy Fairy Princess luxury Lace embroidery strapless wedding dress\" \/><\/p>\n<p><img loading=\"lazy\" decoding=\"async\" src=\"https:\/\/www.top-queens.co.uk\/wp-content\/uploads\/2025\/02\/2025021109235525.jpg\"  width=\"800\" height=\"800\" class=\"alignnone size-full wp-image-2349\" srcset=\"https:\/\/www.top-queens.co.uk\/wp-content\/uploads\/2025\/02\/2025021109235525.jpg 800w, https:\/\/www.top-queens.co.uk\/wp-content\/uploads\/2025\/02\/2025021109235525-300x300.jpg 300w, https:\/\/www.top-queens.co.uk\/wp-content\/uploads\/2025\/02\/2025021109235525-150x150.jpg 150w, https:\/\/www.top-queens.co.uk\/wp-content\/uploads\/2025\/02\/2025021109235525-768x768.jpg 768w, https:\/\/www.top-queens.co.uk\/wp-content\/uploads\/2025\/02\/2025021109235525-600x600.jpg 600w, https:\/\/www.top-queens.co.uk\/wp-content\/uploads\/2025\/02\/2025021109235525-100x100.jpg 100w\" sizes=\"auto, (max-width: 800px) 100vw, 800px\" title=\"Personnalisation avanc\u00e9e Subtil et doux R\u00eaveur de F\u00e9e, Princesse de luxe Dentelle de broderie robe de mari\u00e9e bustier\" alt=\"Advanced customization Subtle and sweet Dreamy Fairy Princess luxury Lace embroidery strapless wedding dress\" \/><\/p>\n<p><img loading=\"lazy\" decoding=\"async\" src=\"https:\/\/www.top-queens.co.uk\/wp-content\/uploads\/2025\/02\/2025021109235830.jpg\"  width=\"800\" height=\"800\" class=\"alignnone size-full wp-image-2350\" srcset=\"https:\/\/www.top-queens.co.uk\/wp-content\/uploads\/2025\/02\/2025021109235830.jpg 800w, https:\/\/www.top-queens.co.uk\/wp-content\/uploads\/2025\/02\/2025021109235830-300x300.jpg 300w, https:\/\/www.top-queens.co.uk\/wp-content\/uploads\/2025\/02\/2025021109235830-150x150.jpg 150w, https:\/\/www.top-queens.co.uk\/wp-content\/uploads\/2025\/02\/2025021109235830-768x768.jpg 768w, https:\/\/www.top-queens.co.uk\/wp-content\/uploads\/2025\/02\/2025021109235830-600x600.jpg 600w, https:\/\/www.top-queens.co.uk\/wp-content\/uploads\/2025\/02\/2025021109235830-100x100.jpg 100w\" sizes=\"auto, (max-width: 800px) 100vw, 800px\" title=\"Personnalisation avanc\u00e9e Subtil et doux R\u00eaveur de F\u00e9e, Princesse de luxe Dentelle de broderie robe de mari\u00e9e bustier\" alt=\"Advanced customization Subtle and sweet Dreamy Fairy Princess luxury Lace embroidery strapless wedding dress\" \/><\/p>","protected":false},"excerpt":{"rendered":"","protected":false},"featured_media":2351,"comment_status":"closed","ping_status":"closed","template":"","meta":[],"product_cat":[29],"product_tag":[],"class_list":{"0":"post-2345","1":"product","2":"type-product","3":"status-publish","4":"has-post-thumbnail","6":"product_cat-princess-wedding-dresses","8":"first","9":"instock","10":"sale","11":"shipping-taxable","12":"purchasable","13":"product-type-variable","14":"has-default-attributes"},"jetpack_sharing_enabled":true,"_links":{"self":[{"href":"https:\/\/www.top-queens.co.uk\/fr\/wp-json\/wp\/v2\/product\/2345","targetHints":{"allow":["GET"]}}],"collection":[{"href":"https:\/\/www.top-queens.co.uk\/fr\/wp-json\/wp\/v2\/product"}],"about":[{"href":"https:\/\/www.top-queens.co.uk\/fr\/wp-json\/wp\/v2\/types\/product"}],"replies":[{"embeddable":true,"href":"https:\/\/www.top-queens.co.uk\/fr\/wp-json\/wp\/v2\/comments?post=2345"}],"wp:featuredmedia":[{"embeddable":true,"href":"https:\/\/www.top-queens.co.uk\/fr\/wp-json\/wp\/v2\/media\/2351"}],"wp:attachment":[{"href":"https:\/\/www.top-queens.co.uk\/fr\/wp-json\/wp\/v2\/media?parent=2345"}],"wp:term":[{"taxonomy":"product_cat","embeddable":true,"href":"https:\/\/www.top-queens.co.uk\/fr\/wp-json\/wp\/v2\/product_cat?post=2345"},{"taxonomy":"product_tag","embeddable":true,"href":"https:\/\/www.top-queens.co.uk\/fr\/wp-json\/wp\/v2\/product_tag?post=2345"}],"curies":[{"name":"wp","href":"https:\/\/api.w.org\/{rel}","templated":true}]}}