{"id":2336,"date":"2025-02-11T09:20:47","date_gmt":"2025-02-11T09:20:47","guid":{"rendered":"https:\/\/www.top-queens.co.uk\/product\/2336.html"},"modified":"2025-02-11T09:20:47","modified_gmt":"2025-02-11T09:20:47","slug":"customized-korean-noble-miss-luxury-handmade-sexy-strapless-imported-satin-trailing-main-wedding-dress","status":"publish","type":"product","link":"https:\/\/www.top-queens.co.uk\/fr\/product\/2336.html","title":{"rendered":"Personnalis\u00e9 cor\u00e9en Noble Manquer de Luxe \u00e0 la main bustier Sexy Import\u00e9s en satin de fuite principal robe de mari\u00e9e"},"content":{"rendered":"<p><img loading=\"lazy\" decoding=\"async\" src=\"https:\/\/www.top-queens.co.uk\/wp-content\/uploads\/2025\/02\/2025021109185939.jpg\"  width=\"1000\" height=\"1000\" class=\"alignnone size-full wp-image-2342\" srcset=\"https:\/\/www.top-queens.co.uk\/wp-content\/uploads\/2025\/02\/2025021109185939.jpg 1000w, https:\/\/www.top-queens.co.uk\/wp-content\/uploads\/2025\/02\/2025021109185939-300x300.jpg 300w, https:\/\/www.top-queens.co.uk\/wp-content\/uploads\/2025\/02\/2025021109185939-150x150.jpg 150w, https:\/\/www.top-queens.co.uk\/wp-content\/uploads\/2025\/02\/2025021109185939-768x768.jpg 768w, https:\/\/www.top-queens.co.uk\/wp-content\/uploads\/2025\/02\/2025021109185939-600x600.jpg 600w, https:\/\/www.top-queens.co.uk\/wp-content\/uploads\/2025\/02\/2025021109185939-100x100.jpg 100w\" sizes=\"auto, (max-width: 1000px) 100vw, 1000px\" title=\"Personnalis\u00e9 cor\u00e9en Noble Manquer de Luxe \u00e0 la main bustier Sexy Import\u00e9s en satin de fuite principal robe de mari\u00e9e\" alt=\"Customized Korean Noble Miss Luxury handmade Sexy strapless Imported satin trailing main wedding dress\" \/><\/p>\n<p><img loading=\"lazy\" decoding=\"async\" src=\"https:\/\/www.top-queens.co.uk\/wp-content\/uploads\/2025\/02\/2025021109182970.jpg\"  width=\"1000\" height=\"1000\" class=\"alignnone size-full wp-image-2337\" srcset=\"https:\/\/www.top-queens.co.uk\/wp-content\/uploads\/2025\/02\/2025021109182970.jpg 1000w, https:\/\/www.top-queens.co.uk\/wp-content\/uploads\/2025\/02\/2025021109182970-300x300.jpg 300w, https:\/\/www.top-queens.co.uk\/wp-content\/uploads\/2025\/02\/2025021109182970-150x150.jpg 150w, https:\/\/www.top-queens.co.uk\/wp-content\/uploads\/2025\/02\/2025021109182970-768x768.jpg 768w, https:\/\/www.top-queens.co.uk\/wp-content\/uploads\/2025\/02\/2025021109182970-600x600.jpg 600w, https:\/\/www.top-queens.co.uk\/wp-content\/uploads\/2025\/02\/2025021109182970-100x100.jpg 100w\" sizes=\"auto, (max-width: 1000px) 100vw, 1000px\" title=\"Personnalis\u00e9 cor\u00e9en Noble Manquer de Luxe \u00e0 la main bustier Sexy Import\u00e9s en satin de fuite principal robe de mari\u00e9e\" alt=\"Customized Korean Noble Miss Luxury handmade Sexy strapless Imported satin trailing main wedding dress\" \/><\/p>\n<p><img loading=\"lazy\" decoding=\"async\" src=\"https:\/\/www.top-queens.co.uk\/wp-content\/uploads\/2025\/02\/2025021109183488.jpg\"  width=\"1000\" height=\"1000\" class=\"alignnone size-full wp-image-2338\" srcset=\"https:\/\/www.top-queens.co.uk\/wp-content\/uploads\/2025\/02\/2025021109183488.jpg 1000w, https:\/\/www.top-queens.co.uk\/wp-content\/uploads\/2025\/02\/2025021109183488-300x300.jpg 300w, https:\/\/www.top-queens.co.uk\/wp-content\/uploads\/2025\/02\/2025021109183488-150x150.jpg 150w, https:\/\/www.top-queens.co.uk\/wp-content\/uploads\/2025\/02\/2025021109183488-768x768.jpg 768w, https:\/\/www.top-queens.co.uk\/wp-content\/uploads\/2025\/02\/2025021109183488-600x600.jpg 600w, https:\/\/www.top-queens.co.uk\/wp-content\/uploads\/2025\/02\/2025021109183488-100x100.jpg 100w\" sizes=\"auto, (max-width: 1000px) 100vw, 1000px\" title=\"Personnalis\u00e9 cor\u00e9en Noble Manquer de Luxe \u00e0 la main bustier Sexy Import\u00e9s en satin de fuite principal robe de mari\u00e9e\" alt=\"Customized Korean Noble Miss Luxury handmade Sexy strapless Imported satin trailing main wedding dress\" \/><\/p>\n<p><img loading=\"lazy\" decoding=\"async\" src=\"https:\/\/www.top-queens.co.uk\/wp-content\/uploads\/2025\/02\/2025021109183869.jpg\"  width=\"800\" height=\"800\" class=\"alignnone size-full wp-image-2339\" srcset=\"https:\/\/www.top-queens.co.uk\/wp-content\/uploads\/2025\/02\/2025021109183869.jpg 800w, https:\/\/www.top-queens.co.uk\/wp-content\/uploads\/2025\/02\/2025021109183869-300x300.jpg 300w, https:\/\/www.top-queens.co.uk\/wp-content\/uploads\/2025\/02\/2025021109183869-150x150.jpg 150w, https:\/\/www.top-queens.co.uk\/wp-content\/uploads\/2025\/02\/2025021109183869-768x768.jpg 768w, https:\/\/www.top-queens.co.uk\/wp-content\/uploads\/2025\/02\/2025021109183869-600x600.jpg 600w, https:\/\/www.top-queens.co.uk\/wp-content\/uploads\/2025\/02\/2025021109183869-100x100.jpg 100w\" sizes=\"auto, (max-width: 800px) 100vw, 800px\" title=\"Personnalis\u00e9 cor\u00e9en Noble Manquer de Luxe \u00e0 la main bustier Sexy Import\u00e9s en satin de fuite principal robe de mari\u00e9e\" alt=\"Customized Korean Noble Miss Luxury handmade Sexy strapless Imported satin trailing main wedding dress\" \/><\/p>\n<p><img loading=\"lazy\" decoding=\"async\" src=\"https:\/\/www.top-queens.co.uk\/wp-content\/uploads\/2025\/02\/2025021109184245.jpg\"  width=\"1000\" height=\"1000\" class=\"alignnone size-full wp-image-2340\" srcset=\"https:\/\/www.top-queens.co.uk\/wp-content\/uploads\/2025\/02\/2025021109184245.jpg 1000w, https:\/\/www.top-queens.co.uk\/wp-content\/uploads\/2025\/02\/2025021109184245-300x300.jpg 300w, https:\/\/www.top-queens.co.uk\/wp-content\/uploads\/2025\/02\/2025021109184245-150x150.jpg 150w, https:\/\/www.top-queens.co.uk\/wp-content\/uploads\/2025\/02\/2025021109184245-768x768.jpg 768w, https:\/\/www.top-queens.co.uk\/wp-content\/uploads\/2025\/02\/2025021109184245-600x600.jpg 600w, https:\/\/www.top-queens.co.uk\/wp-content\/uploads\/2025\/02\/2025021109184245-100x100.jpg 100w\" sizes=\"auto, (max-width: 1000px) 100vw, 1000px\" title=\"Personnalis\u00e9 cor\u00e9en Noble Manquer de Luxe \u00e0 la main bustier Sexy Import\u00e9s en satin de fuite principal robe de mari\u00e9e\" alt=\"Customized Korean Noble Miss Luxury handmade Sexy strapless Imported satin trailing main wedding dress\" \/><\/p>\n<p><img loading=\"lazy\" decoding=\"async\" src=\"https:\/\/www.top-queens.co.uk\/wp-content\/uploads\/2025\/02\/2025021109184873.jpg\"  width=\"1000\" height=\"1000\" class=\"alignnone size-full wp-image-2341\" srcset=\"https:\/\/www.top-queens.co.uk\/wp-content\/uploads\/2025\/02\/2025021109184873.jpg 1000w, https:\/\/www.top-queens.co.uk\/wp-content\/uploads\/2025\/02\/2025021109184873-300x300.jpg 300w, https:\/\/www.top-queens.co.uk\/wp-content\/uploads\/2025\/02\/2025021109184873-150x150.jpg 150w, https:\/\/www.top-queens.co.uk\/wp-content\/uploads\/2025\/02\/2025021109184873-768x768.jpg 768w, https:\/\/www.top-queens.co.uk\/wp-content\/uploads\/2025\/02\/2025021109184873-600x600.jpg 600w, https:\/\/www.top-queens.co.uk\/wp-content\/uploads\/2025\/02\/2025021109184873-100x100.jpg 100w\" sizes=\"auto, (max-width: 1000px) 100vw, 1000px\" title=\"Personnalis\u00e9 cor\u00e9en Noble Manquer de Luxe \u00e0 la main bustier Sexy Import\u00e9s en satin de fuite principal robe de mari\u00e9e\" alt=\"Customized Korean Noble Miss Luxury handmade Sexy strapless Imported satin trailing main wedding dress\" \/><\/p>","protected":false},"excerpt":{"rendered":"","protected":false},"featured_media":2342,"comment_status":"closed","ping_status":"closed","template":"","meta":[],"product_cat":[25],"product_tag":[],"class_list":{"0":"post-2336","1":"product","2":"type-product","3":"status-publish","4":"has-post-thumbnail","6":"product_cat-fit-and-flare-wedding-dresses","8":"first","9":"instock","10":"sale","11":"shipping-taxable","12":"purchasable","13":"product-type-variable","14":"has-default-attributes"},"jetpack_sharing_enabled":true,"_links":{"self":[{"href":"https:\/\/www.top-queens.co.uk\/fr\/wp-json\/wp\/v2\/product\/2336","targetHints":{"allow":["GET"]}}],"collection":[{"href":"https:\/\/www.top-queens.co.uk\/fr\/wp-json\/wp\/v2\/product"}],"about":[{"href":"https:\/\/www.top-queens.co.uk\/fr\/wp-json\/wp\/v2\/types\/product"}],"replies":[{"embeddable":true,"href":"https:\/\/www.top-queens.co.uk\/fr\/wp-json\/wp\/v2\/comments?post=2336"}],"wp:featuredmedia":[{"embeddable":true,"href":"https:\/\/www.top-queens.co.uk\/fr\/wp-json\/wp\/v2\/media\/2342"}],"wp:attachment":[{"href":"https:\/\/www.top-queens.co.uk\/fr\/wp-json\/wp\/v2\/media?parent=2336"}],"wp:term":[{"taxonomy":"product_cat","embeddable":true,"href":"https:\/\/www.top-queens.co.uk\/fr\/wp-json\/wp\/v2\/product_cat?post=2336"},{"taxonomy":"product_tag","embeddable":true,"href":"https:\/\/www.top-queens.co.uk\/fr\/wp-json\/wp\/v2\/product_tag?post=2336"}],"curies":[{"name":"wp","href":"https:\/\/api.w.org\/{rel}","templated":true}]}}