{"id":2323,"date":"2025-02-11T09:16:05","date_gmt":"2025-02-11T09:16:05","guid":{"rendered":"https:\/\/www.top-queens.co.uk\/product\/2323.html"},"modified":"2025-02-11T09:16:05","modified_gmt":"2025-02-11T09:16:05","slug":"customized-roman-retro-court-sweet-and-elegant-square-collar-with-exposed-back-luxurious-satin-minimalist-wedding-dress","status":"publish","type":"product","link":"https:\/\/www.top-queens.co.uk\/fr\/product\/2323.html","title":{"rendered":"Personnalis\u00e9 Romain R\u00e9tro Cour Doux et \u00e9l\u00e9gant Carr\u00e9 collier avec des expos\u00e9s de satin de Luxe minimaliste robe de mari\u00e9e"},"content":{"rendered":"<p><img loading=\"lazy\" decoding=\"async\" src=\"https:\/\/www.top-queens.co.uk\/wp-content\/uploads\/2025\/02\/2025021109132361.jpg\"  width=\"800\" height=\"800\" class=\"alignnone size-full wp-image-2333\" srcset=\"https:\/\/www.top-queens.co.uk\/wp-content\/uploads\/2025\/02\/2025021109132361.jpg 800w, https:\/\/www.top-queens.co.uk\/wp-content\/uploads\/2025\/02\/2025021109132361-300x300.jpg 300w, https:\/\/www.top-queens.co.uk\/wp-content\/uploads\/2025\/02\/2025021109132361-150x150.jpg 150w, https:\/\/www.top-queens.co.uk\/wp-content\/uploads\/2025\/02\/2025021109132361-768x768.jpg 768w, https:\/\/www.top-queens.co.uk\/wp-content\/uploads\/2025\/02\/2025021109132361-600x600.jpg 600w, https:\/\/www.top-queens.co.uk\/wp-content\/uploads\/2025\/02\/2025021109132361-100x100.jpg 100w\" sizes=\"auto, (max-width: 800px) 100vw, 800px\" title=\"Personnalis\u00e9 Romain R\u00e9tro Cour Doux et \u00e9l\u00e9gant Carr\u00e9 collier avec des expos\u00e9s de satin de Luxe minimaliste robe de mari\u00e9e\" alt=\"Customized Roman Retro Court Sweet and elegant Square collar with exposed back Luxurious satin minimalist wedding dress\" \/><\/p>\n<p><img loading=\"lazy\" decoding=\"async\" src=\"https:\/\/www.top-queens.co.uk\/wp-content\/uploads\/2025\/02\/2025021109123481.jpg\"  width=\"750\" height=\"1081\" class=\"alignnone size-full wp-image-2324\" srcset=\"https:\/\/www.top-queens.co.uk\/wp-content\/uploads\/2025\/02\/2025021109123481.jpg 750w, https:\/\/www.top-queens.co.uk\/wp-content\/uploads\/2025\/02\/2025021109123481-208x300.jpg 208w, https:\/\/www.top-queens.co.uk\/wp-content\/uploads\/2025\/02\/2025021109123481-710x1024.jpg 710w, https:\/\/www.top-queens.co.uk\/wp-content\/uploads\/2025\/02\/2025021109123481-600x865.jpg 600w\" sizes=\"auto, (max-width: 750px) 100vw, 750px\" title=\"Personnalis\u00e9 Romain R\u00e9tro Cour Doux et \u00e9l\u00e9gant Carr\u00e9 collier avec des expos\u00e9s de satin de Luxe minimaliste robe de mari\u00e9e\" alt=\"Customized Roman Retro Court Sweet and elegant Square collar with exposed back Luxurious satin minimalist wedding dress\" \/><\/p>\n<p><img loading=\"lazy\" decoding=\"async\" src=\"https:\/\/www.top-queens.co.uk\/wp-content\/uploads\/2025\/02\/2025021109123965.jpg\"  width=\"750\" height=\"933\" class=\"alignnone size-full wp-image-2325\" srcset=\"https:\/\/www.top-queens.co.uk\/wp-content\/uploads\/2025\/02\/2025021109123965.jpg 750w, https:\/\/www.top-queens.co.uk\/wp-content\/uploads\/2025\/02\/2025021109123965-241x300.jpg 241w, https:\/\/www.top-queens.co.uk\/wp-content\/uploads\/2025\/02\/2025021109123965-600x746.jpg 600w\" sizes=\"auto, (max-width: 750px) 100vw, 750px\" title=\"Personnalis\u00e9 Romain R\u00e9tro Cour Doux et \u00e9l\u00e9gant Carr\u00e9 collier avec des expos\u00e9s de satin de Luxe minimaliste robe de mari\u00e9e\" alt=\"Customized Roman Retro Court Sweet and elegant Square collar with exposed back Luxurious satin minimalist wedding dress\" \/><\/p>\n<p><img loading=\"lazy\" decoding=\"async\" src=\"https:\/\/www.top-queens.co.uk\/wp-content\/uploads\/2025\/02\/2025021109124557.jpg\"  width=\"750\" height=\"926\" class=\"alignnone size-full wp-image-2326\" srcset=\"https:\/\/www.top-queens.co.uk\/wp-content\/uploads\/2025\/02\/2025021109124557.jpg 750w, https:\/\/www.top-queens.co.uk\/wp-content\/uploads\/2025\/02\/2025021109124557-243x300.jpg 243w, https:\/\/www.top-queens.co.uk\/wp-content\/uploads\/2025\/02\/2025021109124557-600x741.jpg 600w\" sizes=\"auto, (max-width: 750px) 100vw, 750px\" title=\"Personnalis\u00e9 Romain R\u00e9tro Cour Doux et \u00e9l\u00e9gant Carr\u00e9 collier avec des expos\u00e9s de satin de Luxe minimaliste robe de mari\u00e9e\" alt=\"Customized Roman Retro Court Sweet and elegant Square collar with exposed back Luxurious satin minimalist wedding dress\" \/><\/p>\n<p><img loading=\"lazy\" decoding=\"async\" src=\"https:\/\/www.top-queens.co.uk\/wp-content\/uploads\/2025\/02\/2025021109125046.jpg\"  width=\"750\" height=\"997\" class=\"alignnone size-full wp-image-2327\" srcset=\"https:\/\/www.top-queens.co.uk\/wp-content\/uploads\/2025\/02\/2025021109125046.jpg 750w, https:\/\/www.top-queens.co.uk\/wp-content\/uploads\/2025\/02\/2025021109125046-226x300.jpg 226w, https:\/\/www.top-queens.co.uk\/wp-content\/uploads\/2025\/02\/2025021109125046-600x798.jpg 600w\" sizes=\"auto, (max-width: 750px) 100vw, 750px\" title=\"Personnalis\u00e9 Romain R\u00e9tro Cour Doux et \u00e9l\u00e9gant Carr\u00e9 collier avec des expos\u00e9s de satin de Luxe minimaliste robe de mari\u00e9e\" alt=\"Customized Roman Retro Court Sweet and elegant Square collar with exposed back Luxurious satin minimalist wedding dress\" \/><\/p>\n<p><img loading=\"lazy\" decoding=\"async\" src=\"https:\/\/www.top-queens.co.uk\/wp-content\/uploads\/2025\/02\/2025021109125429.jpg\"  width=\"800\" height=\"800\" class=\"alignnone size-full wp-image-2328\" srcset=\"https:\/\/www.top-queens.co.uk\/wp-content\/uploads\/2025\/02\/2025021109125429.jpg 800w, https:\/\/www.top-queens.co.uk\/wp-content\/uploads\/2025\/02\/2025021109125429-300x300.jpg 300w, https:\/\/www.top-queens.co.uk\/wp-content\/uploads\/2025\/02\/2025021109125429-150x150.jpg 150w, https:\/\/www.top-queens.co.uk\/wp-content\/uploads\/2025\/02\/2025021109125429-768x768.jpg 768w, https:\/\/www.top-queens.co.uk\/wp-content\/uploads\/2025\/02\/2025021109125429-600x600.jpg 600w, https:\/\/www.top-queens.co.uk\/wp-content\/uploads\/2025\/02\/2025021109125429-100x100.jpg 100w\" sizes=\"auto, (max-width: 800px) 100vw, 800px\" title=\"Personnalis\u00e9 Romain R\u00e9tro Cour Doux et \u00e9l\u00e9gant Carr\u00e9 collier avec des expos\u00e9s de satin de Luxe minimaliste robe de mari\u00e9e\" alt=\"Customized Roman Retro Court Sweet and elegant Square collar with exposed back Luxurious satin minimalist wedding dress\" \/><\/p>\n<p><img loading=\"lazy\" decoding=\"async\" src=\"https:\/\/www.top-queens.co.uk\/wp-content\/uploads\/2025\/02\/2025021109125991.jpg\"  width=\"800\" height=\"800\" class=\"alignnone size-full wp-image-2329\" srcset=\"https:\/\/www.top-queens.co.uk\/wp-content\/uploads\/2025\/02\/2025021109125991.jpg 800w, https:\/\/www.top-queens.co.uk\/wp-content\/uploads\/2025\/02\/2025021109125991-300x300.jpg 300w, https:\/\/www.top-queens.co.uk\/wp-content\/uploads\/2025\/02\/2025021109125991-150x150.jpg 150w, https:\/\/www.top-queens.co.uk\/wp-content\/uploads\/2025\/02\/2025021109125991-768x768.jpg 768w, https:\/\/www.top-queens.co.uk\/wp-content\/uploads\/2025\/02\/2025021109125991-600x600.jpg 600w, https:\/\/www.top-queens.co.uk\/wp-content\/uploads\/2025\/02\/2025021109125991-100x100.jpg 100w\" sizes=\"auto, (max-width: 800px) 100vw, 800px\" title=\"Personnalis\u00e9 Romain R\u00e9tro Cour Doux et \u00e9l\u00e9gant Carr\u00e9 collier avec des expos\u00e9s de satin de Luxe minimaliste robe de mari\u00e9e\" alt=\"Customized Roman Retro Court Sweet and elegant Square collar with exposed back Luxurious satin minimalist wedding dress\" \/><\/p>\n<p><img loading=\"lazy\" decoding=\"async\" src=\"https:\/\/www.top-queens.co.uk\/wp-content\/uploads\/2025\/02\/2025021109130350.jpg\"  width=\"800\" height=\"800\" class=\"alignnone size-full wp-image-2330\" srcset=\"https:\/\/www.top-queens.co.uk\/wp-content\/uploads\/2025\/02\/2025021109130350.jpg 800w, https:\/\/www.top-queens.co.uk\/wp-content\/uploads\/2025\/02\/2025021109130350-300x300.jpg 300w, https:\/\/www.top-queens.co.uk\/wp-content\/uploads\/2025\/02\/2025021109130350-150x150.jpg 150w, https:\/\/www.top-queens.co.uk\/wp-content\/uploads\/2025\/02\/2025021109130350-768x768.jpg 768w, https:\/\/www.top-queens.co.uk\/wp-content\/uploads\/2025\/02\/2025021109130350-600x600.jpg 600w, https:\/\/www.top-queens.co.uk\/wp-content\/uploads\/2025\/02\/2025021109130350-100x100.jpg 100w\" sizes=\"auto, (max-width: 800px) 100vw, 800px\" title=\"Personnalis\u00e9 Romain R\u00e9tro Cour Doux et \u00e9l\u00e9gant Carr\u00e9 collier avec des expos\u00e9s de satin de Luxe minimaliste robe de mari\u00e9e\" alt=\"Customized Roman Retro Court Sweet and elegant Square collar with exposed back Luxurious satin minimalist wedding dress\" \/><\/p>\n<p><img loading=\"lazy\" decoding=\"async\" src=\"https:\/\/www.top-queens.co.uk\/wp-content\/uploads\/2025\/02\/2025021109130765.jpg\"  width=\"800\" height=\"800\" class=\"alignnone size-full wp-image-2331\" srcset=\"https:\/\/www.top-queens.co.uk\/wp-content\/uploads\/2025\/02\/2025021109130765.jpg 800w, https:\/\/www.top-queens.co.uk\/wp-content\/uploads\/2025\/02\/2025021109130765-300x300.jpg 300w, https:\/\/www.top-queens.co.uk\/wp-content\/uploads\/2025\/02\/2025021109130765-150x150.jpg 150w, https:\/\/www.top-queens.co.uk\/wp-content\/uploads\/2025\/02\/2025021109130765-768x768.jpg 768w, https:\/\/www.top-queens.co.uk\/wp-content\/uploads\/2025\/02\/2025021109130765-600x600.jpg 600w, https:\/\/www.top-queens.co.uk\/wp-content\/uploads\/2025\/02\/2025021109130765-100x100.jpg 100w\" sizes=\"auto, (max-width: 800px) 100vw, 800px\" title=\"Personnalis\u00e9 Romain R\u00e9tro Cour Doux et \u00e9l\u00e9gant Carr\u00e9 collier avec des expos\u00e9s de satin de Luxe minimaliste robe de mari\u00e9e\" alt=\"Customized Roman Retro Court Sweet and elegant Square collar with exposed back Luxurious satin minimalist wedding dress\" \/><\/p>\n<p><img loading=\"lazy\" decoding=\"async\" src=\"https:\/\/www.top-queens.co.uk\/wp-content\/uploads\/2025\/02\/2025021109131263.jpg\"  width=\"750\" height=\"987\" class=\"alignnone size-full wp-image-2332\" srcset=\"https:\/\/www.top-queens.co.uk\/wp-content\/uploads\/2025\/02\/2025021109131263.jpg 750w, https:\/\/www.top-queens.co.uk\/wp-content\/uploads\/2025\/02\/2025021109131263-228x300.jpg 228w, https:\/\/www.top-queens.co.uk\/wp-content\/uploads\/2025\/02\/2025021109131263-600x790.jpg 600w\" sizes=\"auto, (max-width: 750px) 100vw, 750px\" title=\"Personnalis\u00e9 Romain R\u00e9tro Cour Doux et \u00e9l\u00e9gant Carr\u00e9 collier avec des expos\u00e9s de satin de Luxe minimaliste robe de mari\u00e9e\" alt=\"Customized Roman Retro Court Sweet and elegant Square collar with exposed back Luxurious satin minimalist wedding dress\" \/><\/p>","protected":false},"excerpt":{"rendered":"","protected":false},"featured_media":2333,"comment_status":"closed","ping_status":"closed","template":"","meta":[],"product_cat":[27],"product_tag":[],"class_list":{"0":"post-2323","1":"product","2":"type-product","3":"status-publish","4":"has-post-thumbnail","6":"product_cat-fitted-wedding-dresses","8":"first","9":"instock","10":"sale","11":"shipping-taxable","12":"purchasable","13":"product-type-variable","14":"has-default-attributes"},"jetpack_sharing_enabled":true,"_links":{"self":[{"href":"https:\/\/www.top-queens.co.uk\/fr\/wp-json\/wp\/v2\/product\/2323","targetHints":{"allow":["GET"]}}],"collection":[{"href":"https:\/\/www.top-queens.co.uk\/fr\/wp-json\/wp\/v2\/product"}],"about":[{"href":"https:\/\/www.top-queens.co.uk\/fr\/wp-json\/wp\/v2\/types\/product"}],"replies":[{"embeddable":true,"href":"https:\/\/www.top-queens.co.uk\/fr\/wp-json\/wp\/v2\/comments?post=2323"}],"wp:featuredmedia":[{"embeddable":true,"href":"https:\/\/www.top-queens.co.uk\/fr\/wp-json\/wp\/v2\/media\/2333"}],"wp:attachment":[{"href":"https:\/\/www.top-queens.co.uk\/fr\/wp-json\/wp\/v2\/media?parent=2323"}],"wp:term":[{"taxonomy":"product_cat","embeddable":true,"href":"https:\/\/www.top-queens.co.uk\/fr\/wp-json\/wp\/v2\/product_cat?post=2323"},{"taxonomy":"product_tag","embeddable":true,"href":"https:\/\/www.top-queens.co.uk\/fr\/wp-json\/wp\/v2\/product_tag?post=2323"}],"curies":[{"name":"wp","href":"https:\/\/api.w.org\/{rel}","templated":true}]}}