{"id":2312,"date":"2025-02-11T09:08:15","date_gmt":"2025-02-11T09:08:15","guid":{"rendered":"https:\/\/www.top-queens.co.uk\/product\/2312.html"},"modified":"2025-02-11T09:08:15","modified_gmt":"2025-02-11T09:08:15","slug":"customized-versailles-princess-style-elegant-and-dignified-noble-socialite-luxury-pearl-satin-wedding-dress","status":"publish","type":"product","link":"https:\/\/www.top-queens.co.uk\/fr\/product\/2312.html","title":{"rendered":"Personnalis\u00e9 Versailles princesse style \u00c9l\u00e9gant et digne, Noble et mondain de Luxe perle robe de mari\u00e9e en satin"},"content":{"rendered":"<p><img loading=\"lazy\" decoding=\"async\" src=\"https:\/\/www.top-queens.co.uk\/wp-content\/uploads\/2025\/02\/2025021109064345.jpg\"  width=\"800\" height=\"800\" class=\"alignnone size-full wp-image-2320\" srcset=\"https:\/\/www.top-queens.co.uk\/wp-content\/uploads\/2025\/02\/2025021109064345.jpg 800w, https:\/\/www.top-queens.co.uk\/wp-content\/uploads\/2025\/02\/2025021109064345-300x300.jpg 300w, https:\/\/www.top-queens.co.uk\/wp-content\/uploads\/2025\/02\/2025021109064345-150x150.jpg 150w, https:\/\/www.top-queens.co.uk\/wp-content\/uploads\/2025\/02\/2025021109064345-768x768.jpg 768w, https:\/\/www.top-queens.co.uk\/wp-content\/uploads\/2025\/02\/2025021109064345-600x600.jpg 600w, https:\/\/www.top-queens.co.uk\/wp-content\/uploads\/2025\/02\/2025021109064345-100x100.jpg 100w\" sizes=\"auto, (max-width: 800px) 100vw, 800px\" title=\"Personnalis\u00e9 Versailles princesse style \u00c9l\u00e9gant et digne, Noble et mondain de Luxe perle robe de mari\u00e9e en satin\" alt=\"Customized Versailles princess style Elegant and dignified Noble socialite Luxury pearl satin wedding dress\" \/><\/p>\n<p><img loading=\"lazy\" decoding=\"async\" src=\"https:\/\/www.top-queens.co.uk\/wp-content\/uploads\/2025\/02\/2025021109055364.jpg\"  width=\"790\" height=\"1223\" class=\"alignnone size-full wp-image-2313\" srcset=\"https:\/\/www.top-queens.co.uk\/wp-content\/uploads\/2025\/02\/2025021109055364.jpg 790w, https:\/\/www.top-queens.co.uk\/wp-content\/uploads\/2025\/02\/2025021109055364-194x300.jpg 194w, https:\/\/www.top-queens.co.uk\/wp-content\/uploads\/2025\/02\/2025021109055364-661x1024.jpg 661w, https:\/\/www.top-queens.co.uk\/wp-content\/uploads\/2025\/02\/2025021109055364-768x1189.jpg 768w, https:\/\/www.top-queens.co.uk\/wp-content\/uploads\/2025\/02\/2025021109055364-600x929.jpg 600w\" sizes=\"auto, (max-width: 790px) 100vw, 790px\" title=\"Personnalis\u00e9 Versailles princesse style \u00c9l\u00e9gant et digne, Noble et mondain de Luxe perle robe de mari\u00e9e en satin\" alt=\"Customized Versailles princess style Elegant and dignified Noble socialite Luxury pearl satin wedding dress\" \/><\/p>\n<p><img loading=\"lazy\" decoding=\"async\" src=\"https:\/\/www.top-queens.co.uk\/wp-content\/uploads\/2025\/02\/2025021109055781.jpg\"  width=\"790\" height=\"851\" class=\"alignnone size-full wp-image-2314\" srcset=\"https:\/\/www.top-queens.co.uk\/wp-content\/uploads\/2025\/02\/2025021109055781.jpg 790w, https:\/\/www.top-queens.co.uk\/wp-content\/uploads\/2025\/02\/2025021109055781-278x300.jpg 278w, https:\/\/www.top-queens.co.uk\/wp-content\/uploads\/2025\/02\/2025021109055781-768x827.jpg 768w, https:\/\/www.top-queens.co.uk\/wp-content\/uploads\/2025\/02\/2025021109055781-600x646.jpg 600w\" sizes=\"auto, (max-width: 790px) 100vw, 790px\" title=\"Personnalis\u00e9 Versailles princesse style \u00c9l\u00e9gant et digne, Noble et mondain de Luxe perle robe de mari\u00e9e en satin\" alt=\"Customized Versailles princess style Elegant and dignified Noble socialite Luxury pearl satin wedding dress\" \/><\/p>\n<p><img loading=\"lazy\" decoding=\"async\" src=\"https:\/\/www.top-queens.co.uk\/wp-content\/uploads\/2025\/02\/202502110906024.jpg\"  width=\"800\" height=\"800\" class=\"alignnone size-full wp-image-2315\" srcset=\"https:\/\/www.top-queens.co.uk\/wp-content\/uploads\/2025\/02\/202502110906024.jpg 800w, https:\/\/www.top-queens.co.uk\/wp-content\/uploads\/2025\/02\/202502110906024-300x300.jpg 300w, https:\/\/www.top-queens.co.uk\/wp-content\/uploads\/2025\/02\/202502110906024-150x150.jpg 150w, https:\/\/www.top-queens.co.uk\/wp-content\/uploads\/2025\/02\/202502110906024-768x768.jpg 768w, https:\/\/www.top-queens.co.uk\/wp-content\/uploads\/2025\/02\/202502110906024-600x600.jpg 600w, https:\/\/www.top-queens.co.uk\/wp-content\/uploads\/2025\/02\/202502110906024-100x100.jpg 100w\" sizes=\"auto, (max-width: 800px) 100vw, 800px\" title=\"Personnalis\u00e9 Versailles princesse style \u00c9l\u00e9gant et digne, Noble et mondain de Luxe perle robe de mari\u00e9e en satin\" alt=\"Customized Versailles princess style Elegant and dignified Noble socialite Luxury pearl satin wedding dress\" \/><\/p>\n<p><img loading=\"lazy\" decoding=\"async\" src=\"https:\/\/www.top-queens.co.uk\/wp-content\/uploads\/2025\/02\/2025021109060675.jpg\"  width=\"800\" height=\"800\" class=\"alignnone size-full wp-image-2316\" srcset=\"https:\/\/www.top-queens.co.uk\/wp-content\/uploads\/2025\/02\/2025021109060675.jpg 800w, https:\/\/www.top-queens.co.uk\/wp-content\/uploads\/2025\/02\/2025021109060675-300x300.jpg 300w, https:\/\/www.top-queens.co.uk\/wp-content\/uploads\/2025\/02\/2025021109060675-150x150.jpg 150w, https:\/\/www.top-queens.co.uk\/wp-content\/uploads\/2025\/02\/2025021109060675-768x768.jpg 768w, https:\/\/www.top-queens.co.uk\/wp-content\/uploads\/2025\/02\/2025021109060675-600x600.jpg 600w, https:\/\/www.top-queens.co.uk\/wp-content\/uploads\/2025\/02\/2025021109060675-100x100.jpg 100w\" sizes=\"auto, (max-width: 800px) 100vw, 800px\" title=\"Personnalis\u00e9 Versailles princesse style \u00c9l\u00e9gant et digne, Noble et mondain de Luxe perle robe de mari\u00e9e en satin\" alt=\"Customized Versailles princess style Elegant and dignified Noble socialite Luxury pearl satin wedding dress\" \/><\/p>\n<p><img loading=\"lazy\" decoding=\"async\" src=\"https:\/\/www.top-queens.co.uk\/wp-content\/uploads\/2025\/02\/2025021109061058.jpg\"  width=\"790\" height=\"820\" class=\"alignnone size-full wp-image-2317\" srcset=\"https:\/\/www.top-queens.co.uk\/wp-content\/uploads\/2025\/02\/2025021109061058.jpg 790w, https:\/\/www.top-queens.co.uk\/wp-content\/uploads\/2025\/02\/2025021109061058-289x300.jpg 289w, https:\/\/www.top-queens.co.uk\/wp-content\/uploads\/2025\/02\/2025021109061058-768x797.jpg 768w, https:\/\/www.top-queens.co.uk\/wp-content\/uploads\/2025\/02\/2025021109061058-600x623.jpg 600w\" sizes=\"auto, (max-width: 790px) 100vw, 790px\" title=\"Personnalis\u00e9 Versailles princesse style \u00c9l\u00e9gant et digne, Noble et mondain de Luxe perle robe de mari\u00e9e en satin\" alt=\"Customized Versailles princess style Elegant and dignified Noble socialite Luxury pearl satin wedding dress\" \/><\/p>\n<p><img loading=\"lazy\" decoding=\"async\" src=\"https:\/\/www.top-queens.co.uk\/wp-content\/uploads\/2025\/02\/2025021109061479.jpg\"  width=\"800\" height=\"800\" class=\"alignnone size-full wp-image-2318\" srcset=\"https:\/\/www.top-queens.co.uk\/wp-content\/uploads\/2025\/02\/2025021109061479.jpg 800w, https:\/\/www.top-queens.co.uk\/wp-content\/uploads\/2025\/02\/2025021109061479-300x300.jpg 300w, https:\/\/www.top-queens.co.uk\/wp-content\/uploads\/2025\/02\/2025021109061479-150x150.jpg 150w, https:\/\/www.top-queens.co.uk\/wp-content\/uploads\/2025\/02\/2025021109061479-768x768.jpg 768w, https:\/\/www.top-queens.co.uk\/wp-content\/uploads\/2025\/02\/2025021109061479-600x600.jpg 600w, https:\/\/www.top-queens.co.uk\/wp-content\/uploads\/2025\/02\/2025021109061479-100x100.jpg 100w\" sizes=\"auto, (max-width: 800px) 100vw, 800px\" title=\"Personnalis\u00e9 Versailles princesse style \u00c9l\u00e9gant et digne, Noble et mondain de Luxe perle robe de mari\u00e9e en satin\" alt=\"Customized Versailles princess style Elegant and dignified Noble socialite Luxury pearl satin wedding dress\" \/><\/p>\n<p><img loading=\"lazy\" decoding=\"async\" src=\"https:\/\/www.top-queens.co.uk\/wp-content\/uploads\/2025\/02\/2025021109061874.jpg\"  width=\"800\" height=\"800\" class=\"alignnone size-full wp-image-2319\" srcset=\"https:\/\/www.top-queens.co.uk\/wp-content\/uploads\/2025\/02\/2025021109061874.jpg 800w, https:\/\/www.top-queens.co.uk\/wp-content\/uploads\/2025\/02\/2025021109061874-300x300.jpg 300w, https:\/\/www.top-queens.co.uk\/wp-content\/uploads\/2025\/02\/2025021109061874-150x150.jpg 150w, https:\/\/www.top-queens.co.uk\/wp-content\/uploads\/2025\/02\/2025021109061874-768x768.jpg 768w, https:\/\/www.top-queens.co.uk\/wp-content\/uploads\/2025\/02\/2025021109061874-600x600.jpg 600w, https:\/\/www.top-queens.co.uk\/wp-content\/uploads\/2025\/02\/2025021109061874-100x100.jpg 100w\" sizes=\"auto, (max-width: 800px) 100vw, 800px\" title=\"Personnalis\u00e9 Versailles princesse style \u00c9l\u00e9gant et digne, Noble et mondain de Luxe perle robe de mari\u00e9e en satin\" alt=\"Customized Versailles princess style Elegant and dignified Noble socialite Luxury pearl satin wedding dress\" \/><\/p>","protected":false},"excerpt":{"rendered":"","protected":false},"featured_media":2320,"comment_status":"closed","ping_status":"closed","template":"","meta":[],"product_cat":[29],"product_tag":[],"class_list":{"0":"post-2312","1":"product","2":"type-product","3":"status-publish","4":"has-post-thumbnail","6":"product_cat-princess-wedding-dresses","8":"first","9":"instock","10":"sale","11":"shipping-taxable","12":"purchasable","13":"product-type-variable","14":"has-default-attributes"},"jetpack_sharing_enabled":true,"_links":{"self":[{"href":"https:\/\/www.top-queens.co.uk\/fr\/wp-json\/wp\/v2\/product\/2312","targetHints":{"allow":["GET"]}}],"collection":[{"href":"https:\/\/www.top-queens.co.uk\/fr\/wp-json\/wp\/v2\/product"}],"about":[{"href":"https:\/\/www.top-queens.co.uk\/fr\/wp-json\/wp\/v2\/types\/product"}],"replies":[{"embeddable":true,"href":"https:\/\/www.top-queens.co.uk\/fr\/wp-json\/wp\/v2\/comments?post=2312"}],"wp:featuredmedia":[{"embeddable":true,"href":"https:\/\/www.top-queens.co.uk\/fr\/wp-json\/wp\/v2\/media\/2320"}],"wp:attachment":[{"href":"https:\/\/www.top-queens.co.uk\/fr\/wp-json\/wp\/v2\/media?parent=2312"}],"wp:term":[{"taxonomy":"product_cat","embeddable":true,"href":"https:\/\/www.top-queens.co.uk\/fr\/wp-json\/wp\/v2\/product_cat?post=2312"},{"taxonomy":"product_tag","embeddable":true,"href":"https:\/\/www.top-queens.co.uk\/fr\/wp-json\/wp\/v2\/product_tag?post=2312"}],"curies":[{"name":"wp","href":"https:\/\/api.w.org\/{rel}","templated":true}]}}