{"id":2301,"date":"2025-02-11T09:03:45","date_gmt":"2025-02-11T09:03:45","guid":{"rendered":"https:\/\/www.top-queens.co.uk\/product\/2301.html"},"modified":"2025-02-11T09:03:45","modified_gmt":"2025-02-11T09:03:45","slug":"customized-sweet-forest-series-strapless-organza-satin-fabric-travel-photography-super-immortal-studio-wedding-dress","status":"publish","type":"product","link":"https:\/\/www.top-queens.co.uk\/fr\/product\/2301.html","title":{"rendered":"Personnalis\u00e9 Douce de la For\u00eat de la S\u00e9rie Bustier en organza Satin tissu de la Photographie de Voyage Super Immortel Studio Robe de Mari\u00e9e"},"content":{"rendered":"<p><img loading=\"lazy\" decoding=\"async\" src=\"https:\/\/www.top-queens.co.uk\/wp-content\/uploads\/2025\/02\/2025021109022796.jpg\"  width=\"1240\" height=\"1654\" class=\"alignnone size-full wp-image-2310\" srcset=\"https:\/\/www.top-queens.co.uk\/wp-content\/uploads\/2025\/02\/2025021109022796.jpg 1240w, https:\/\/www.top-queens.co.uk\/wp-content\/uploads\/2025\/02\/2025021109022796-225x300.jpg 225w, https:\/\/www.top-queens.co.uk\/wp-content\/uploads\/2025\/02\/2025021109022796-768x1024.jpg 768w, https:\/\/www.top-queens.co.uk\/wp-content\/uploads\/2025\/02\/2025021109022796-1152x1536.jpg 1152w, https:\/\/www.top-queens.co.uk\/wp-content\/uploads\/2025\/02\/2025021109022796-600x800.jpg 600w\" sizes=\"auto, (max-width: 1240px) 100vw, 1240px\" title=\"Personnalis\u00e9 Douce de la For\u00eat de la S\u00e9rie Bustier en organza Satin tissu de la Photographie de Voyage Super Immortel Studio Robe de Mari\u00e9e\" alt=\"Customized Sweet Forest Series Strapless organza Satin fabric Travel Photography Super Immortal Studio Wedding Dress\" \/><\/p>\n<p><img loading=\"lazy\" decoding=\"async\" src=\"https:\/\/www.top-queens.co.uk\/wp-content\/uploads\/2025\/02\/2025021109001158.jpg\"  width=\"1920\" height=\"1920\" class=\"alignnone size-full wp-image-2302\" srcset=\"https:\/\/www.top-queens.co.uk\/wp-content\/uploads\/2025\/02\/2025021109001158.jpg 1920w, https:\/\/www.top-queens.co.uk\/wp-content\/uploads\/2025\/02\/2025021109001158-300x300.jpg 300w, https:\/\/www.top-queens.co.uk\/wp-content\/uploads\/2025\/02\/2025021109001158-1024x1024.jpg 1024w, https:\/\/www.top-queens.co.uk\/wp-content\/uploads\/2025\/02\/2025021109001158-150x150.jpg 150w, https:\/\/www.top-queens.co.uk\/wp-content\/uploads\/2025\/02\/2025021109001158-768x768.jpg 768w, https:\/\/www.top-queens.co.uk\/wp-content\/uploads\/2025\/02\/2025021109001158-1536x1536.jpg 1536w, https:\/\/www.top-queens.co.uk\/wp-content\/uploads\/2025\/02\/2025021109001158-600x600.jpg 600w, https:\/\/www.top-queens.co.uk\/wp-content\/uploads\/2025\/02\/2025021109001158-100x100.jpg 100w\" sizes=\"auto, (max-width: 1920px) 100vw, 1920px\" title=\"Personnalis\u00e9 Douce de la For\u00eat de la S\u00e9rie Bustier en organza Satin tissu de la Photographie de Voyage Super Immortel Studio Robe de Mari\u00e9e\" alt=\"Customized Sweet Forest Series Strapless organza Satin fabric Travel Photography Super Immortal Studio Wedding Dress\" \/><\/p>\n<p><img loading=\"lazy\" decoding=\"async\" src=\"https:\/\/www.top-queens.co.uk\/wp-content\/uploads\/2025\/02\/2025021109002316.jpg\"  width=\"1920\" height=\"1920\" class=\"alignnone size-full wp-image-2303\" srcset=\"https:\/\/www.top-queens.co.uk\/wp-content\/uploads\/2025\/02\/2025021109002316.jpg 1920w, https:\/\/www.top-queens.co.uk\/wp-content\/uploads\/2025\/02\/2025021109002316-300x300.jpg 300w, https:\/\/www.top-queens.co.uk\/wp-content\/uploads\/2025\/02\/2025021109002316-1024x1024.jpg 1024w, https:\/\/www.top-queens.co.uk\/wp-content\/uploads\/2025\/02\/2025021109002316-150x150.jpg 150w, https:\/\/www.top-queens.co.uk\/wp-content\/uploads\/2025\/02\/2025021109002316-768x768.jpg 768w, https:\/\/www.top-queens.co.uk\/wp-content\/uploads\/2025\/02\/2025021109002316-1536x1536.jpg 1536w, https:\/\/www.top-queens.co.uk\/wp-content\/uploads\/2025\/02\/2025021109002316-600x600.jpg 600w, https:\/\/www.top-queens.co.uk\/wp-content\/uploads\/2025\/02\/2025021109002316-100x100.jpg 100w\" sizes=\"auto, (max-width: 1920px) 100vw, 1920px\" title=\"Personnalis\u00e9 Douce de la For\u00eat de la S\u00e9rie Bustier en organza Satin tissu de la Photographie de Voyage Super Immortel Studio Robe de Mari\u00e9e\" alt=\"Customized Sweet Forest Series Strapless organza Satin fabric Travel Photography Super Immortal Studio Wedding Dress\" \/><\/p>\n<p><img loading=\"lazy\" decoding=\"async\" src=\"https:\/\/www.top-queens.co.uk\/wp-content\/uploads\/2025\/02\/2025021109004663.jpg\"  width=\"1920\" height=\"1920\" class=\"alignnone size-full wp-image-2304\" srcset=\"https:\/\/www.top-queens.co.uk\/wp-content\/uploads\/2025\/02\/2025021109004663.jpg 1920w, https:\/\/www.top-queens.co.uk\/wp-content\/uploads\/2025\/02\/2025021109004663-300x300.jpg 300w, https:\/\/www.top-queens.co.uk\/wp-content\/uploads\/2025\/02\/2025021109004663-1024x1024.jpg 1024w, https:\/\/www.top-queens.co.uk\/wp-content\/uploads\/2025\/02\/2025021109004663-150x150.jpg 150w, https:\/\/www.top-queens.co.uk\/wp-content\/uploads\/2025\/02\/2025021109004663-768x768.jpg 768w, https:\/\/www.top-queens.co.uk\/wp-content\/uploads\/2025\/02\/2025021109004663-1536x1536.jpg 1536w, https:\/\/www.top-queens.co.uk\/wp-content\/uploads\/2025\/02\/2025021109004663-600x600.jpg 600w, https:\/\/www.top-queens.co.uk\/wp-content\/uploads\/2025\/02\/2025021109004663-100x100.jpg 100w\" sizes=\"auto, (max-width: 1920px) 100vw, 1920px\" title=\"Personnalis\u00e9 Douce de la For\u00eat de la S\u00e9rie Bustier en organza Satin tissu de la Photographie de Voyage Super Immortel Studio Robe de Mari\u00e9e\" alt=\"Customized Sweet Forest Series Strapless organza Satin fabric Travel Photography Super Immortal Studio Wedding Dress\" \/><\/p>\n<p><img loading=\"lazy\" decoding=\"async\" src=\"https:\/\/www.top-queens.co.uk\/wp-content\/uploads\/2025\/02\/2025021109005772.jpg\"  width=\"1440\" height=\"1795\" class=\"alignnone size-full wp-image-2305\" srcset=\"https:\/\/www.top-queens.co.uk\/wp-content\/uploads\/2025\/02\/2025021109005772.jpg 1440w, https:\/\/www.top-queens.co.uk\/wp-content\/uploads\/2025\/02\/2025021109005772-241x300.jpg 241w, https:\/\/www.top-queens.co.uk\/wp-content\/uploads\/2025\/02\/2025021109005772-821x1024.jpg 821w, https:\/\/www.top-queens.co.uk\/wp-content\/uploads\/2025\/02\/2025021109005772-768x957.jpg 768w, https:\/\/www.top-queens.co.uk\/wp-content\/uploads\/2025\/02\/2025021109005772-1232x1536.jpg 1232w, https:\/\/www.top-queens.co.uk\/wp-content\/uploads\/2025\/02\/2025021109005772-600x748.jpg 600w\" sizes=\"auto, (max-width: 1440px) 100vw, 1440px\" title=\"Personnalis\u00e9 Douce de la For\u00eat de la S\u00e9rie Bustier en organza Satin tissu de la Photographie de Voyage Super Immortel Studio Robe de Mari\u00e9e\" alt=\"Customized Sweet Forest Series Strapless organza Satin fabric Travel Photography Super Immortal Studio Wedding Dress\" \/><\/p>\n<p><img loading=\"lazy\" decoding=\"async\" src=\"https:\/\/www.top-queens.co.uk\/wp-content\/uploads\/2025\/02\/20250211090116100.jpg\"  width=\"1920\" height=\"1920\" class=\"alignnone size-full wp-image-2306\" srcset=\"https:\/\/www.top-queens.co.uk\/wp-content\/uploads\/2025\/02\/20250211090116100.jpg 1920w, https:\/\/www.top-queens.co.uk\/wp-content\/uploads\/2025\/02\/20250211090116100-300x300.jpg 300w, https:\/\/www.top-queens.co.uk\/wp-content\/uploads\/2025\/02\/20250211090116100-1024x1024.jpg 1024w, https:\/\/www.top-queens.co.uk\/wp-content\/uploads\/2025\/02\/20250211090116100-150x150.jpg 150w, https:\/\/www.top-queens.co.uk\/wp-content\/uploads\/2025\/02\/20250211090116100-768x768.jpg 768w, https:\/\/www.top-queens.co.uk\/wp-content\/uploads\/2025\/02\/20250211090116100-1536x1536.jpg 1536w, https:\/\/www.top-queens.co.uk\/wp-content\/uploads\/2025\/02\/20250211090116100-600x600.jpg 600w, https:\/\/www.top-queens.co.uk\/wp-content\/uploads\/2025\/02\/20250211090116100-100x100.jpg 100w\" sizes=\"auto, (max-width: 1920px) 100vw, 1920px\" title=\"Personnalis\u00e9 Douce de la For\u00eat de la S\u00e9rie Bustier en organza Satin tissu de la Photographie de Voyage Super Immortel Studio Robe de Mari\u00e9e\" alt=\"Customized Sweet Forest Series Strapless organza Satin fabric Travel Photography Super Immortal Studio Wedding Dress\" \/><\/p>\n<p><img loading=\"lazy\" decoding=\"async\" src=\"https:\/\/www.top-queens.co.uk\/wp-content\/uploads\/2025\/02\/2025021109013745.jpg\"  width=\"1920\" height=\"1920\" class=\"alignnone size-full wp-image-2307\" srcset=\"https:\/\/www.top-queens.co.uk\/wp-content\/uploads\/2025\/02\/2025021109013745.jpg 1920w, https:\/\/www.top-queens.co.uk\/wp-content\/uploads\/2025\/02\/2025021109013745-300x300.jpg 300w, https:\/\/www.top-queens.co.uk\/wp-content\/uploads\/2025\/02\/2025021109013745-1024x1024.jpg 1024w, https:\/\/www.top-queens.co.uk\/wp-content\/uploads\/2025\/02\/2025021109013745-150x150.jpg 150w, https:\/\/www.top-queens.co.uk\/wp-content\/uploads\/2025\/02\/2025021109013745-768x768.jpg 768w, https:\/\/www.top-queens.co.uk\/wp-content\/uploads\/2025\/02\/2025021109013745-1536x1536.jpg 1536w, https:\/\/www.top-queens.co.uk\/wp-content\/uploads\/2025\/02\/2025021109013745-600x600.jpg 600w, https:\/\/www.top-queens.co.uk\/wp-content\/uploads\/2025\/02\/2025021109013745-100x100.jpg 100w\" sizes=\"auto, (max-width: 1920px) 100vw, 1920px\" title=\"Personnalis\u00e9 Douce de la For\u00eat de la S\u00e9rie Bustier en organza Satin tissu de la Photographie de Voyage Super Immortel Studio Robe de Mari\u00e9e\" alt=\"Customized Sweet Forest Series Strapless organza Satin fabric Travel Photography Super Immortal Studio Wedding Dress\" \/><\/p>\n<p><img loading=\"lazy\" decoding=\"async\" src=\"https:\/\/www.top-queens.co.uk\/wp-content\/uploads\/2025\/02\/202502110901475.jpg\"  width=\"1440\" height=\"1795\" class=\"alignnone size-full wp-image-2308\" srcset=\"https:\/\/www.top-queens.co.uk\/wp-content\/uploads\/2025\/02\/202502110901475.jpg 1440w, https:\/\/www.top-queens.co.uk\/wp-content\/uploads\/2025\/02\/202502110901475-241x300.jpg 241w, https:\/\/www.top-queens.co.uk\/wp-content\/uploads\/2025\/02\/202502110901475-821x1024.jpg 821w, https:\/\/www.top-queens.co.uk\/wp-content\/uploads\/2025\/02\/202502110901475-768x957.jpg 768w, https:\/\/www.top-queens.co.uk\/wp-content\/uploads\/2025\/02\/202502110901475-1232x1536.jpg 1232w, https:\/\/www.top-queens.co.uk\/wp-content\/uploads\/2025\/02\/202502110901475-600x748.jpg 600w\" sizes=\"auto, (max-width: 1440px) 100vw, 1440px\" title=\"Personnalis\u00e9 Douce de la For\u00eat de la S\u00e9rie Bustier en organza Satin tissu de la Photographie de Voyage Super Immortel Studio Robe de Mari\u00e9e\" alt=\"Customized Sweet Forest Series Strapless organza Satin fabric Travel Photography Super Immortal Studio Wedding Dress\" \/><\/p>\n<p><img loading=\"lazy\" decoding=\"async\" src=\"https:\/\/www.top-queens.co.uk\/wp-content\/uploads\/2025\/02\/2025021109015969.jpg\"  width=\"1240\" height=\"1654\" class=\"alignnone size-full wp-image-2309\" srcset=\"https:\/\/www.top-queens.co.uk\/wp-content\/uploads\/2025\/02\/2025021109015969.jpg 1240w, https:\/\/www.top-queens.co.uk\/wp-content\/uploads\/2025\/02\/2025021109015969-225x300.jpg 225w, https:\/\/www.top-queens.co.uk\/wp-content\/uploads\/2025\/02\/2025021109015969-768x1024.jpg 768w, https:\/\/www.top-queens.co.uk\/wp-content\/uploads\/2025\/02\/2025021109015969-1152x1536.jpg 1152w, https:\/\/www.top-queens.co.uk\/wp-content\/uploads\/2025\/02\/2025021109015969-600x800.jpg 600w\" sizes=\"auto, (max-width: 1240px) 100vw, 1240px\" title=\"Personnalis\u00e9 Douce de la For\u00eat de la S\u00e9rie Bustier en organza Satin tissu de la Photographie de Voyage Super Immortel Studio Robe de Mari\u00e9e\" alt=\"Customized Sweet Forest Series Strapless organza Satin fabric Travel Photography Super Immortal Studio Wedding Dress\" \/><\/p>","protected":false},"excerpt":{"rendered":"","protected":false},"featured_media":2310,"comment_status":"closed","ping_status":"closed","template":"","meta":[],"product_cat":[34],"product_tag":[],"class_list":{"0":"post-2301","1":"product","2":"type-product","3":"status-publish","4":"has-post-thumbnail","6":"product_cat-column-wedding-dresses","8":"first","9":"instock","10":"sale","11":"shipping-taxable","12":"purchasable","13":"product-type-variable","14":"has-default-attributes"},"jetpack_sharing_enabled":true,"_links":{"self":[{"href":"https:\/\/www.top-queens.co.uk\/fr\/wp-json\/wp\/v2\/product\/2301","targetHints":{"allow":["GET"]}}],"collection":[{"href":"https:\/\/www.top-queens.co.uk\/fr\/wp-json\/wp\/v2\/product"}],"about":[{"href":"https:\/\/www.top-queens.co.uk\/fr\/wp-json\/wp\/v2\/types\/product"}],"replies":[{"embeddable":true,"href":"https:\/\/www.top-queens.co.uk\/fr\/wp-json\/wp\/v2\/comments?post=2301"}],"wp:featuredmedia":[{"embeddable":true,"href":"https:\/\/www.top-queens.co.uk\/fr\/wp-json\/wp\/v2\/media\/2310"}],"wp:attachment":[{"href":"https:\/\/www.top-queens.co.uk\/fr\/wp-json\/wp\/v2\/media?parent=2301"}],"wp:term":[{"taxonomy":"product_cat","embeddable":true,"href":"https:\/\/www.top-queens.co.uk\/fr\/wp-json\/wp\/v2\/product_cat?post=2301"},{"taxonomy":"product_tag","embeddable":true,"href":"https:\/\/www.top-queens.co.uk\/fr\/wp-json\/wp\/v2\/product_tag?post=2301"}],"curies":[{"name":"wp","href":"https:\/\/api.w.org\/{rel}","templated":true}]}}