{"id":2289,"date":"2025-02-11T08:52:37","date_gmt":"2025-02-11T08:52:37","guid":{"rendered":"https:\/\/www.top-queens.co.uk\/product\/2289.html"},"modified":"2025-02-11T08:52:37","modified_gmt":"2025-02-11T08:52:37","slug":"japanese-and-korean-elegant-aristocracy-mingyuan-sweet-wind-niche-design-hanging-neck-suspender-satin-wedding-dress","status":"publish","type":"product","link":"https:\/\/www.top-queens.co.uk\/fr\/product\/2289.html","title":{"rendered":"Le japonais et le cor\u00e9en \u00c9l\u00e9gant Aristocratie le mingyuan Doux Vent de Niche design Suspendu au cou bretelles robe de mari\u00e9e en satin"},"content":{"rendered":"<p><img loading=\"lazy\" decoding=\"async\" src=\"https:\/\/www.top-queens.co.uk\/wp-content\/uploads\/2025\/02\/2025021108502276.jpg\"  width=\"868\" height=\"868\" class=\"alignnone size-full wp-image-2290\" srcset=\"https:\/\/www.top-queens.co.uk\/wp-content\/uploads\/2025\/02\/2025021108502276.jpg 868w, https:\/\/www.top-queens.co.uk\/wp-content\/uploads\/2025\/02\/2025021108502276-300x300.jpg 300w, https:\/\/www.top-queens.co.uk\/wp-content\/uploads\/2025\/02\/2025021108502276-150x150.jpg 150w, https:\/\/www.top-queens.co.uk\/wp-content\/uploads\/2025\/02\/2025021108502276-768x768.jpg 768w, https:\/\/www.top-queens.co.uk\/wp-content\/uploads\/2025\/02\/2025021108502276-600x600.jpg 600w, https:\/\/www.top-queens.co.uk\/wp-content\/uploads\/2025\/02\/2025021108502276-100x100.jpg 100w\" sizes=\"auto, (max-width: 868px) 100vw, 868px\" title=\"Le japonais et le cor\u00e9en \u00c9l\u00e9gant Aristocratie le mingyuan Doux Vent de Niche design Suspendu au cou bretelles robe de mari\u00e9e en satin\" alt=\"Japanese and Korean Elegant Aristocracy Mingyuan Sweet Wind Niche design Hanging neck suspender satin wedding dress\" \/><\/p>\n<p><img loading=\"lazy\" decoding=\"async\" src=\"https:\/\/www.top-queens.co.uk\/wp-content\/uploads\/2025\/02\/2025021108502714.jpg\"  width=\"1000\" height=\"1000\" class=\"alignnone size-full wp-image-2291\" srcset=\"https:\/\/www.top-queens.co.uk\/wp-content\/uploads\/2025\/02\/2025021108502714.jpg 1000w, https:\/\/www.top-queens.co.uk\/wp-content\/uploads\/2025\/02\/2025021108502714-300x300.jpg 300w, https:\/\/www.top-queens.co.uk\/wp-content\/uploads\/2025\/02\/2025021108502714-150x150.jpg 150w, https:\/\/www.top-queens.co.uk\/wp-content\/uploads\/2025\/02\/2025021108502714-768x768.jpg 768w, https:\/\/www.top-queens.co.uk\/wp-content\/uploads\/2025\/02\/2025021108502714-600x600.jpg 600w, https:\/\/www.top-queens.co.uk\/wp-content\/uploads\/2025\/02\/2025021108502714-100x100.jpg 100w\" sizes=\"auto, (max-width: 1000px) 100vw, 1000px\" title=\"Le japonais et le cor\u00e9en \u00c9l\u00e9gant Aristocratie le mingyuan Doux Vent de Niche design Suspendu au cou bretelles robe de mari\u00e9e en satin\" alt=\"Japanese and Korean Elegant Aristocracy Mingyuan Sweet Wind Niche design Hanging neck suspender satin wedding dress\" \/><\/p>\n<p><img loading=\"lazy\" decoding=\"async\" src=\"https:\/\/www.top-queens.co.uk\/wp-content\/uploads\/2025\/02\/2025021108503252.jpg\"  width=\"832\" height=\"832\" class=\"alignnone size-full wp-image-2292\" srcset=\"https:\/\/www.top-queens.co.uk\/wp-content\/uploads\/2025\/02\/2025021108503252.jpg 832w, https:\/\/www.top-queens.co.uk\/wp-content\/uploads\/2025\/02\/2025021108503252-300x300.jpg 300w, https:\/\/www.top-queens.co.uk\/wp-content\/uploads\/2025\/02\/2025021108503252-150x150.jpg 150w, https:\/\/www.top-queens.co.uk\/wp-content\/uploads\/2025\/02\/2025021108503252-768x768.jpg 768w, https:\/\/www.top-queens.co.uk\/wp-content\/uploads\/2025\/02\/2025021108503252-600x600.jpg 600w, https:\/\/www.top-queens.co.uk\/wp-content\/uploads\/2025\/02\/2025021108503252-100x100.jpg 100w\" sizes=\"auto, (max-width: 832px) 100vw, 832px\" title=\"Le japonais et le cor\u00e9en \u00c9l\u00e9gant Aristocratie le mingyuan Doux Vent de Niche design Suspendu au cou bretelles robe de mari\u00e9e en satin\" alt=\"Japanese and Korean Elegant Aristocracy Mingyuan Sweet Wind Niche design Hanging neck suspender satin wedding dress\" \/><\/p>\n<p><img loading=\"lazy\" decoding=\"async\" src=\"https:\/\/www.top-queens.co.uk\/wp-content\/uploads\/2025\/02\/20250211085038100.jpg\"  width=\"1000\" height=\"1000\" class=\"alignnone size-full wp-image-2293\" srcset=\"https:\/\/www.top-queens.co.uk\/wp-content\/uploads\/2025\/02\/20250211085038100.jpg 1000w, https:\/\/www.top-queens.co.uk\/wp-content\/uploads\/2025\/02\/20250211085038100-300x300.jpg 300w, https:\/\/www.top-queens.co.uk\/wp-content\/uploads\/2025\/02\/20250211085038100-150x150.jpg 150w, https:\/\/www.top-queens.co.uk\/wp-content\/uploads\/2025\/02\/20250211085038100-768x768.jpg 768w, https:\/\/www.top-queens.co.uk\/wp-content\/uploads\/2025\/02\/20250211085038100-600x600.jpg 600w, https:\/\/www.top-queens.co.uk\/wp-content\/uploads\/2025\/02\/20250211085038100-100x100.jpg 100w\" sizes=\"auto, (max-width: 1000px) 100vw, 1000px\" title=\"Le japonais et le cor\u00e9en \u00c9l\u00e9gant Aristocratie le mingyuan Doux Vent de Niche design Suspendu au cou bretelles robe de mari\u00e9e en satin\" alt=\"Japanese and Korean Elegant Aristocracy Mingyuan Sweet Wind Niche design Hanging neck suspender satin wedding dress\" \/><\/p>\n<p><img loading=\"lazy\" decoding=\"async\" src=\"https:\/\/www.top-queens.co.uk\/wp-content\/uploads\/2025\/02\/2025021108504585.jpg\"  width=\"1000\" height=\"1334\" class=\"alignnone size-full wp-image-2294\" srcset=\"https:\/\/www.top-queens.co.uk\/wp-content\/uploads\/2025\/02\/2025021108504585.jpg 1000w, https:\/\/www.top-queens.co.uk\/wp-content\/uploads\/2025\/02\/2025021108504585-225x300.jpg 225w, https:\/\/www.top-queens.co.uk\/wp-content\/uploads\/2025\/02\/2025021108504585-768x1025.jpg 768w, https:\/\/www.top-queens.co.uk\/wp-content\/uploads\/2025\/02\/2025021108504585-600x800.jpg 600w\" sizes=\"auto, (max-width: 1000px) 100vw, 1000px\" title=\"Le japonais et le cor\u00e9en \u00c9l\u00e9gant Aristocratie le mingyuan Doux Vent de Niche design Suspendu au cou bretelles robe de mari\u00e9e en satin\" alt=\"Japanese and Korean Elegant Aristocracy Mingyuan Sweet Wind Niche design Hanging neck suspender satin wedding dress\" \/><\/p>\n<p><img loading=\"lazy\" decoding=\"async\" src=\"https:\/\/www.top-queens.co.uk\/wp-content\/uploads\/2025\/02\/2025021108505276.jpg\"  width=\"1000\" height=\"1333\" class=\"alignnone size-full wp-image-2295\" srcset=\"https:\/\/www.top-queens.co.uk\/wp-content\/uploads\/2025\/02\/2025021108505276.jpg 1000w, https:\/\/www.top-queens.co.uk\/wp-content\/uploads\/2025\/02\/2025021108505276-225x300.jpg 225w, https:\/\/www.top-queens.co.uk\/wp-content\/uploads\/2025\/02\/2025021108505276-768x1024.jpg 768w, https:\/\/www.top-queens.co.uk\/wp-content\/uploads\/2025\/02\/2025021108505276-600x800.jpg 600w\" sizes=\"auto, (max-width: 1000px) 100vw, 1000px\" title=\"Le japonais et le cor\u00e9en \u00c9l\u00e9gant Aristocratie le mingyuan Doux Vent de Niche design Suspendu au cou bretelles robe de mari\u00e9e en satin\" alt=\"Japanese and Korean Elegant Aristocracy Mingyuan Sweet Wind Niche design Hanging neck suspender satin wedding dress\" \/><\/p>\n<p><img loading=\"lazy\" decoding=\"async\" src=\"https:\/\/www.top-queens.co.uk\/wp-content\/uploads\/2025\/02\/2025021108505779.jpg\"  width=\"832\" height=\"1109\" class=\"alignnone size-full wp-image-2296\" srcset=\"https:\/\/www.top-queens.co.uk\/wp-content\/uploads\/2025\/02\/2025021108505779.jpg 832w, https:\/\/www.top-queens.co.uk\/wp-content\/uploads\/2025\/02\/2025021108505779-225x300.jpg 225w, https:\/\/www.top-queens.co.uk\/wp-content\/uploads\/2025\/02\/2025021108505779-768x1024.jpg 768w, https:\/\/www.top-queens.co.uk\/wp-content\/uploads\/2025\/02\/2025021108505779-600x800.jpg 600w\" sizes=\"auto, (max-width: 832px) 100vw, 832px\" title=\"Le japonais et le cor\u00e9en \u00c9l\u00e9gant Aristocratie le mingyuan Doux Vent de Niche design Suspendu au cou bretelles robe de mari\u00e9e en satin\" alt=\"Japanese and Korean Elegant Aristocracy Mingyuan Sweet Wind Niche design Hanging neck suspender satin wedding dress\" \/><\/p>\n<p><img loading=\"lazy\" decoding=\"async\" src=\"https:\/\/www.top-queens.co.uk\/wp-content\/uploads\/2025\/02\/2025021108510380.jpg\"  width=\"1000\" height=\"1334\" class=\"alignnone size-full wp-image-2297\" srcset=\"https:\/\/www.top-queens.co.uk\/wp-content\/uploads\/2025\/02\/2025021108510380.jpg 1000w, https:\/\/www.top-queens.co.uk\/wp-content\/uploads\/2025\/02\/2025021108510380-225x300.jpg 225w, https:\/\/www.top-queens.co.uk\/wp-content\/uploads\/2025\/02\/2025021108510380-768x1025.jpg 768w, https:\/\/www.top-queens.co.uk\/wp-content\/uploads\/2025\/02\/2025021108510380-600x800.jpg 600w\" sizes=\"auto, (max-width: 1000px) 100vw, 1000px\" title=\"Le japonais et le cor\u00e9en \u00c9l\u00e9gant Aristocratie le mingyuan Doux Vent de Niche design Suspendu au cou bretelles robe de mari\u00e9e en satin\" alt=\"Japanese and Korean Elegant Aristocracy Mingyuan Sweet Wind Niche design Hanging neck suspender satin wedding dress\" \/><\/p>\n<p><img loading=\"lazy\" decoding=\"async\" src=\"https:\/\/www.top-queens.co.uk\/wp-content\/uploads\/2025\/02\/202502110851105.jpg\"  width=\"1000\" height=\"1334\" class=\"alignnone size-full wp-image-2298\" srcset=\"https:\/\/www.top-queens.co.uk\/wp-content\/uploads\/2025\/02\/202502110851105.jpg 1000w, https:\/\/www.top-queens.co.uk\/wp-content\/uploads\/2025\/02\/202502110851105-225x300.jpg 225w, https:\/\/www.top-queens.co.uk\/wp-content\/uploads\/2025\/02\/202502110851105-768x1025.jpg 768w, https:\/\/www.top-queens.co.uk\/wp-content\/uploads\/2025\/02\/202502110851105-600x800.jpg 600w\" sizes=\"auto, (max-width: 1000px) 100vw, 1000px\" title=\"Le japonais et le cor\u00e9en \u00c9l\u00e9gant Aristocratie le mingyuan Doux Vent de Niche design Suspendu au cou bretelles robe de mari\u00e9e en satin\" alt=\"Japanese and Korean Elegant Aristocracy Mingyuan Sweet Wind Niche design Hanging neck suspender satin wedding dress\" \/><\/p>\n<p><img loading=\"lazy\" decoding=\"async\" src=\"https:\/\/www.top-queens.co.uk\/wp-content\/uploads\/2025\/02\/2025021108512675.jpg\"  width=\"1000\" height=\"1334\" class=\"alignnone size-full wp-image-2299\" srcset=\"https:\/\/www.top-queens.co.uk\/wp-content\/uploads\/2025\/02\/2025021108512675.jpg 1000w, https:\/\/www.top-queens.co.uk\/wp-content\/uploads\/2025\/02\/2025021108512675-225x300.jpg 225w, https:\/\/www.top-queens.co.uk\/wp-content\/uploads\/2025\/02\/2025021108512675-768x1025.jpg 768w, https:\/\/www.top-queens.co.uk\/wp-content\/uploads\/2025\/02\/2025021108512675-600x800.jpg 600w\" sizes=\"auto, (max-width: 1000px) 100vw, 1000px\" title=\"Le japonais et le cor\u00e9en \u00c9l\u00e9gant Aristocratie le mingyuan Doux Vent de Niche design Suspendu au cou bretelles robe de mari\u00e9e en satin\" alt=\"Japanese and Korean Elegant Aristocracy Mingyuan Sweet Wind Niche design Hanging neck suspender satin wedding dress\" \/><\/p>","protected":false},"excerpt":{"rendered":"","protected":false},"featured_media":2299,"comment_status":"closed","ping_status":"closed","template":"","meta":[],"product_cat":[15],"product_tag":[],"class_list":{"0":"post-2289","1":"product","2":"type-product","3":"status-publish","4":"has-post-thumbnail","6":"product_cat-wedding-dresses","8":"first","9":"instock","10":"sale","11":"shipping-taxable","12":"purchasable","13":"product-type-variable","14":"has-default-attributes"},"jetpack_sharing_enabled":true,"_links":{"self":[{"href":"https:\/\/www.top-queens.co.uk\/fr\/wp-json\/wp\/v2\/product\/2289","targetHints":{"allow":["GET"]}}],"collection":[{"href":"https:\/\/www.top-queens.co.uk\/fr\/wp-json\/wp\/v2\/product"}],"about":[{"href":"https:\/\/www.top-queens.co.uk\/fr\/wp-json\/wp\/v2\/types\/product"}],"replies":[{"embeddable":true,"href":"https:\/\/www.top-queens.co.uk\/fr\/wp-json\/wp\/v2\/comments?post=2289"}],"wp:featuredmedia":[{"embeddable":true,"href":"https:\/\/www.top-queens.co.uk\/fr\/wp-json\/wp\/v2\/media\/2299"}],"wp:attachment":[{"href":"https:\/\/www.top-queens.co.uk\/fr\/wp-json\/wp\/v2\/media?parent=2289"}],"wp:term":[{"taxonomy":"product_cat","embeddable":true,"href":"https:\/\/www.top-queens.co.uk\/fr\/wp-json\/wp\/v2\/product_cat?post=2289"},{"taxonomy":"product_tag","embeddable":true,"href":"https:\/\/www.top-queens.co.uk\/fr\/wp-json\/wp\/v2\/product_tag?post=2289"}],"curies":[{"name":"wp","href":"https:\/\/api.w.org\/{rel}","templated":true}]}}