{"id":2282,"date":"2025-02-11T08:47:35","date_gmt":"2025-02-11T08:47:35","guid":{"rendered":"https:\/\/www.top-queens.co.uk\/product\/2282.html"},"modified":"2025-02-11T08:47:35","modified_gmt":"2025-02-11T08:47:35","slug":"customized-new-chinese-retro-style-elegant-temperament-luxurious-embroidered-floating-yarn-wedding-dress","status":"publish","type":"product","link":"https:\/\/www.top-queens.co.uk\/fr\/product\/2282.html","title":{"rendered":"Personnalis\u00e9 Chinois r\u00e9tro style \u00c9l\u00e9gant, le temp\u00e9rament de Luxe Brod\u00e9 Flottant Fil de Robe de Mari\u00e9e"},"content":{"rendered":"<p><img loading=\"lazy\" decoding=\"async\" src=\"https:\/\/www.top-queens.co.uk\/wp-content\/uploads\/2025\/02\/2025021108460852.jpg\"  width=\"800\" height=\"800\" class=\"alignnone size-full wp-image-2286\" srcset=\"https:\/\/www.top-queens.co.uk\/wp-content\/uploads\/2025\/02\/2025021108460852.jpg 800w, https:\/\/www.top-queens.co.uk\/wp-content\/uploads\/2025\/02\/2025021108460852-300x300.jpg 300w, https:\/\/www.top-queens.co.uk\/wp-content\/uploads\/2025\/02\/2025021108460852-150x150.jpg 150w, https:\/\/www.top-queens.co.uk\/wp-content\/uploads\/2025\/02\/2025021108460852-768x768.jpg 768w, https:\/\/www.top-queens.co.uk\/wp-content\/uploads\/2025\/02\/2025021108460852-600x600.jpg 600w, https:\/\/www.top-queens.co.uk\/wp-content\/uploads\/2025\/02\/2025021108460852-100x100.jpg 100w\" sizes=\"auto, (max-width: 800px) 100vw, 800px\" title=\"Personnalis\u00e9 Chinois r\u00e9tro style \u00c9l\u00e9gant, le temp\u00e9rament de Luxe Brod\u00e9 Flottant Fil de Robe de Mari\u00e9e\" alt=\"Customized new Chinese retro style Elegant temperament Luxurious Embroidered Floating Yarn Wedding Dress\" \/><\/p>\n<p><img loading=\"lazy\" decoding=\"async\" src=\"https:\/\/www.top-queens.co.uk\/wp-content\/uploads\/2025\/02\/2025021108455571.jpg\"  width=\"800\" height=\"800\" class=\"alignnone size-full wp-image-2283\" srcset=\"https:\/\/www.top-queens.co.uk\/wp-content\/uploads\/2025\/02\/2025021108455571.jpg 800w, https:\/\/www.top-queens.co.uk\/wp-content\/uploads\/2025\/02\/2025021108455571-300x300.jpg 300w, https:\/\/www.top-queens.co.uk\/wp-content\/uploads\/2025\/02\/2025021108455571-150x150.jpg 150w, https:\/\/www.top-queens.co.uk\/wp-content\/uploads\/2025\/02\/2025021108455571-768x768.jpg 768w, https:\/\/www.top-queens.co.uk\/wp-content\/uploads\/2025\/02\/2025021108455571-600x600.jpg 600w, https:\/\/www.top-queens.co.uk\/wp-content\/uploads\/2025\/02\/2025021108455571-100x100.jpg 100w\" sizes=\"auto, (max-width: 800px) 100vw, 800px\" title=\"Personnalis\u00e9 Chinois r\u00e9tro style \u00c9l\u00e9gant, le temp\u00e9rament de Luxe Brod\u00e9 Flottant Fil de Robe de Mari\u00e9e\" alt=\"Customized new Chinese retro style Elegant temperament Luxurious Embroidered Floating Yarn Wedding Dress\" \/><\/p>\n<p><img loading=\"lazy\" decoding=\"async\" src=\"https:\/\/www.top-queens.co.uk\/wp-content\/uploads\/2025\/02\/2025021108460066.jpg\"  width=\"800\" height=\"800\" class=\"alignnone size-full wp-image-2284\" srcset=\"https:\/\/www.top-queens.co.uk\/wp-content\/uploads\/2025\/02\/2025021108460066.jpg 800w, https:\/\/www.top-queens.co.uk\/wp-content\/uploads\/2025\/02\/2025021108460066-300x300.jpg 300w, https:\/\/www.top-queens.co.uk\/wp-content\/uploads\/2025\/02\/2025021108460066-150x150.jpg 150w, https:\/\/www.top-queens.co.uk\/wp-content\/uploads\/2025\/02\/2025021108460066-768x768.jpg 768w, https:\/\/www.top-queens.co.uk\/wp-content\/uploads\/2025\/02\/2025021108460066-600x600.jpg 600w, https:\/\/www.top-queens.co.uk\/wp-content\/uploads\/2025\/02\/2025021108460066-100x100.jpg 100w\" sizes=\"auto, (max-width: 800px) 100vw, 800px\" title=\"Personnalis\u00e9 Chinois r\u00e9tro style \u00c9l\u00e9gant, le temp\u00e9rament de Luxe Brod\u00e9 Flottant Fil de Robe de Mari\u00e9e\" alt=\"Customized new Chinese retro style Elegant temperament Luxurious Embroidered Floating Yarn Wedding Dress\" \/><\/p>\n<p><img loading=\"lazy\" decoding=\"async\" src=\"https:\/\/www.top-queens.co.uk\/wp-content\/uploads\/2025\/02\/2025021108460456.jpg\"  width=\"800\" height=\"800\" class=\"alignnone size-full wp-image-2285\" srcset=\"https:\/\/www.top-queens.co.uk\/wp-content\/uploads\/2025\/02\/2025021108460456.jpg 800w, https:\/\/www.top-queens.co.uk\/wp-content\/uploads\/2025\/02\/2025021108460456-300x300.jpg 300w, https:\/\/www.top-queens.co.uk\/wp-content\/uploads\/2025\/02\/2025021108460456-150x150.jpg 150w, https:\/\/www.top-queens.co.uk\/wp-content\/uploads\/2025\/02\/2025021108460456-768x768.jpg 768w, https:\/\/www.top-queens.co.uk\/wp-content\/uploads\/2025\/02\/2025021108460456-600x600.jpg 600w, https:\/\/www.top-queens.co.uk\/wp-content\/uploads\/2025\/02\/2025021108460456-100x100.jpg 100w\" sizes=\"auto, (max-width: 800px) 100vw, 800px\" title=\"Personnalis\u00e9 Chinois r\u00e9tro style \u00c9l\u00e9gant, le temp\u00e9rament de Luxe Brod\u00e9 Flottant Fil de Robe de Mari\u00e9e\" alt=\"Customized new Chinese retro style Elegant temperament Luxurious Embroidered Floating Yarn Wedding Dress\" \/><\/p>\n<p><img loading=\"lazy\" decoding=\"async\" src=\"https:\/\/www.top-queens.co.uk\/wp-content\/uploads\/2025\/02\/2025021108462276.jpg\"  width=\"800\" height=\"800\" class=\"alignnone size-full wp-image-2287\" srcset=\"https:\/\/www.top-queens.co.uk\/wp-content\/uploads\/2025\/02\/2025021108462276.jpg 800w, https:\/\/www.top-queens.co.uk\/wp-content\/uploads\/2025\/02\/2025021108462276-300x300.jpg 300w, https:\/\/www.top-queens.co.uk\/wp-content\/uploads\/2025\/02\/2025021108462276-150x150.jpg 150w, https:\/\/www.top-queens.co.uk\/wp-content\/uploads\/2025\/02\/2025021108462276-768x768.jpg 768w, https:\/\/www.top-queens.co.uk\/wp-content\/uploads\/2025\/02\/2025021108462276-600x600.jpg 600w, https:\/\/www.top-queens.co.uk\/wp-content\/uploads\/2025\/02\/2025021108462276-100x100.jpg 100w\" sizes=\"auto, (max-width: 800px) 100vw, 800px\" title=\"Personnalis\u00e9 Chinois r\u00e9tro style \u00c9l\u00e9gant, le temp\u00e9rament de Luxe Brod\u00e9 Flottant Fil de Robe de Mari\u00e9e\" alt=\"Customized new Chinese retro style Elegant temperament Luxurious Embroidered Floating Yarn Wedding Dress\" \/><\/p>","protected":false},"excerpt":{"rendered":"","protected":false},"featured_media":2287,"comment_status":"closed","ping_status":"closed","template":"","meta":[],"product_cat":[26],"product_tag":[],"class_list":{"0":"post-2282","1":"product","2":"type-product","3":"status-publish","4":"has-post-thumbnail","6":"product_cat-fishtail-wedding-dresses","8":"first","9":"instock","10":"sale","11":"shipping-taxable","12":"purchasable","13":"product-type-variable","14":"has-default-attributes"},"jetpack_sharing_enabled":true,"_links":{"self":[{"href":"https:\/\/www.top-queens.co.uk\/fr\/wp-json\/wp\/v2\/product\/2282","targetHints":{"allow":["GET"]}}],"collection":[{"href":"https:\/\/www.top-queens.co.uk\/fr\/wp-json\/wp\/v2\/product"}],"about":[{"href":"https:\/\/www.top-queens.co.uk\/fr\/wp-json\/wp\/v2\/types\/product"}],"replies":[{"embeddable":true,"href":"https:\/\/www.top-queens.co.uk\/fr\/wp-json\/wp\/v2\/comments?post=2282"}],"wp:featuredmedia":[{"embeddable":true,"href":"https:\/\/www.top-queens.co.uk\/fr\/wp-json\/wp\/v2\/media\/2287"}],"wp:attachment":[{"href":"https:\/\/www.top-queens.co.uk\/fr\/wp-json\/wp\/v2\/media?parent=2282"}],"wp:term":[{"taxonomy":"product_cat","embeddable":true,"href":"https:\/\/www.top-queens.co.uk\/fr\/wp-json\/wp\/v2\/product_cat?post=2282"},{"taxonomy":"product_tag","embeddable":true,"href":"https:\/\/www.top-queens.co.uk\/fr\/wp-json\/wp\/v2\/product_tag?post=2282"}],"curies":[{"name":"wp","href":"https:\/\/api.w.org\/{rel}","templated":true}]}}