{"id":2274,"date":"2025-02-11T08:44:14","date_gmt":"2025-02-11T08:44:14","guid":{"rendered":"https:\/\/www.top-queens.co.uk\/product\/2274.html"},"modified":"2025-02-11T08:44:14","modified_gmt":"2025-02-11T08:44:14","slug":"customized-french-luxury-lace-embroidery-niche-design-sense-sweet-suspender-wedding-dress","status":"publish","type":"product","link":"https:\/\/www.top-queens.co.uk\/fr\/product\/2274.html","title":{"rendered":"Personnalis\u00e9 luxe \u00e0 la fran\u00e7aise de Dentelle de broderie de Niche sens du design Doux bretelle robe de mari\u00e9e"},"content":{"rendered":"<p><img loading=\"lazy\" decoding=\"async\" src=\"https:\/\/www.top-queens.co.uk\/wp-content\/uploads\/2025\/02\/2025021108425657.jpg\"  width=\"800\" height=\"800\" class=\"alignnone size-full wp-image-2280\" srcset=\"https:\/\/www.top-queens.co.uk\/wp-content\/uploads\/2025\/02\/2025021108425657.jpg 800w, https:\/\/www.top-queens.co.uk\/wp-content\/uploads\/2025\/02\/2025021108425657-300x300.jpg 300w, https:\/\/www.top-queens.co.uk\/wp-content\/uploads\/2025\/02\/2025021108425657-150x150.jpg 150w, https:\/\/www.top-queens.co.uk\/wp-content\/uploads\/2025\/02\/2025021108425657-768x768.jpg 768w, https:\/\/www.top-queens.co.uk\/wp-content\/uploads\/2025\/02\/2025021108425657-600x600.jpg 600w, https:\/\/www.top-queens.co.uk\/wp-content\/uploads\/2025\/02\/2025021108425657-100x100.jpg 100w\" sizes=\"auto, (max-width: 800px) 100vw, 800px\" title=\"Personnalis\u00e9 luxe \u00e0 la fran\u00e7aise de Dentelle de broderie de Niche sens du design Doux bretelle robe de mari\u00e9e\" alt=\"Customized French luxury Lace embroidery Niche design sense Sweet suspender wedding dress\" \/><\/p>\n<p><img loading=\"lazy\" decoding=\"async\" src=\"https:\/\/www.top-queens.co.uk\/wp-content\/uploads\/2025\/02\/2025021108423859.jpg\"  width=\"800\" height=\"800\" class=\"alignnone size-full wp-image-2279\" srcset=\"https:\/\/www.top-queens.co.uk\/wp-content\/uploads\/2025\/02\/2025021108423859.jpg 800w, https:\/\/www.top-queens.co.uk\/wp-content\/uploads\/2025\/02\/2025021108423859-300x300.jpg 300w, https:\/\/www.top-queens.co.uk\/wp-content\/uploads\/2025\/02\/2025021108423859-150x150.jpg 150w, https:\/\/www.top-queens.co.uk\/wp-content\/uploads\/2025\/02\/2025021108423859-768x768.jpg 768w, https:\/\/www.top-queens.co.uk\/wp-content\/uploads\/2025\/02\/2025021108423859-600x600.jpg 600w, https:\/\/www.top-queens.co.uk\/wp-content\/uploads\/2025\/02\/2025021108423859-100x100.jpg 100w\" sizes=\"auto, (max-width: 800px) 100vw, 800px\" title=\"Personnalis\u00e9 luxe \u00e0 la fran\u00e7aise de Dentelle de broderie de Niche sens du design Doux bretelle robe de mari\u00e9e\" alt=\"Customized French luxury Lace embroidery Niche design sense Sweet suspender wedding dress\" \/><\/p>\n<p><img loading=\"lazy\" decoding=\"async\" src=\"https:\/\/www.top-queens.co.uk\/wp-content\/uploads\/2025\/02\/2025021108422793.jpg\"  width=\"800\" height=\"800\" class=\"alignnone size-full wp-image-2277\" srcset=\"https:\/\/www.top-queens.co.uk\/wp-content\/uploads\/2025\/02\/2025021108422793.jpg 800w, https:\/\/www.top-queens.co.uk\/wp-content\/uploads\/2025\/02\/2025021108422793-300x300.jpg 300w, https:\/\/www.top-queens.co.uk\/wp-content\/uploads\/2025\/02\/2025021108422793-150x150.jpg 150w, https:\/\/www.top-queens.co.uk\/wp-content\/uploads\/2025\/02\/2025021108422793-768x768.jpg 768w, https:\/\/www.top-queens.co.uk\/wp-content\/uploads\/2025\/02\/2025021108422793-600x600.jpg 600w, https:\/\/www.top-queens.co.uk\/wp-content\/uploads\/2025\/02\/2025021108422793-100x100.jpg 100w\" sizes=\"auto, (max-width: 800px) 100vw, 800px\" title=\"Personnalis\u00e9 luxe \u00e0 la fran\u00e7aise de Dentelle de broderie de Niche sens du design Doux bretelle robe de mari\u00e9e\" alt=\"Customized French luxury Lace embroidery Niche design sense Sweet suspender wedding dress\" \/><\/p>\n<p><img loading=\"lazy\" decoding=\"async\" src=\"https:\/\/www.top-queens.co.uk\/wp-content\/uploads\/2025\/02\/2025021108422233.jpg\"  width=\"800\" height=\"800\" class=\"alignnone size-full wp-image-2276\" srcset=\"https:\/\/www.top-queens.co.uk\/wp-content\/uploads\/2025\/02\/2025021108422233.jpg 800w, https:\/\/www.top-queens.co.uk\/wp-content\/uploads\/2025\/02\/2025021108422233-300x300.jpg 300w, https:\/\/www.top-queens.co.uk\/wp-content\/uploads\/2025\/02\/2025021108422233-150x150.jpg 150w, https:\/\/www.top-queens.co.uk\/wp-content\/uploads\/2025\/02\/2025021108422233-768x768.jpg 768w, https:\/\/www.top-queens.co.uk\/wp-content\/uploads\/2025\/02\/2025021108422233-600x600.jpg 600w, https:\/\/www.top-queens.co.uk\/wp-content\/uploads\/2025\/02\/2025021108422233-100x100.jpg 100w\" sizes=\"auto, (max-width: 800px) 100vw, 800px\" title=\"Personnalis\u00e9 luxe \u00e0 la fran\u00e7aise de Dentelle de broderie de Niche sens du design Doux bretelle robe de mari\u00e9e\" alt=\"Customized French luxury Lace embroidery Niche design sense Sweet suspender wedding dress\" \/><\/p>\n<p><img loading=\"lazy\" decoding=\"async\" src=\"https:\/\/www.top-queens.co.uk\/wp-content\/uploads\/2025\/02\/2025021108421664.jpg\"  width=\"1362\" height=\"1920\" class=\"alignnone size-full wp-image-2275\" srcset=\"https:\/\/www.top-queens.co.uk\/wp-content\/uploads\/2025\/02\/2025021108421664.jpg 1362w, https:\/\/www.top-queens.co.uk\/wp-content\/uploads\/2025\/02\/2025021108421664-213x300.jpg 213w, https:\/\/www.top-queens.co.uk\/wp-content\/uploads\/2025\/02\/2025021108421664-726x1024.jpg 726w, https:\/\/www.top-queens.co.uk\/wp-content\/uploads\/2025\/02\/2025021108421664-768x1083.jpg 768w, https:\/\/www.top-queens.co.uk\/wp-content\/uploads\/2025\/02\/2025021108421664-1090x1536.jpg 1090w, https:\/\/www.top-queens.co.uk\/wp-content\/uploads\/2025\/02\/2025021108421664-600x846.jpg 600w\" sizes=\"auto, (max-width: 1362px) 100vw, 1362px\" title=\"Personnalis\u00e9 luxe \u00e0 la fran\u00e7aise de Dentelle de broderie de Niche sens du design Doux bretelle robe de mari\u00e9e\" alt=\"Customized French luxury Lace embroidery Niche design sense Sweet suspender wedding dress\" \/><\/p>","protected":false},"excerpt":{"rendered":"","protected":false},"featured_media":2280,"comment_status":"closed","ping_status":"closed","template":"","meta":[],"product_cat":[18],"product_tag":[],"class_list":{"0":"post-2274","1":"product","2":"type-product","3":"status-publish","4":"has-post-thumbnail","6":"product_cat-a-line-wedding-dresses","8":"first","9":"instock","10":"sale","11":"shipping-taxable","12":"purchasable","13":"product-type-variable","14":"has-default-attributes"},"jetpack_sharing_enabled":true,"_links":{"self":[{"href":"https:\/\/www.top-queens.co.uk\/fr\/wp-json\/wp\/v2\/product\/2274","targetHints":{"allow":["GET"]}}],"collection":[{"href":"https:\/\/www.top-queens.co.uk\/fr\/wp-json\/wp\/v2\/product"}],"about":[{"href":"https:\/\/www.top-queens.co.uk\/fr\/wp-json\/wp\/v2\/types\/product"}],"replies":[{"embeddable":true,"href":"https:\/\/www.top-queens.co.uk\/fr\/wp-json\/wp\/v2\/comments?post=2274"}],"wp:featuredmedia":[{"embeddable":true,"href":"https:\/\/www.top-queens.co.uk\/fr\/wp-json\/wp\/v2\/media\/2280"}],"wp:attachment":[{"href":"https:\/\/www.top-queens.co.uk\/fr\/wp-json\/wp\/v2\/media?parent=2274"}],"wp:term":[{"taxonomy":"product_cat","embeddable":true,"href":"https:\/\/www.top-queens.co.uk\/fr\/wp-json\/wp\/v2\/product_cat?post=2274"},{"taxonomy":"product_tag","embeddable":true,"href":"https:\/\/www.top-queens.co.uk\/fr\/wp-json\/wp\/v2\/product_tag?post=2274"}],"curies":[{"name":"wp","href":"https:\/\/api.w.org\/{rel}","templated":true}]}}