{"id":2266,"date":"2025-02-11T08:39:44","date_gmt":"2025-02-11T08:39:44","guid":{"rendered":"https:\/\/www.top-queens.co.uk\/product\/2266.html"},"modified":"2025-02-11T08:39:44","modified_gmt":"2025-02-11T08:39:44","slug":"customized-european-retro-style-elegant-queens-temperament-simple-lace-splicing-satin-wedding-dress-autumn-and-winter-styles","status":"publish","type":"product","link":"https:\/\/www.top-queens.co.uk\/fr\/product\/2266.html","title":{"rendered":"Personnalis\u00e9 Europ\u00e9en de r\u00e9tro style \u00c9l\u00e9gant de la Reine de temp\u00e9rament Simple dentelle \u00c9pissage robe de mari\u00e9e en satin de l&#039;Automne et de l&#039;hiver des styles"},"content":{"rendered":"<p><img loading=\"lazy\" decoding=\"async\" src=\"https:\/\/www.top-queens.co.uk\/wp-content\/uploads\/2025\/02\/2025021108373964.jpg\"  width=\"800\" height=\"800\" class=\"alignnone size-full wp-image-2267\" srcset=\"https:\/\/www.top-queens.co.uk\/wp-content\/uploads\/2025\/02\/2025021108373964.jpg 800w, https:\/\/www.top-queens.co.uk\/wp-content\/uploads\/2025\/02\/2025021108373964-300x300.jpg 300w, https:\/\/www.top-queens.co.uk\/wp-content\/uploads\/2025\/02\/2025021108373964-150x150.jpg 150w, https:\/\/www.top-queens.co.uk\/wp-content\/uploads\/2025\/02\/2025021108373964-768x768.jpg 768w, https:\/\/www.top-queens.co.uk\/wp-content\/uploads\/2025\/02\/2025021108373964-600x600.jpg 600w, https:\/\/www.top-queens.co.uk\/wp-content\/uploads\/2025\/02\/2025021108373964-100x100.jpg 100w\" sizes=\"auto, (max-width: 800px) 100vw, 800px\" title=\"Customized European retro style Elegant Queen&#8217;s temperament Simple lace Splicing satin wedding dress Autumn and winter styles\" alt=\"Customized European retro style Elegant Queen&#8217;s temperament Simple lace Splicing satin wedding dress Autumn and winter styles\" \/><\/p>\n<p><img loading=\"lazy\" decoding=\"async\" src=\"https:\/\/www.top-queens.co.uk\/wp-content\/uploads\/2025\/02\/2025021108374367.jpg\"  width=\"800\" height=\"800\" class=\"alignnone size-full wp-image-2268\" srcset=\"https:\/\/www.top-queens.co.uk\/wp-content\/uploads\/2025\/02\/2025021108374367.jpg 800w, https:\/\/www.top-queens.co.uk\/wp-content\/uploads\/2025\/02\/2025021108374367-300x300.jpg 300w, https:\/\/www.top-queens.co.uk\/wp-content\/uploads\/2025\/02\/2025021108374367-150x150.jpg 150w, https:\/\/www.top-queens.co.uk\/wp-content\/uploads\/2025\/02\/2025021108374367-768x768.jpg 768w, https:\/\/www.top-queens.co.uk\/wp-content\/uploads\/2025\/02\/2025021108374367-600x600.jpg 600w, https:\/\/www.top-queens.co.uk\/wp-content\/uploads\/2025\/02\/2025021108374367-100x100.jpg 100w\" sizes=\"auto, (max-width: 800px) 100vw, 800px\" title=\"Customized European retro style Elegant Queen&#8217;s temperament Simple lace Splicing satin wedding dress Autumn and winter styles\" alt=\"Customized European retro style Elegant Queen&#8217;s temperament Simple lace Splicing satin wedding dress Autumn and winter styles\" \/><\/p>\n<p><img loading=\"lazy\" decoding=\"async\" src=\"https:\/\/www.top-queens.co.uk\/wp-content\/uploads\/2025\/02\/2025021108374734.jpg\"  width=\"750\" height=\"1034\" class=\"alignnone size-full wp-image-2269\" srcset=\"https:\/\/www.top-queens.co.uk\/wp-content\/uploads\/2025\/02\/2025021108374734.jpg 750w, https:\/\/www.top-queens.co.uk\/wp-content\/uploads\/2025\/02\/2025021108374734-218x300.jpg 218w, https:\/\/www.top-queens.co.uk\/wp-content\/uploads\/2025\/02\/2025021108374734-743x1024.jpg 743w, https:\/\/www.top-queens.co.uk\/wp-content\/uploads\/2025\/02\/2025021108374734-600x827.jpg 600w\" sizes=\"auto, (max-width: 750px) 100vw, 750px\" title=\"Customized European retro style Elegant Queen&#8217;s temperament Simple lace Splicing satin wedding dress Autumn and winter styles\" alt=\"Customized European retro style Elegant Queen&#8217;s temperament Simple lace Splicing satin wedding dress Autumn and winter styles\" \/><\/p>\n<p><img loading=\"lazy\" decoding=\"async\" src=\"https:\/\/www.top-queens.co.uk\/wp-content\/uploads\/2025\/02\/2025021108375164.jpg\"  width=\"800\" height=\"800\" class=\"alignnone size-full wp-image-2270\" srcset=\"https:\/\/www.top-queens.co.uk\/wp-content\/uploads\/2025\/02\/2025021108375164.jpg 800w, https:\/\/www.top-queens.co.uk\/wp-content\/uploads\/2025\/02\/2025021108375164-300x300.jpg 300w, https:\/\/www.top-queens.co.uk\/wp-content\/uploads\/2025\/02\/2025021108375164-150x150.jpg 150w, https:\/\/www.top-queens.co.uk\/wp-content\/uploads\/2025\/02\/2025021108375164-768x768.jpg 768w, https:\/\/www.top-queens.co.uk\/wp-content\/uploads\/2025\/02\/2025021108375164-600x600.jpg 600w, https:\/\/www.top-queens.co.uk\/wp-content\/uploads\/2025\/02\/2025021108375164-100x100.jpg 100w\" sizes=\"auto, (max-width: 800px) 100vw, 800px\" title=\"Customized European retro style Elegant Queen&#8217;s temperament Simple lace Splicing satin wedding dress Autumn and winter styles\" alt=\"Customized European retro style Elegant Queen&#8217;s temperament Simple lace Splicing satin wedding dress Autumn and winter styles\" \/><\/p>\n<p><img loading=\"lazy\" decoding=\"async\" src=\"https:\/\/www.top-queens.co.uk\/wp-content\/uploads\/2025\/02\/2025021108375431.jpg\"  width=\"800\" height=\"800\" class=\"alignnone size-full wp-image-2271\" srcset=\"https:\/\/www.top-queens.co.uk\/wp-content\/uploads\/2025\/02\/2025021108375431.jpg 800w, https:\/\/www.top-queens.co.uk\/wp-content\/uploads\/2025\/02\/2025021108375431-300x300.jpg 300w, https:\/\/www.top-queens.co.uk\/wp-content\/uploads\/2025\/02\/2025021108375431-150x150.jpg 150w, https:\/\/www.top-queens.co.uk\/wp-content\/uploads\/2025\/02\/2025021108375431-768x768.jpg 768w, https:\/\/www.top-queens.co.uk\/wp-content\/uploads\/2025\/02\/2025021108375431-600x600.jpg 600w, https:\/\/www.top-queens.co.uk\/wp-content\/uploads\/2025\/02\/2025021108375431-100x100.jpg 100w\" sizes=\"auto, (max-width: 800px) 100vw, 800px\" title=\"Customized European retro style Elegant Queen&#8217;s temperament Simple lace Splicing satin wedding dress Autumn and winter styles\" alt=\"Customized European retro style Elegant Queen&#8217;s temperament Simple lace Splicing satin wedding dress Autumn and winter styles\" \/><\/p>\n<p><img loading=\"lazy\" decoding=\"async\" src=\"https:\/\/www.top-queens.co.uk\/wp-content\/uploads\/2025\/02\/2025021108380284.jpg\"  width=\"800\" height=\"800\" class=\"alignnone size-full wp-image-2272\" srcset=\"https:\/\/www.top-queens.co.uk\/wp-content\/uploads\/2025\/02\/2025021108380284.jpg 800w, https:\/\/www.top-queens.co.uk\/wp-content\/uploads\/2025\/02\/2025021108380284-300x300.jpg 300w, https:\/\/www.top-queens.co.uk\/wp-content\/uploads\/2025\/02\/2025021108380284-150x150.jpg 150w, https:\/\/www.top-queens.co.uk\/wp-content\/uploads\/2025\/02\/2025021108380284-768x768.jpg 768w, https:\/\/www.top-queens.co.uk\/wp-content\/uploads\/2025\/02\/2025021108380284-600x600.jpg 600w, https:\/\/www.top-queens.co.uk\/wp-content\/uploads\/2025\/02\/2025021108380284-100x100.jpg 100w\" sizes=\"auto, (max-width: 800px) 100vw, 800px\" title=\"Customized European retro style Elegant Queen&#8217;s temperament Simple lace Splicing satin wedding dress Autumn and winter styles\" alt=\"Customized European retro style Elegant Queen&#8217;s temperament Simple lace Splicing satin wedding dress Autumn and winter styles\" \/><\/p>","protected":false},"excerpt":{"rendered":"","protected":false},"featured_media":2272,"comment_status":"closed","ping_status":"closed","template":"","meta":[],"product_cat":[33],"product_tag":[],"class_list":{"0":"post-2266","1":"product","2":"type-product","3":"status-publish","4":"has-post-thumbnail","6":"product_cat-two-piece-wedding-dresses","8":"first","9":"instock","10":"sale","11":"shipping-taxable","12":"purchasable","13":"product-type-variable","14":"has-default-attributes"},"jetpack_sharing_enabled":true,"_links":{"self":[{"href":"https:\/\/www.top-queens.co.uk\/fr\/wp-json\/wp\/v2\/product\/2266","targetHints":{"allow":["GET"]}}],"collection":[{"href":"https:\/\/www.top-queens.co.uk\/fr\/wp-json\/wp\/v2\/product"}],"about":[{"href":"https:\/\/www.top-queens.co.uk\/fr\/wp-json\/wp\/v2\/types\/product"}],"replies":[{"embeddable":true,"href":"https:\/\/www.top-queens.co.uk\/fr\/wp-json\/wp\/v2\/comments?post=2266"}],"wp:featuredmedia":[{"embeddable":true,"href":"https:\/\/www.top-queens.co.uk\/fr\/wp-json\/wp\/v2\/media\/2272"}],"wp:attachment":[{"href":"https:\/\/www.top-queens.co.uk\/fr\/wp-json\/wp\/v2\/media?parent=2266"}],"wp:term":[{"taxonomy":"product_cat","embeddable":true,"href":"https:\/\/www.top-queens.co.uk\/fr\/wp-json\/wp\/v2\/product_cat?post=2266"},{"taxonomy":"product_tag","embeddable":true,"href":"https:\/\/www.top-queens.co.uk\/fr\/wp-json\/wp\/v2\/product_tag?post=2266"}],"curies":[{"name":"wp","href":"https:\/\/api.w.org\/{rel}","templated":true}]}}