{"id":2256,"date":"2025-02-11T08:35:55","date_gmt":"2025-02-11T08:35:55","guid":{"rendered":"https:\/\/www.top-queens.co.uk\/product\/2256.html"},"modified":"2025-02-11T08:35:55","modified_gmt":"2025-02-11T08:35:55","slug":"customized-fashion-and-elegance-dignified-noblewoman-one-shoulder-lotus-leaf-edge-wedding-dress","status":"publish","type":"product","link":"https:\/\/www.top-queens.co.uk\/fr\/product\/2256.html","title":{"rendered":"Personnalis\u00e9e de la mode et de l&#039;\u00e9l\u00e9gance Digne, noble dame, Une \u00e9paule de la feuille de Lotus bord de robe de mari\u00e9e"},"content":{"rendered":"<p><img loading=\"lazy\" decoding=\"async\" src=\"https:\/\/www.top-queens.co.uk\/wp-content\/uploads\/2025\/02\/2025021108334614.jpg\"  width=\"1000\" height=\"1000\" class=\"alignnone size-full wp-image-2257\" srcset=\"https:\/\/www.top-queens.co.uk\/wp-content\/uploads\/2025\/02\/2025021108334614.jpg 1000w, https:\/\/www.top-queens.co.uk\/wp-content\/uploads\/2025\/02\/2025021108334614-300x300.jpg 300w, https:\/\/www.top-queens.co.uk\/wp-content\/uploads\/2025\/02\/2025021108334614-150x150.jpg 150w, https:\/\/www.top-queens.co.uk\/wp-content\/uploads\/2025\/02\/2025021108334614-768x768.jpg 768w, https:\/\/www.top-queens.co.uk\/wp-content\/uploads\/2025\/02\/2025021108334614-600x600.jpg 600w, https:\/\/www.top-queens.co.uk\/wp-content\/uploads\/2025\/02\/2025021108334614-100x100.jpg 100w\" sizes=\"auto, (max-width: 1000px) 100vw, 1000px\" title=\"Personnalis\u00e9e de la mode et de l&#039;\u00e9l\u00e9gance Digne, noble dame, Une \u00e9paule de la feuille de Lotus bord de robe de mari\u00e9e\" alt=\"Customized fashion and elegance Dignified noblewoman One shoulder Lotus leaf edge wedding dress\" \/><\/p>\n<p><img loading=\"lazy\" decoding=\"async\" src=\"https:\/\/www.top-queens.co.uk\/wp-content\/uploads\/2025\/02\/2025021108335366.jpg\"  width=\"1000\" height=\"1000\" class=\"alignnone size-full wp-image-2258\" srcset=\"https:\/\/www.top-queens.co.uk\/wp-content\/uploads\/2025\/02\/2025021108335366.jpg 1000w, https:\/\/www.top-queens.co.uk\/wp-content\/uploads\/2025\/02\/2025021108335366-300x300.jpg 300w, https:\/\/www.top-queens.co.uk\/wp-content\/uploads\/2025\/02\/2025021108335366-150x150.jpg 150w, https:\/\/www.top-queens.co.uk\/wp-content\/uploads\/2025\/02\/2025021108335366-768x768.jpg 768w, https:\/\/www.top-queens.co.uk\/wp-content\/uploads\/2025\/02\/2025021108335366-600x600.jpg 600w, https:\/\/www.top-queens.co.uk\/wp-content\/uploads\/2025\/02\/2025021108335366-100x100.jpg 100w\" sizes=\"auto, (max-width: 1000px) 100vw, 1000px\" title=\"Personnalis\u00e9e de la mode et de l&#039;\u00e9l\u00e9gance Digne, noble dame, Une \u00e9paule de la feuille de Lotus bord de robe de mari\u00e9e\" alt=\"Customized fashion and elegance Dignified noblewoman One shoulder Lotus leaf edge wedding dress\" \/><\/p>\n<p><img loading=\"lazy\" decoding=\"async\" src=\"https:\/\/www.top-queens.co.uk\/wp-content\/uploads\/2025\/02\/2025021108340070.jpg\"  width=\"790\" height=\"1146\" class=\"alignnone size-full wp-image-2259\" srcset=\"https:\/\/www.top-queens.co.uk\/wp-content\/uploads\/2025\/02\/2025021108340070.jpg 790w, https:\/\/www.top-queens.co.uk\/wp-content\/uploads\/2025\/02\/2025021108340070-207x300.jpg 207w, https:\/\/www.top-queens.co.uk\/wp-content\/uploads\/2025\/02\/2025021108340070-706x1024.jpg 706w, https:\/\/www.top-queens.co.uk\/wp-content\/uploads\/2025\/02\/2025021108340070-768x1114.jpg 768w, https:\/\/www.top-queens.co.uk\/wp-content\/uploads\/2025\/02\/2025021108340070-600x870.jpg 600w\" sizes=\"auto, (max-width: 790px) 100vw, 790px\" title=\"Personnalis\u00e9e de la mode et de l&#039;\u00e9l\u00e9gance Digne, noble dame, Une \u00e9paule de la feuille de Lotus bord de robe de mari\u00e9e\" alt=\"Customized fashion and elegance Dignified noblewoman One shoulder Lotus leaf edge wedding dress\" \/><\/p>\n<p><img loading=\"lazy\" decoding=\"async\" src=\"https:\/\/www.top-queens.co.uk\/wp-content\/uploads\/2025\/02\/2025021108340491.jpg\"  width=\"1000\" height=\"1000\" class=\"alignnone size-full wp-image-2260\" srcset=\"https:\/\/www.top-queens.co.uk\/wp-content\/uploads\/2025\/02\/2025021108340491.jpg 1000w, https:\/\/www.top-queens.co.uk\/wp-content\/uploads\/2025\/02\/2025021108340491-300x300.jpg 300w, https:\/\/www.top-queens.co.uk\/wp-content\/uploads\/2025\/02\/2025021108340491-150x150.jpg 150w, https:\/\/www.top-queens.co.uk\/wp-content\/uploads\/2025\/02\/2025021108340491-768x768.jpg 768w, https:\/\/www.top-queens.co.uk\/wp-content\/uploads\/2025\/02\/2025021108340491-600x600.jpg 600w, https:\/\/www.top-queens.co.uk\/wp-content\/uploads\/2025\/02\/2025021108340491-100x100.jpg 100w\" sizes=\"auto, (max-width: 1000px) 100vw, 1000px\" title=\"Personnalis\u00e9e de la mode et de l&#039;\u00e9l\u00e9gance Digne, noble dame, Une \u00e9paule de la feuille de Lotus bord de robe de mari\u00e9e\" alt=\"Customized fashion and elegance Dignified noblewoman One shoulder Lotus leaf edge wedding dress\" \/><\/p>\n<p><img loading=\"lazy\" decoding=\"async\" src=\"https:\/\/www.top-queens.co.uk\/wp-content\/uploads\/2025\/02\/2025021108341634.jpg\"  width=\"1000\" height=\"1000\" class=\"alignnone size-full wp-image-2261\" srcset=\"https:\/\/www.top-queens.co.uk\/wp-content\/uploads\/2025\/02\/2025021108341634.jpg 1000w, https:\/\/www.top-queens.co.uk\/wp-content\/uploads\/2025\/02\/2025021108341634-300x300.jpg 300w, https:\/\/www.top-queens.co.uk\/wp-content\/uploads\/2025\/02\/2025021108341634-150x150.jpg 150w, https:\/\/www.top-queens.co.uk\/wp-content\/uploads\/2025\/02\/2025021108341634-768x768.jpg 768w, https:\/\/www.top-queens.co.uk\/wp-content\/uploads\/2025\/02\/2025021108341634-600x600.jpg 600w, https:\/\/www.top-queens.co.uk\/wp-content\/uploads\/2025\/02\/2025021108341634-100x100.jpg 100w\" sizes=\"auto, (max-width: 1000px) 100vw, 1000px\" title=\"Personnalis\u00e9e de la mode et de l&#039;\u00e9l\u00e9gance Digne, noble dame, Une \u00e9paule de la feuille de Lotus bord de robe de mari\u00e9e\" alt=\"Customized fashion and elegance Dignified noblewoman One shoulder Lotus leaf edge wedding dress\" \/><\/p>\n<p><img loading=\"lazy\" decoding=\"async\" src=\"https:\/\/www.top-queens.co.uk\/wp-content\/uploads\/2025\/02\/2025021108342690.jpg\"  width=\"790\" height=\"1342\" class=\"alignnone size-full wp-image-2262\" srcset=\"https:\/\/www.top-queens.co.uk\/wp-content\/uploads\/2025\/02\/2025021108342690.jpg 790w, https:\/\/www.top-queens.co.uk\/wp-content\/uploads\/2025\/02\/2025021108342690-177x300.jpg 177w, https:\/\/www.top-queens.co.uk\/wp-content\/uploads\/2025\/02\/2025021108342690-603x1024.jpg 603w, https:\/\/www.top-queens.co.uk\/wp-content\/uploads\/2025\/02\/2025021108342690-768x1305.jpg 768w, https:\/\/www.top-queens.co.uk\/wp-content\/uploads\/2025\/02\/2025021108342690-600x1019.jpg 600w\" sizes=\"auto, (max-width: 790px) 100vw, 790px\" title=\"Personnalis\u00e9e de la mode et de l&#039;\u00e9l\u00e9gance Digne, noble dame, Une \u00e9paule de la feuille de Lotus bord de robe de mari\u00e9e\" alt=\"Customized fashion and elegance Dignified noblewoman One shoulder Lotus leaf edge wedding dress\" \/><\/p>\n<p><img loading=\"lazy\" decoding=\"async\" src=\"https:\/\/www.top-queens.co.uk\/wp-content\/uploads\/2025\/02\/202502110834313.jpg\"  width=\"790\" height=\"1093\" class=\"alignnone size-full wp-image-2263\" srcset=\"https:\/\/www.top-queens.co.uk\/wp-content\/uploads\/2025\/02\/202502110834313.jpg 790w, https:\/\/www.top-queens.co.uk\/wp-content\/uploads\/2025\/02\/202502110834313-217x300.jpg 217w, https:\/\/www.top-queens.co.uk\/wp-content\/uploads\/2025\/02\/202502110834313-740x1024.jpg 740w, https:\/\/www.top-queens.co.uk\/wp-content\/uploads\/2025\/02\/202502110834313-768x1063.jpg 768w, https:\/\/www.top-queens.co.uk\/wp-content\/uploads\/2025\/02\/202502110834313-600x830.jpg 600w\" sizes=\"auto, (max-width: 790px) 100vw, 790px\" title=\"Personnalis\u00e9e de la mode et de l&#039;\u00e9l\u00e9gance Digne, noble dame, Une \u00e9paule de la feuille de Lotus bord de robe de mari\u00e9e\" alt=\"Customized fashion and elegance Dignified noblewoman One shoulder Lotus leaf edge wedding dress\" \/><\/p>\n<p><img loading=\"lazy\" decoding=\"async\" src=\"https:\/\/www.top-queens.co.uk\/wp-content\/uploads\/2025\/02\/2025021108344386.jpg\"  width=\"1000\" height=\"1000\" class=\"alignnone size-full wp-image-2264\" srcset=\"https:\/\/www.top-queens.co.uk\/wp-content\/uploads\/2025\/02\/2025021108344386.jpg 1000w, https:\/\/www.top-queens.co.uk\/wp-content\/uploads\/2025\/02\/2025021108344386-300x300.jpg 300w, https:\/\/www.top-queens.co.uk\/wp-content\/uploads\/2025\/02\/2025021108344386-150x150.jpg 150w, https:\/\/www.top-queens.co.uk\/wp-content\/uploads\/2025\/02\/2025021108344386-768x768.jpg 768w, https:\/\/www.top-queens.co.uk\/wp-content\/uploads\/2025\/02\/2025021108344386-600x600.jpg 600w, https:\/\/www.top-queens.co.uk\/wp-content\/uploads\/2025\/02\/2025021108344386-100x100.jpg 100w\" sizes=\"auto, (max-width: 1000px) 100vw, 1000px\" title=\"Personnalis\u00e9e de la mode et de l&#039;\u00e9l\u00e9gance Digne, noble dame, Une \u00e9paule de la feuille de Lotus bord de robe de mari\u00e9e\" alt=\"Customized fashion and elegance Dignified noblewoman One shoulder Lotus leaf edge wedding dress\" \/><\/p>","protected":false},"excerpt":{"rendered":"","protected":false},"featured_media":2264,"comment_status":"closed","ping_status":"closed","template":"","meta":[],"product_cat":[15],"product_tag":[],"class_list":{"0":"post-2256","1":"product","2":"type-product","3":"status-publish","4":"has-post-thumbnail","6":"product_cat-wedding-dresses","8":"first","9":"instock","10":"sale","11":"shipping-taxable","12":"purchasable","13":"product-type-variable","14":"has-default-attributes"},"jetpack_sharing_enabled":true,"_links":{"self":[{"href":"https:\/\/www.top-queens.co.uk\/fr\/wp-json\/wp\/v2\/product\/2256","targetHints":{"allow":["GET"]}}],"collection":[{"href":"https:\/\/www.top-queens.co.uk\/fr\/wp-json\/wp\/v2\/product"}],"about":[{"href":"https:\/\/www.top-queens.co.uk\/fr\/wp-json\/wp\/v2\/types\/product"}],"replies":[{"embeddable":true,"href":"https:\/\/www.top-queens.co.uk\/fr\/wp-json\/wp\/v2\/comments?post=2256"}],"wp:featuredmedia":[{"embeddable":true,"href":"https:\/\/www.top-queens.co.uk\/fr\/wp-json\/wp\/v2\/media\/2264"}],"wp:attachment":[{"href":"https:\/\/www.top-queens.co.uk\/fr\/wp-json\/wp\/v2\/media?parent=2256"}],"wp:term":[{"taxonomy":"product_cat","embeddable":true,"href":"https:\/\/www.top-queens.co.uk\/fr\/wp-json\/wp\/v2\/product_cat?post=2256"},{"taxonomy":"product_tag","embeddable":true,"href":"https:\/\/www.top-queens.co.uk\/fr\/wp-json\/wp\/v2\/product_tag?post=2256"}],"curies":[{"name":"wp","href":"https:\/\/api.w.org\/{rel}","templated":true}]}}