{"id":2248,"date":"2025-02-11T08:31:22","date_gmt":"2025-02-11T08:31:22","guid":{"rendered":"https:\/\/www.top-queens.co.uk\/product\/2248.html"},"modified":"2025-02-11T08:31:23","modified_gmt":"2025-02-11T08:31:23","slug":"customized-korean-aristocratic-families-socialite-fashion-sweet-temperament-floral-embroidered-wedding-dress","status":"publish","type":"product","link":"https:\/\/www.top-queens.co.uk\/fr\/product\/2248.html","title":{"rendered":"Personnalis\u00e9 cor\u00e9en familles aristocratiques Mondain de la mode temp\u00e9rament Doux Floral Brod\u00e9 Robe de Mari\u00e9e"},"content":{"rendered":"<p><img loading=\"lazy\" decoding=\"async\" src=\"https:\/\/www.top-queens.co.uk\/wp-content\/uploads\/2025\/02\/2025021108290952.jpg\"  width=\"800\" height=\"800\" class=\"alignnone size-full wp-image-2249\" srcset=\"https:\/\/www.top-queens.co.uk\/wp-content\/uploads\/2025\/02\/2025021108290952.jpg 800w, https:\/\/www.top-queens.co.uk\/wp-content\/uploads\/2025\/02\/2025021108290952-300x300.jpg 300w, https:\/\/www.top-queens.co.uk\/wp-content\/uploads\/2025\/02\/2025021108290952-150x150.jpg 150w, https:\/\/www.top-queens.co.uk\/wp-content\/uploads\/2025\/02\/2025021108290952-768x768.jpg 768w, https:\/\/www.top-queens.co.uk\/wp-content\/uploads\/2025\/02\/2025021108290952-600x600.jpg 600w, https:\/\/www.top-queens.co.uk\/wp-content\/uploads\/2025\/02\/2025021108290952-100x100.jpg 100w\" sizes=\"auto, (max-width: 800px) 100vw, 800px\" title=\"Personnalis\u00e9 cor\u00e9en familles aristocratiques Mondain de la mode temp\u00e9rament Doux Floral Brod\u00e9 Robe de Mari\u00e9e\" alt=\"Customized Korean aristocratic families Socialite fashion Sweet temperament Floral Embroidered Wedding Dress\" \/><\/p>\n<p><img loading=\"lazy\" decoding=\"async\" src=\"https:\/\/www.top-queens.co.uk\/wp-content\/uploads\/2025\/02\/2025021108293487.jpg\"  width=\"750\" height=\"1039\" class=\"alignnone size-full wp-image-2250\" srcset=\"https:\/\/www.top-queens.co.uk\/wp-content\/uploads\/2025\/02\/2025021108293487.jpg 750w, https:\/\/www.top-queens.co.uk\/wp-content\/uploads\/2025\/02\/2025021108293487-217x300.jpg 217w, https:\/\/www.top-queens.co.uk\/wp-content\/uploads\/2025\/02\/2025021108293487-739x1024.jpg 739w, https:\/\/www.top-queens.co.uk\/wp-content\/uploads\/2025\/02\/2025021108293487-600x831.jpg 600w\" sizes=\"auto, (max-width: 750px) 100vw, 750px\" title=\"Personnalis\u00e9 cor\u00e9en familles aristocratiques Mondain de la mode temp\u00e9rament Doux Floral Brod\u00e9 Robe de Mari\u00e9e\" alt=\"Customized Korean aristocratic families Socialite fashion Sweet temperament Floral Embroidered Wedding Dress\" \/><\/p>\n<p><img loading=\"lazy\" decoding=\"async\" src=\"https:\/\/www.top-queens.co.uk\/wp-content\/uploads\/2025\/02\/2025021108293975.jpg\"  width=\"800\" height=\"800\" class=\"alignnone size-full wp-image-2251\" srcset=\"https:\/\/www.top-queens.co.uk\/wp-content\/uploads\/2025\/02\/2025021108293975.jpg 800w, https:\/\/www.top-queens.co.uk\/wp-content\/uploads\/2025\/02\/2025021108293975-300x300.jpg 300w, https:\/\/www.top-queens.co.uk\/wp-content\/uploads\/2025\/02\/2025021108293975-150x150.jpg 150w, https:\/\/www.top-queens.co.uk\/wp-content\/uploads\/2025\/02\/2025021108293975-768x768.jpg 768w, https:\/\/www.top-queens.co.uk\/wp-content\/uploads\/2025\/02\/2025021108293975-600x600.jpg 600w, https:\/\/www.top-queens.co.uk\/wp-content\/uploads\/2025\/02\/2025021108293975-100x100.jpg 100w\" sizes=\"auto, (max-width: 800px) 100vw, 800px\" title=\"Personnalis\u00e9 cor\u00e9en familles aristocratiques Mondain de la mode temp\u00e9rament Doux Floral Brod\u00e9 Robe de Mari\u00e9e\" alt=\"Customized Korean aristocratic families Socialite fashion Sweet temperament Floral Embroidered Wedding Dress\" \/><\/p>\n<p><img loading=\"lazy\" decoding=\"async\" src=\"https:\/\/www.top-queens.co.uk\/wp-content\/uploads\/2025\/02\/202502110829436.jpg\"  width=\"812\" height=\"812\" class=\"alignnone size-full wp-image-2252\" srcset=\"https:\/\/www.top-queens.co.uk\/wp-content\/uploads\/2025\/02\/202502110829436.jpg 812w, https:\/\/www.top-queens.co.uk\/wp-content\/uploads\/2025\/02\/202502110829436-300x300.jpg 300w, https:\/\/www.top-queens.co.uk\/wp-content\/uploads\/2025\/02\/202502110829436-150x150.jpg 150w, https:\/\/www.top-queens.co.uk\/wp-content\/uploads\/2025\/02\/202502110829436-768x768.jpg 768w, https:\/\/www.top-queens.co.uk\/wp-content\/uploads\/2025\/02\/202502110829436-600x600.jpg 600w, https:\/\/www.top-queens.co.uk\/wp-content\/uploads\/2025\/02\/202502110829436-100x100.jpg 100w\" sizes=\"auto, (max-width: 812px) 100vw, 812px\" title=\"Personnalis\u00e9 cor\u00e9en familles aristocratiques Mondain de la mode temp\u00e9rament Doux Floral Brod\u00e9 Robe de Mari\u00e9e\" alt=\"Customized Korean aristocratic families Socialite fashion Sweet temperament Floral Embroidered Wedding Dress\" \/><\/p>\n<p><img loading=\"lazy\" decoding=\"async\" src=\"https:\/\/www.top-queens.co.uk\/wp-content\/uploads\/2025\/02\/2025021108294777.jpg\"  width=\"800\" height=\"800\" class=\"alignnone size-full wp-image-2253\" srcset=\"https:\/\/www.top-queens.co.uk\/wp-content\/uploads\/2025\/02\/2025021108294777.jpg 800w, https:\/\/www.top-queens.co.uk\/wp-content\/uploads\/2025\/02\/2025021108294777-300x300.jpg 300w, https:\/\/www.top-queens.co.uk\/wp-content\/uploads\/2025\/02\/2025021108294777-150x150.jpg 150w, https:\/\/www.top-queens.co.uk\/wp-content\/uploads\/2025\/02\/2025021108294777-768x768.jpg 768w, https:\/\/www.top-queens.co.uk\/wp-content\/uploads\/2025\/02\/2025021108294777-600x600.jpg 600w, https:\/\/www.top-queens.co.uk\/wp-content\/uploads\/2025\/02\/2025021108294777-100x100.jpg 100w\" sizes=\"auto, (max-width: 800px) 100vw, 800px\" title=\"Personnalis\u00e9 cor\u00e9en familles aristocratiques Mondain de la mode temp\u00e9rament Doux Floral Brod\u00e9 Robe de Mari\u00e9e\" alt=\"Customized Korean aristocratic families Socialite fashion Sweet temperament Floral Embroidered Wedding Dress\" \/><\/p>\n<p><img loading=\"lazy\" decoding=\"async\" src=\"https:\/\/www.top-queens.co.uk\/wp-content\/uploads\/2025\/02\/2025021108295257.jpg\"  width=\"800\" height=\"800\" class=\"alignnone size-full wp-image-2254\" srcset=\"https:\/\/www.top-queens.co.uk\/wp-content\/uploads\/2025\/02\/2025021108295257.jpg 800w, https:\/\/www.top-queens.co.uk\/wp-content\/uploads\/2025\/02\/2025021108295257-300x300.jpg 300w, https:\/\/www.top-queens.co.uk\/wp-content\/uploads\/2025\/02\/2025021108295257-150x150.jpg 150w, https:\/\/www.top-queens.co.uk\/wp-content\/uploads\/2025\/02\/2025021108295257-768x768.jpg 768w, https:\/\/www.top-queens.co.uk\/wp-content\/uploads\/2025\/02\/2025021108295257-600x600.jpg 600w, https:\/\/www.top-queens.co.uk\/wp-content\/uploads\/2025\/02\/2025021108295257-100x100.jpg 100w\" sizes=\"auto, (max-width: 800px) 100vw, 800px\" title=\"Personnalis\u00e9 cor\u00e9en familles aristocratiques Mondain de la mode temp\u00e9rament Doux Floral Brod\u00e9 Robe de Mari\u00e9e\" alt=\"Customized Korean aristocratic families Socialite fashion Sweet temperament Floral Embroidered Wedding Dress\" \/><\/p>","protected":false},"excerpt":{"rendered":"","protected":false},"featured_media":2249,"comment_status":"closed","ping_status":"closed","template":"","meta":[],"product_cat":[34],"product_tag":[],"class_list":{"0":"post-2248","1":"product","2":"type-product","3":"status-publish","4":"has-post-thumbnail","6":"product_cat-column-wedding-dresses","8":"first","9":"instock","10":"sale","11":"shipping-taxable","12":"purchasable","13":"product-type-variable","14":"has-default-attributes"},"jetpack_sharing_enabled":true,"_links":{"self":[{"href":"https:\/\/www.top-queens.co.uk\/fr\/wp-json\/wp\/v2\/product\/2248","targetHints":{"allow":["GET"]}}],"collection":[{"href":"https:\/\/www.top-queens.co.uk\/fr\/wp-json\/wp\/v2\/product"}],"about":[{"href":"https:\/\/www.top-queens.co.uk\/fr\/wp-json\/wp\/v2\/types\/product"}],"replies":[{"embeddable":true,"href":"https:\/\/www.top-queens.co.uk\/fr\/wp-json\/wp\/v2\/comments?post=2248"}],"wp:featuredmedia":[{"embeddable":true,"href":"https:\/\/www.top-queens.co.uk\/fr\/wp-json\/wp\/v2\/media\/2249"}],"wp:attachment":[{"href":"https:\/\/www.top-queens.co.uk\/fr\/wp-json\/wp\/v2\/media?parent=2248"}],"wp:term":[{"taxonomy":"product_cat","embeddable":true,"href":"https:\/\/www.top-queens.co.uk\/fr\/wp-json\/wp\/v2\/product_cat?post=2248"},{"taxonomy":"product_tag","embeddable":true,"href":"https:\/\/www.top-queens.co.uk\/fr\/wp-json\/wp\/v2\/product_tag?post=2248"}],"curies":[{"name":"wp","href":"https:\/\/api.w.org\/{rel}","templated":true}]}}