{"id":2239,"date":"2025-02-11T08:27:12","date_gmt":"2025-02-11T08:27:12","guid":{"rendered":"https:\/\/www.top-queens.co.uk\/product\/2239.html"},"modified":"2025-02-11T08:27:12","modified_gmt":"2025-02-11T08:27:12","slug":"customized-sweet-japanese-and-korean-girl-temperament-flower-embroidery-aesthetic-niche-one-shoulder-wedding-dress","status":"publish","type":"product","link":"https:\/\/www.top-queens.co.uk\/fr\/product\/2239.html","title":{"rendered":"Personnalis\u00e9 doux Japonais et cor\u00e9en de fille Temp\u00e9rament Broderie de Fleur Esth\u00e9tique niche robe de mari\u00e9e une \u00e9paule"},"content":{"rendered":"<p><img loading=\"lazy\" decoding=\"async\" src=\"https:\/\/www.top-queens.co.uk\/wp-content\/uploads\/2025\/02\/2025021108250884.jpg\"  width=\"1284\" height=\"1710\" class=\"alignnone size-full wp-image-2246\" srcset=\"https:\/\/www.top-queens.co.uk\/wp-content\/uploads\/2025\/02\/2025021108250884.jpg 1284w, https:\/\/www.top-queens.co.uk\/wp-content\/uploads\/2025\/02\/2025021108250884-225x300.jpg 225w, https:\/\/www.top-queens.co.uk\/wp-content\/uploads\/2025\/02\/2025021108250884-769x1024.jpg 769w, https:\/\/www.top-queens.co.uk\/wp-content\/uploads\/2025\/02\/2025021108250884-768x1023.jpg 768w, https:\/\/www.top-queens.co.uk\/wp-content\/uploads\/2025\/02\/2025021108250884-1153x1536.jpg 1153w, https:\/\/www.top-queens.co.uk\/wp-content\/uploads\/2025\/02\/2025021108250884-600x799.jpg 600w\" sizes=\"auto, (max-width: 1284px) 100vw, 1284px\" title=\"Personnalis\u00e9 doux Japonais et cor\u00e9en de fille Temp\u00e9rament Broderie de Fleur Esth\u00e9tique niche robe de mari\u00e9e une \u00e9paule\" alt=\"Customized sweet Japanese and Korean girl Temperament Flower Embroidery Aesthetic niche one shoulder wedding dress\" \/><\/p>\n<p><img loading=\"lazy\" decoding=\"async\" src=\"https:\/\/www.top-queens.co.uk\/wp-content\/uploads\/2025\/02\/2025021108245715.jpg\"  width=\"1284\" height=\"1692\" class=\"alignnone size-full wp-image-2245\" srcset=\"https:\/\/www.top-queens.co.uk\/wp-content\/uploads\/2025\/02\/2025021108245715.jpg 1284w, https:\/\/www.top-queens.co.uk\/wp-content\/uploads\/2025\/02\/2025021108245715-228x300.jpg 228w, https:\/\/www.top-queens.co.uk\/wp-content\/uploads\/2025\/02\/2025021108245715-777x1024.jpg 777w, https:\/\/www.top-queens.co.uk\/wp-content\/uploads\/2025\/02\/2025021108245715-768x1012.jpg 768w, https:\/\/www.top-queens.co.uk\/wp-content\/uploads\/2025\/02\/2025021108245715-1166x1536.jpg 1166w, https:\/\/www.top-queens.co.uk\/wp-content\/uploads\/2025\/02\/2025021108245715-600x791.jpg 600w\" sizes=\"auto, (max-width: 1284px) 100vw, 1284px\" title=\"Personnalis\u00e9 doux Japonais et cor\u00e9en de fille Temp\u00e9rament Broderie de Fleur Esth\u00e9tique niche robe de mari\u00e9e une \u00e9paule\" alt=\"Customized sweet Japanese and Korean girl Temperament Flower Embroidery Aesthetic niche one shoulder wedding dress\" \/><\/p>\n<p><img loading=\"lazy\" decoding=\"async\" src=\"https:\/\/www.top-queens.co.uk\/wp-content\/uploads\/2025\/02\/2025021108244633.jpg\"  width=\"875\" height=\"875\" class=\"alignnone size-full wp-image-2244\" srcset=\"https:\/\/www.top-queens.co.uk\/wp-content\/uploads\/2025\/02\/2025021108244633.jpg 875w, https:\/\/www.top-queens.co.uk\/wp-content\/uploads\/2025\/02\/2025021108244633-300x300.jpg 300w, https:\/\/www.top-queens.co.uk\/wp-content\/uploads\/2025\/02\/2025021108244633-150x150.jpg 150w, https:\/\/www.top-queens.co.uk\/wp-content\/uploads\/2025\/02\/2025021108244633-768x768.jpg 768w, https:\/\/www.top-queens.co.uk\/wp-content\/uploads\/2025\/02\/2025021108244633-600x600.jpg 600w, https:\/\/www.top-queens.co.uk\/wp-content\/uploads\/2025\/02\/2025021108244633-100x100.jpg 100w\" sizes=\"auto, (max-width: 875px) 100vw, 875px\" title=\"Personnalis\u00e9 doux Japonais et cor\u00e9en de fille Temp\u00e9rament Broderie de Fleur Esth\u00e9tique niche robe de mari\u00e9e une \u00e9paule\" alt=\"Customized sweet Japanese and Korean girl Temperament Flower Embroidery Aesthetic niche one shoulder wedding dress\" \/><\/p>\n<p><img loading=\"lazy\" decoding=\"async\" src=\"https:\/\/www.top-queens.co.uk\/wp-content\/uploads\/2025\/02\/2025021108244285.jpg\"  width=\"875\" height=\"875\" class=\"alignnone size-full wp-image-2243\" srcset=\"https:\/\/www.top-queens.co.uk\/wp-content\/uploads\/2025\/02\/2025021108244285.jpg 875w, https:\/\/www.top-queens.co.uk\/wp-content\/uploads\/2025\/02\/2025021108244285-300x300.jpg 300w, https:\/\/www.top-queens.co.uk\/wp-content\/uploads\/2025\/02\/2025021108244285-150x150.jpg 150w, https:\/\/www.top-queens.co.uk\/wp-content\/uploads\/2025\/02\/2025021108244285-768x768.jpg 768w, https:\/\/www.top-queens.co.uk\/wp-content\/uploads\/2025\/02\/2025021108244285-600x600.jpg 600w, https:\/\/www.top-queens.co.uk\/wp-content\/uploads\/2025\/02\/2025021108244285-100x100.jpg 100w\" sizes=\"auto, (max-width: 875px) 100vw, 875px\" title=\"Personnalis\u00e9 doux Japonais et cor\u00e9en de fille Temp\u00e9rament Broderie de Fleur Esth\u00e9tique niche robe de mari\u00e9e une \u00e9paule\" alt=\"Customized sweet Japanese and Korean girl Temperament Flower Embroidery Aesthetic niche one shoulder wedding dress\" \/><\/p>\n<p><img loading=\"lazy\" decoding=\"async\" src=\"https:\/\/www.top-queens.co.uk\/wp-content\/uploads\/2025\/02\/2025021108243810.jpg\"  width=\"875\" height=\"875\" class=\"alignnone size-full wp-image-2242\" srcset=\"https:\/\/www.top-queens.co.uk\/wp-content\/uploads\/2025\/02\/2025021108243810.jpg 875w, https:\/\/www.top-queens.co.uk\/wp-content\/uploads\/2025\/02\/2025021108243810-300x300.jpg 300w, https:\/\/www.top-queens.co.uk\/wp-content\/uploads\/2025\/02\/2025021108243810-150x150.jpg 150w, https:\/\/www.top-queens.co.uk\/wp-content\/uploads\/2025\/02\/2025021108243810-768x768.jpg 768w, https:\/\/www.top-queens.co.uk\/wp-content\/uploads\/2025\/02\/2025021108243810-600x600.jpg 600w, https:\/\/www.top-queens.co.uk\/wp-content\/uploads\/2025\/02\/2025021108243810-100x100.jpg 100w\" sizes=\"auto, (max-width: 875px) 100vw, 875px\" title=\"Personnalis\u00e9 doux Japonais et cor\u00e9en de fille Temp\u00e9rament Broderie de Fleur Esth\u00e9tique niche robe de mari\u00e9e une \u00e9paule\" alt=\"Customized sweet Japanese and Korean girl Temperament Flower Embroidery Aesthetic niche one shoulder wedding dress\" \/><\/p>\n<p><img loading=\"lazy\" decoding=\"async\" src=\"https:\/\/www.top-queens.co.uk\/wp-content\/uploads\/2025\/02\/202502110824327.jpg\"  width=\"875\" height=\"875\" class=\"alignnone size-full wp-image-2241\" srcset=\"https:\/\/www.top-queens.co.uk\/wp-content\/uploads\/2025\/02\/202502110824327.jpg 875w, https:\/\/www.top-queens.co.uk\/wp-content\/uploads\/2025\/02\/202502110824327-300x300.jpg 300w, https:\/\/www.top-queens.co.uk\/wp-content\/uploads\/2025\/02\/202502110824327-150x150.jpg 150w, https:\/\/www.top-queens.co.uk\/wp-content\/uploads\/2025\/02\/202502110824327-768x768.jpg 768w, https:\/\/www.top-queens.co.uk\/wp-content\/uploads\/2025\/02\/202502110824327-600x600.jpg 600w, https:\/\/www.top-queens.co.uk\/wp-content\/uploads\/2025\/02\/202502110824327-100x100.jpg 100w\" sizes=\"auto, (max-width: 875px) 100vw, 875px\" title=\"Personnalis\u00e9 doux Japonais et cor\u00e9en de fille Temp\u00e9rament Broderie de Fleur Esth\u00e9tique niche robe de mari\u00e9e une \u00e9paule\" alt=\"Customized sweet Japanese and Korean girl Temperament Flower Embroidery Aesthetic niche one shoulder wedding dress\" \/><\/p>\n<p><img loading=\"lazy\" decoding=\"async\" src=\"https:\/\/www.top-queens.co.uk\/wp-content\/uploads\/2025\/02\/2025021108240227.jpg\"  width=\"1284\" height=\"1710\" class=\"alignnone size-full wp-image-2240\" srcset=\"https:\/\/www.top-queens.co.uk\/wp-content\/uploads\/2025\/02\/2025021108240227.jpg 1284w, https:\/\/www.top-queens.co.uk\/wp-content\/uploads\/2025\/02\/2025021108240227-225x300.jpg 225w, https:\/\/www.top-queens.co.uk\/wp-content\/uploads\/2025\/02\/2025021108240227-769x1024.jpg 769w, https:\/\/www.top-queens.co.uk\/wp-content\/uploads\/2025\/02\/2025021108240227-768x1023.jpg 768w, https:\/\/www.top-queens.co.uk\/wp-content\/uploads\/2025\/02\/2025021108240227-1153x1536.jpg 1153w, https:\/\/www.top-queens.co.uk\/wp-content\/uploads\/2025\/02\/2025021108240227-600x799.jpg 600w\" sizes=\"auto, (max-width: 1284px) 100vw, 1284px\" title=\"Personnalis\u00e9 doux Japonais et cor\u00e9en de fille Temp\u00e9rament Broderie de Fleur Esth\u00e9tique niche robe de mari\u00e9e une \u00e9paule\" alt=\"Customized sweet Japanese and Korean girl Temperament Flower Embroidery Aesthetic niche one shoulder wedding dress\" \/><\/p>","protected":false},"excerpt":{"rendered":"","protected":false},"featured_media":2240,"comment_status":"closed","ping_status":"closed","template":"","meta":[],"product_cat":[18],"product_tag":[],"class_list":{"0":"post-2239","1":"product","2":"type-product","3":"status-publish","4":"has-post-thumbnail","6":"product_cat-a-line-wedding-dresses","8":"first","9":"instock","10":"sale","11":"shipping-taxable","12":"purchasable","13":"product-type-variable","14":"has-default-attributes"},"jetpack_sharing_enabled":true,"_links":{"self":[{"href":"https:\/\/www.top-queens.co.uk\/fr\/wp-json\/wp\/v2\/product\/2239","targetHints":{"allow":["GET"]}}],"collection":[{"href":"https:\/\/www.top-queens.co.uk\/fr\/wp-json\/wp\/v2\/product"}],"about":[{"href":"https:\/\/www.top-queens.co.uk\/fr\/wp-json\/wp\/v2\/types\/product"}],"replies":[{"embeddable":true,"href":"https:\/\/www.top-queens.co.uk\/fr\/wp-json\/wp\/v2\/comments?post=2239"}],"wp:featuredmedia":[{"embeddable":true,"href":"https:\/\/www.top-queens.co.uk\/fr\/wp-json\/wp\/v2\/media\/2240"}],"wp:attachment":[{"href":"https:\/\/www.top-queens.co.uk\/fr\/wp-json\/wp\/v2\/media?parent=2239"}],"wp:term":[{"taxonomy":"product_cat","embeddable":true,"href":"https:\/\/www.top-queens.co.uk\/fr\/wp-json\/wp\/v2\/product_cat?post=2239"},{"taxonomy":"product_tag","embeddable":true,"href":"https:\/\/www.top-queens.co.uk\/fr\/wp-json\/wp\/v2\/product_tag?post=2239"}],"curies":[{"name":"wp","href":"https:\/\/api.w.org\/{rel}","templated":true}]}}