{"id":8,"date":"2024-07-22T11:21:53","date_gmt":"2024-07-22T10:21:53","guid":{"rendered":"https:\/\/www.top-queens.co.uk\/?page_id=8"},"modified":"2024-07-22T12:57:58","modified_gmt":"2024-07-22T11:57:58","slug":"basket","status":"publish","type":"page","link":"https:\/\/www.top-queens.co.uk\/fr\/basket\/","title":{"rendered":"Panier"},"content":{"rendered":"<div data-block-name=\"woocommerce\/cart\" class=\"wp-block-woocommerce-cart alignwide is-loading\"><div data-block-name=\"woocommerce\/filled-cart-block\" class=\"wp-block-woocommerce-filled-cart-block\"><div data-block-name=\"woocommerce\/cart-items-block\" class=\"wp-block-woocommerce-cart-items-block\"><div data-block-name=\"woocommerce\/cart-line-items-block\" class=\"wp-block-woocommerce-cart-line-items-block\"><\/div>\n\n<div data-block-name=\"woocommerce\/cart-cross-sells-block\" class=\"wp-block-woocommerce-cart-cross-sells-block\">\n<h2 class=\"wp-block-heading has-large-font-size\">You may be interested in\u2026<\/h2>\n\n\n<div data-block-name=\"woocommerce\/cart-cross-sells-products-block\" class=\"wp-block-woocommerce-cart-cross-sells-products-block\"><\/div><\/div><\/div>\n\n<div data-block-name=\"woocommerce\/cart-totals-block\" class=\"wp-block-woocommerce-cart-totals-block\"><div data-block-name=\"woocommerce\/cart-order-summary-block\" class=\"wp-block-woocommerce-cart-order-summary-block\"><div data-block-name=\"woocommerce\/cart-order-summary-heading-block\" class=\"wp-block-woocommerce-cart-order-summary-heading-block\"><\/div><div data-block-name=\"woocommerce\/cart-order-summary-coupon-form-block\" class=\"wp-block-woocommerce-cart-order-summary-coupon-form-block\"><\/div><div data-block-name=\"woocommerce\/cart-order-summary-totals-block\" class=\"wp-block-woocommerce-cart-order-summary-totals-block\">\n<div data-block-name=\"woocommerce\/cart-order-summary-subtotal-block\" class=\"wp-block-woocommerce-cart-order-summary-subtotal-block\"><\/div>\n<div data-block-name=\"woocommerce\/cart-order-summary-discount-block\" class=\"wp-block-woocommerce-cart-order-summary-discount-block\"><\/div>\n<div data-block-name=\"woocommerce\/cart-order-summary-fee-block\" class=\"wp-block-woocommerce-cart-order-summary-fee-block\"><\/div>\n<div data-block-name=\"woocommerce\/cart-order-summary-shipping-block\" class=\"wp-block-woocommerce-cart-order-summary-shipping-block\"><\/div>\n<div data-block-name=\"woocommerce\/cart-order-summary-taxes-block\" class=\"wp-block-woocommerce-cart-order-summary-taxes-block\"><\/div><\/div><\/div>\n\n<div data-block-name=\"woocommerce\/cart-express-payment-block\" class=\"wp-block-woocommerce-cart-express-payment-block\"><\/div>\n\n<div data-block-name=\"woocommerce\/proceed-to-checkout-block\" class=\"wp-block-woocommerce-proceed-to-checkout-block\"><\/div>\n\n<div data-block-name=\"woocommerce\/cart-accepted-payment-methods-block\" class=\"wp-block-woocommerce-cart-accepted-payment-methods-block\"><\/div><\/div><\/div>\n\n<div data-block-name=\"woocommerce\/empty-cart-block\" class=\"wp-block-woocommerce-empty-cart-block\">\n<h2 class=\"wp-block-heading has-text-align-center with-empty-cart-icon wc-block-cart__empty-cart__title\">Your basket is currently empty!<\/h2>\n\n\n\n<hr class=\"wp-block-separator has-alpha-channel-opacity is-style-dots\"\/>\n\n\n\n<h2 class=\"wp-block-heading has-text-align-center\">New in store<\/h2>\n\n\n<div data-block-name=\"woocommerce\/product-new\" data-columns=\"4\" data-rows=\"1\" class=\"wc-block-grid wp-block-product-new wc-block-product-new has-4-columns\"><ul class=\"wc-block-grid__products\"><li class=\"wc-block-grid__product\">\n\t\t\t\t<a href=\"https:\/\/www.top-queens.co.uk\/fr\/product\/2373.html\" class=\"wc-block-grid__product-link\">\n\t\t\t\t\t<div class=\"wc-block-grid__product-onsale\">\n\t\t\t<span aria-hidden=\"true\" data-no-translation=\"\" data-trp-gettext=\"\">Sale<\/span>\n\t\t\t<span class=\"screen-reader-text\" data-no-translation=\"\" data-trp-gettext=\"\">Product on sale<\/span>\n\t\t<\/div>\n\t\t\t\t\t<div class=\"wc-block-grid__product-image\"><img loading=\"lazy\" decoding=\"async\" width=\"300\" height=\"300\" src=\"https:\/\/www.top-queens.co.uk\/wp-content\/uploads\/2025\/02\/2025021109435566-300x300.jpg\" class=\"attachment-woocommerce_thumbnail size-woocommerce_thumbnail\" srcset=\"https:\/\/www.top-queens.co.uk\/wp-content\/uploads\/2025\/02\/2025021109435566-300x300.jpg 300w, https:\/\/www.top-queens.co.uk\/wp-content\/uploads\/2025\/02\/2025021109435566-1024x1024.jpg 1024w, https:\/\/www.top-queens.co.uk\/wp-content\/uploads\/2025\/02\/2025021109435566-150x150.jpg 150w, https:\/\/www.top-queens.co.uk\/wp-content\/uploads\/2025\/02\/2025021109435566-768x768.jpg 768w, https:\/\/www.top-queens.co.uk\/wp-content\/uploads\/2025\/02\/2025021109435566-600x600.jpg 600w, https:\/\/www.top-queens.co.uk\/wp-content\/uploads\/2025\/02\/2025021109435566-100x100.jpg 100w, https:\/\/www.top-queens.co.uk\/wp-content\/uploads\/2025\/02\/2025021109435566.jpg 1200w\" sizes=\"auto, (max-width: 300px) 100vw, 300px\" title=\"Panier\" alt=\"Basket\" \/><\/div>\n\t\t\t\t\t<div class=\"wc-block-grid__product-title\">Options de personnalisation avanc\u00e9es, de nouvelles Chinois r\u00e9tro style \u00c9l\u00e9gant et luxueux de la Dentelle cheongsam engagement de la robe de mari\u00e9e<\/div>\n\t\t\t\t<\/a>\n\t\t\t\t<div class=\"wc-block-grid__product-price price\"><del aria-hidden=\"true\"><span class=\"woocommerce-Price-amount amount\"><span class=\"woocommerce-Price-currencySymbol\">\u00a3<\/span>920.00<\/span><\/del> <span class=\"screen-reader-text\" data-no-translation=\"\" data-trp-gettext=\"\">Prix d&#039;origine \u00e9tait: &pound;920.00.<\/span><ins aria-hidden=\"true\"><span class=\"woocommerce-Price-amount amount\"><span class=\"woocommerce-Price-currencySymbol\">\u00a3<\/span>620.00<\/span><\/ins><span class=\"screen-reader-text\" data-no-translation=\"\" data-trp-gettext=\"\">Prix actuel est: &pound;620.00.<\/span><\/div>\n\t\t\t\t\n\t\t\t\t<div class=\"wp-block-button wc-block-grid__product-add-to-cart\"><a href=\"https:\/\/www.top-queens.co.uk\/fr\/product\/2373.html\" aria-label=\"S\u00e9lectionnez les options pour \u201cAdvanced customization, new Chinese retro style Elegant and luxurious Lace cheongsam engagement wedding dress\u201d\" data-quantity=\"1\" data-product_id=\"2373\" data-product_sku=\"\" data-price=\"620\" rel=\"nofollow\" class=\"wp-block-button__link  add_to_cart_button\" data-no-translation=\"\" data-trp-gettext=\"\" data-no-translation-aria-label=\"\">S\u00e9lectionnez options<\/a><\/div>\n\t\t\t<\/li><li class=\"wc-block-grid__product\">\n\t\t\t\t<a href=\"https:\/\/www.top-queens.co.uk\/fr\/product\/2361.html\" class=\"wc-block-grid__product-link\">\n\t\t\t\t\t<div class=\"wc-block-grid__product-onsale\">\n\t\t\t<span aria-hidden=\"true\" data-no-translation=\"\" data-trp-gettext=\"\">Sale<\/span>\n\t\t\t<span class=\"screen-reader-text\" data-no-translation=\"\" data-trp-gettext=\"\">Product on sale<\/span>\n\t\t<\/div>\n\t\t\t\t\t<div class=\"wc-block-grid__product-image\"><img loading=\"lazy\" decoding=\"async\" width=\"300\" height=\"300\" src=\"https:\/\/www.top-queens.co.uk\/wp-content\/uploads\/2025\/02\/2025021109340717-300x300.jpg\" class=\"attachment-woocommerce_thumbnail size-woocommerce_thumbnail\" srcset=\"https:\/\/www.top-queens.co.uk\/wp-content\/uploads\/2025\/02\/2025021109340717-300x300.jpg 300w, https:\/\/www.top-queens.co.uk\/wp-content\/uploads\/2025\/02\/2025021109340717-150x150.jpg 150w, https:\/\/www.top-queens.co.uk\/wp-content\/uploads\/2025\/02\/2025021109340717-100x100.jpg 100w\" sizes=\"auto, (max-width: 300px) 100vw, 300px\" title=\"Panier\" alt=\"Basket\" \/><\/div>\n\t\t\t\t\t<div class=\"wc-block-grid__product-title\">Personnalisation avanc\u00e9e Britannique noble \u00c9l\u00e9gant Hepburn style en Trois dimensions de p\u00e9tales de Dentelle de fuite robe de mari\u00e9e<\/div>\n\t\t\t\t<\/a>\n\t\t\t\t<div class=\"wc-block-grid__product-price price\"><del aria-hidden=\"true\"><span class=\"woocommerce-Price-amount amount\"><span class=\"woocommerce-Price-currencySymbol\">\u00a3<\/span>1,300.00<\/span><\/del> <span class=\"screen-reader-text\" data-no-translation=\"\" data-trp-gettext=\"\">Prix d&#039;origine \u00e9tait: &pound;1,300.00.<\/span><ins aria-hidden=\"true\"><span class=\"woocommerce-Price-amount amount\"><span class=\"woocommerce-Price-currencySymbol\">\u00a3<\/span>800.00<\/span><\/ins><span class=\"screen-reader-text\" data-no-translation=\"\" data-trp-gettext=\"\">Prix actuel est: &pound;800.00.<\/span><\/div>\n\t\t\t\t\n\t\t\t\t<div class=\"wp-block-button wc-block-grid__product-add-to-cart\"><a href=\"https:\/\/www.top-queens.co.uk\/fr\/product\/2361.html\" aria-label=\"S\u00e9lectionnez les options pour \u201cAdvanced customization British noblewoman Elegant Hepburn style Three-dimensional petal Lace trailing wedding dress\u201d\" data-quantity=\"1\" data-product_id=\"2361\" data-product_sku=\"\" data-price=\"800\" rel=\"nofollow\" class=\"wp-block-button__link  add_to_cart_button\" data-no-translation=\"\" data-trp-gettext=\"\" data-no-translation-aria-label=\"\">S\u00e9lectionnez options<\/a><\/div>\n\t\t\t<\/li><li class=\"wc-block-grid__product\">\n\t\t\t\t<a href=\"https:\/\/www.top-queens.co.uk\/fr\/product\/2353.html\" class=\"wc-block-grid__product-link\">\n\t\t\t\t\t<div class=\"wc-block-grid__product-onsale\">\n\t\t\t<span aria-hidden=\"true\" data-no-translation=\"\" data-trp-gettext=\"\">Sale<\/span>\n\t\t\t<span class=\"screen-reader-text\" data-no-translation=\"\" data-trp-gettext=\"\">Product on sale<\/span>\n\t\t<\/div>\n\t\t\t\t\t<div class=\"wc-block-grid__product-image\"><img loading=\"lazy\" decoding=\"async\" width=\"300\" height=\"300\" src=\"https:\/\/www.top-queens.co.uk\/wp-content\/uploads\/2025\/02\/2025021109284140-300x300.jpg\" class=\"attachment-woocommerce_thumbnail size-woocommerce_thumbnail\" srcset=\"https:\/\/www.top-queens.co.uk\/wp-content\/uploads\/2025\/02\/2025021109284140-300x300.jpg 300w, https:\/\/www.top-queens.co.uk\/wp-content\/uploads\/2025\/02\/2025021109284140-150x150.jpg 150w, https:\/\/www.top-queens.co.uk\/wp-content\/uploads\/2025\/02\/2025021109284140-768x768.jpg 768w, https:\/\/www.top-queens.co.uk\/wp-content\/uploads\/2025\/02\/2025021109284140-600x600.jpg 600w, https:\/\/www.top-queens.co.uk\/wp-content\/uploads\/2025\/02\/2025021109284140-100x100.jpg 100w, https:\/\/www.top-queens.co.uk\/wp-content\/uploads\/2025\/02\/2025021109284140.jpg 800w\" sizes=\"auto, (max-width: 300px) 100vw, 300px\" title=\"Panier\" alt=\"Basket\" \/><\/div>\n\t\t\t\t\t<div class=\"wc-block-grid__product-title\">Haut de gamme personnalis\u00e9 cor\u00e9en Miss temp\u00e9rament de Niche de luxe en satin mousseline de soie Sexy robe de mari\u00e9e bustier<\/div>\n\t\t\t\t<\/a>\n\t\t\t\t<div class=\"wc-block-grid__product-price price\"><del aria-hidden=\"true\"><span class=\"woocommerce-Price-amount amount\"><span class=\"woocommerce-Price-currencySymbol\">\u00a3<\/span>888.00<\/span><\/del> <span class=\"screen-reader-text\" data-no-translation=\"\" data-trp-gettext=\"\">Prix d&#039;origine \u00e9tait: &pound;888.00.<\/span><ins aria-hidden=\"true\"><span class=\"woocommerce-Price-amount amount\"><span class=\"woocommerce-Price-currencySymbol\">\u00a3<\/span>388.00<\/span><\/ins><span class=\"screen-reader-text\" data-no-translation=\"\" data-trp-gettext=\"\">Prix actuel est: &pound;388.00.<\/span><\/div>\n\t\t\t\t\n\t\t\t\t<div class=\"wp-block-button wc-block-grid__product-add-to-cart\"><a href=\"https:\/\/www.top-queens.co.uk\/fr\/product\/2353.html\" aria-label=\"S\u00e9lectionnez les options pour \u201cHigh end customized Korean Miss temperament Niche luxury satin chiffon Sexy strapless wedding dress\u201d\" data-quantity=\"1\" data-product_id=\"2353\" data-product_sku=\"\" data-price=\"388\" rel=\"nofollow\" class=\"wp-block-button__link  add_to_cart_button\" data-no-translation=\"\" data-trp-gettext=\"\" data-no-translation-aria-label=\"\">S\u00e9lectionnez options<\/a><\/div>\n\t\t\t<\/li><li class=\"wc-block-grid__product\">\n\t\t\t\t<a href=\"https:\/\/www.top-queens.co.uk\/fr\/product\/2345.html\" class=\"wc-block-grid__product-link\">\n\t\t\t\t\t<div class=\"wc-block-grid__product-onsale\">\n\t\t\t<span aria-hidden=\"true\" data-no-translation=\"\" data-trp-gettext=\"\">Sale<\/span>\n\t\t\t<span class=\"screen-reader-text\" data-no-translation=\"\" data-trp-gettext=\"\">Product on sale<\/span>\n\t\t<\/div>\n\t\t\t\t\t<div class=\"wc-block-grid__product-image\"><img loading=\"lazy\" decoding=\"async\" width=\"300\" height=\"300\" src=\"https:\/\/www.top-queens.co.uk\/wp-content\/uploads\/2025\/02\/2025021109240820-300x300.jpg\" class=\"attachment-woocommerce_thumbnail size-woocommerce_thumbnail\" srcset=\"https:\/\/www.top-queens.co.uk\/wp-content\/uploads\/2025\/02\/2025021109240820-300x300.jpg 300w, https:\/\/www.top-queens.co.uk\/wp-content\/uploads\/2025\/02\/2025021109240820-150x150.jpg 150w, https:\/\/www.top-queens.co.uk\/wp-content\/uploads\/2025\/02\/2025021109240820-768x768.jpg 768w, https:\/\/www.top-queens.co.uk\/wp-content\/uploads\/2025\/02\/2025021109240820-600x600.jpg 600w, https:\/\/www.top-queens.co.uk\/wp-content\/uploads\/2025\/02\/2025021109240820-100x100.jpg 100w, https:\/\/www.top-queens.co.uk\/wp-content\/uploads\/2025\/02\/2025021109240820.jpg 800w\" sizes=\"auto, (max-width: 300px) 100vw, 300px\" title=\"Panier\" alt=\"Basket\" \/><\/div>\n\t\t\t\t\t<div class=\"wc-block-grid__product-title\">Personnalisation avanc\u00e9e Subtil et doux R\u00eaveur de F\u00e9e, Princesse de luxe Dentelle de broderie robe de mari\u00e9e bustier<\/div>\n\t\t\t\t<\/a>\n\t\t\t\t<div class=\"wc-block-grid__product-price price\"><del aria-hidden=\"true\"><span class=\"woocommerce-Price-amount amount\"><span class=\"woocommerce-Price-currencySymbol\">\u00a3<\/span>799.00<\/span><\/del> <span class=\"screen-reader-text\" data-no-translation=\"\" data-trp-gettext=\"\">Prix d&#039;origine \u00e9tait: &pound;799.00.<\/span><ins aria-hidden=\"true\"><span class=\"woocommerce-Price-amount amount\"><span class=\"woocommerce-Price-currencySymbol\">\u00a3<\/span>499.00<\/span><\/ins><span class=\"screen-reader-text\" data-no-translation=\"\" data-trp-gettext=\"\">Prix actuel est: &pound;499.00.<\/span><\/div>\n\t\t\t\t\n\t\t\t\t<div class=\"wp-block-button wc-block-grid__product-add-to-cart\"><a href=\"https:\/\/www.top-queens.co.uk\/fr\/product\/2345.html\" aria-label=\"S\u00e9lectionnez les options pour \u201cAdvanced customization Subtle and sweet Dreamy Fairy Princess luxury Lace embroidery strapless wedding dress\u201d\" data-quantity=\"1\" data-product_id=\"2345\" data-product_sku=\"\" data-price=\"499\" rel=\"nofollow\" class=\"wp-block-button__link  add_to_cart_button\" data-no-translation=\"\" data-trp-gettext=\"\" data-no-translation-aria-label=\"\">S\u00e9lectionnez options<\/a><\/div>\n\t\t\t<\/li><\/ul><\/div><\/div><\/div>","protected":false},"excerpt":{"rendered":"","protected":false},"author":1,"featured_media":0,"parent":0,"menu_order":0,"comment_status":"closed","ping_status":"closed","template":"","meta":{"footnotes":""},"class_list":["post-8","page","type-page","status-publish","hentry"],"jetpack_sharing_enabled":true,"_links":{"self":[{"href":"https:\/\/www.top-queens.co.uk\/fr\/wp-json\/wp\/v2\/pages\/8","targetHints":{"allow":["GET"]}}],"collection":[{"href":"https:\/\/www.top-queens.co.uk\/fr\/wp-json\/wp\/v2\/pages"}],"about":[{"href":"https:\/\/www.top-queens.co.uk\/fr\/wp-json\/wp\/v2\/types\/page"}],"author":[{"embeddable":true,"href":"https:\/\/www.top-queens.co.uk\/fr\/wp-json\/wp\/v2\/users\/1"}],"replies":[{"embeddable":true,"href":"https:\/\/www.top-queens.co.uk\/fr\/wp-json\/wp\/v2\/comments?post=8"}],"version-history":[{"count":1,"href":"https:\/\/www.top-queens.co.uk\/fr\/wp-json\/wp\/v2\/pages\/8\/revisions"}],"predecessor-version":[{"id":70,"href":"https:\/\/www.top-queens.co.uk\/fr\/wp-json\/wp\/v2\/pages\/8\/revisions\/70"}],"wp:attachment":[{"href":"https:\/\/www.top-queens.co.uk\/fr\/wp-json\/wp\/v2\/media?parent=8"}],"curies":[{"name":"wp","href":"https:\/\/api.w.org\/{rel}","templated":true}]}}